{"id":8997,"date":"2016-11-18T15:14:17","date_gmt":"2016-11-18T20:14:17","guid":{"rendered":"http:\/\/52.229.122.34\/fr\/?page_id=8997"},"modified":"2016-11-18T15:14:17","modified_gmt":"2016-11-18T20:14:17","slug":"preeclampsie","status":"publish","type":"page","link":"https:\/\/www.ottawahospital.on.ca\/fr\/services-cliniques\/deptpgrmcs\/cliniques-et-services\/clinique-de-sante-du-placenta\/preeclampsie\/","title":{"rendered":"Pr\u00e9\u00e9clampsie"},"content":{"rendered":"<h2>Qu\u2019est-ce que la pr\u00e9\u00e9clampsie?<\/h2>\n<p>La pr\u00e9\u00e9clampsie, dans sa forme la plus grave, se pr\u00e9sente chez 3\u00a0\u00e0 5\u00a0% de toutes les femmes enceintes. Elle appara\u00eet seulement apr\u00e8s la 20e semaine de grossesse, mais elle peut se manifester de la 20e \u00e0 la 34e semaine (forme grave). Occasionnellement, une forme l\u00e9g\u00e8re de pr\u00e9\u00e9clampsie peut se produire au moment de l\u2019accouchement. Notre clinique prend en charge les formes graves de pr\u00e9\u00e9clampsie. La cause exacte de la pr\u00e9\u00e9clampsie n\u2019est pas tout \u00e0 fait claire, mais les experts s\u2019entendent pour dire qu\u2019elle d\u00e9coule d\u2019un d\u00e9veloppement anormal du placenta aux tout premiers stades de la grossesse.<\/p>\n<h2>Quels sont les facteurs de risque?<\/h2>\n<ul>\n<li>Avoir plus de 40 ans ou moins de 18 ans pendant la grossesse<\/li>\n<li>Jumeaux, triplets, etc.<\/li>\n<li>Ant\u00e9c\u00e9dents familiaux de pr\u00e9\u00e9clampsie<\/li>\n<li>Premi\u00e8re grossesse<\/li>\n<li>Pr\u00e9\u00e9clampsie lors d\u2019une grossesse ant\u00e9rieure<\/li>\n<li>Diab\u00e8te<\/li>\n<li>Hypertension art\u00e9rielle ou maladie r\u00e9nale pr\u00e9existantes<\/li>\n<li>Embonpoint avant la grossesse<\/li>\n<li>Maladies auto-immunes comme le lupus<\/li>\n<li>An\u00e9mie \u00e0 cellules falciformes (dr\u00e9panocytose)<\/li>\n<li>Syndrome des ovaires polykystiques<\/li>\n<li>P\u00e8re de l\u2019enfant est un nouveau partenaire<\/li>\n<li>F\u00e9condation in vitro<\/li>\n<li>Long intervalle depuis la derni\u00e8re grossesse<\/li>\n<\/ul>\n<h2>Peut-on pr\u00e9dire la pr\u00e9\u00e9clampsie?<\/h2>\n<p>Selon les \u00e9tudes, l\u2019\u00e9valuation de la circulation du sang dans les art\u00e8res qui alimentent l\u2019ut\u00e9rus peut aider \u00e0 pr\u00e9dire le risque de pr\u00e9\u00e9clampsie.<\/p>\n<p>De plus, nous recommandons fortement aux femmes de subir un d\u00e9pistage pr\u00e9natal int\u00e9gr\u00e9. Cet examen consiste \u00e0 mesurer l\u2019\u00e9paisseur de la peau de la nuque du b\u00e9b\u00e9 entre 11\u00a0et 14\u00a0semaines, suivi d\u2019une analyse sanguine pour mesurer le taux de diff\u00e9rentes prot\u00e9ines pr\u00e9sentes dans le sang de la m\u00e8re. Ce d\u00e9pistage vise \u00e0 \u00e9valuer le risque que le b\u00e9b\u00e9 soit atteint du syndrome de Down (anomalie des chromosomes) ou de spina-bifida (anomalie de la colonne vert\u00e9brale du b\u00e9b\u00e9 qui est partiellement ouverte). On sait aujourd\u2019hui que certains r\u00e9sultats obtenus par cette m\u00e9thode de d\u00e9pistage peuvent aussi nous aider \u00e0 pr\u00e9dire le risque de pr\u00e9\u00e9clampsie.<\/p>\n<h2>Quels sont les sympt\u00f4mes?<\/h2>\n<ul>\n<li>Hypertension art\u00e9rielle<\/li>\n<li>Prot\u00e9ines dans l\u2019urine<\/li>\n<li>Maux de t\u00eate<\/li>\n<li>Douleur abdominale<\/li>\n<li>Probl\u00e8mes visuels<\/li>\n<li>Naus\u00e9es et vomissements graves<\/li>\n<\/ul>\n<h2>Quelles sont les complications?<\/h2>\n<p>Tout se passe bien pour la plupart des m\u00e8res et des b\u00e9b\u00e9s. Dans les cas graves, la pr\u00e9\u00e9clampsie peut entra\u00eener des complications graves. Les complications suivantes risquent davantage de se produire si la pr\u00e9\u00e9clampsie se manifeste au d\u00e9but de la grossesse (avant 34\u00a0semaines)\u00a0:<\/p>\n<ul>\n<li>\u00e9clampsie (d\u00e9finie par la pr\u00e9sence de convulsions)<\/li>\n<li>d\u00e9collement placentaire (le placenta se s\u00e9pare de la paroi de l\u2019ut\u00e9rus et un saignement interne se produit \u00e0 l\u2019endroit o\u00f9 il \u00e9tait attach\u00e9. Le saignement peut \u00eatre dangereux pour la m\u00e8re et le b\u00e9b\u00e9)<\/li>\n<li>probl\u00e8me de croissance du f\u0153tus dans l\u2019ut\u00e9rus (appel\u00e9 retard de croissance intra-ut\u00e9rin)<\/li>\n<li>syndrome HELLP (complication rare caract\u00e9ris\u00e9e par une faible num\u00e9ration des globules du sang de la m\u00e8re, y compris de la num\u00e9ration des plaquettes responsables de la coagulation du sang et par des r\u00e9sultats anormaux au test de la fonction du foie).<\/li>\n<\/ul>\n<h2>Comment d\u00e9tecte-t-on la pr\u00e9\u00e9clampsie?<\/h2>\n<p>Nous utilisons des crit\u00e8res tr\u00e8s stricts pour poser un diagnostic de pr\u00e9\u00e9clampsie. La pr\u00e9sence d\u2019hypertension art\u00e9rielle est un premier crit\u00e8re, mais d\u2019autres examens peuvent \u00eatre effectu\u00e9s, notamment\u00a0:<\/p>\n<ul>\n<li>une analyse d\u2019urine pour d\u00e9tecter la pr\u00e9sence de prot\u00e9ines dans l\u2019urine (prot\u00e9inurie)<\/li>\n<li>des analyses de sang pour v\u00e9rifier la fonction du foie et des reins<\/li>\n<li>des analyses de sang pour \u00e9valuer l\u2019h\u00e9moglobine (globules rouges du sang) et les plaquettes.<\/li>\n<\/ul>\n<h2>Quel est le r\u00f4le de l\u2019\u00e9chographie?<\/h2>\n<p>L\u2019\u00e9chographie joue un r\u00f4le important dans vos soins. Elle permet de v\u00e9rifier la circulation sanguine du b\u00e9b\u00e9 et la circulation du sang dans le cordon ombilical. L\u2019\u00e9chographie permet \u00e9galement de v\u00e9rifier le bien-\u00eatre et la bonne croissance du b\u00e9b\u00e9.<\/p>\n<h2>Quels sont les traitements disponibles?<\/h2>\n<p>Il faut souvent prendre des m\u00e9dicaments pour contr\u00f4ler l\u2019hypertension art\u00e9rielle. Ces m\u00e9dicaments sont administr\u00e9s par voie orale ou intraveineuse, selon la situation. Les m\u00e9dicaments peuvent seulement contr\u00f4ler l\u2019hypertension et ne permettent pas de gu\u00e9rir la pr\u00e9\u00e9clampsie.<\/p>\n<p>Le seul traitement efficace de la pr\u00e9\u00e9clampsie est l\u2019accouchement, mais cette option n\u2019est pas toujours imm\u00e9diatement possible. Une \u00e9quipe d\u2019experts doit donc surveiller de pr\u00e8s le moment de l\u2019accouchement et \u00e9valuer tous les tests de la m\u00e8re, ceux du b\u00e9b\u00e9 \u00e0 na\u00eetre, les sympt\u00f4mes et la tension art\u00e9rielle de la m\u00e8re. On pourrait vous donner du sulfate de magn\u00e9sium pendant votre hospitalisation pour aider \u00e0 pr\u00e9venir les crises convulsives.<\/p>\n<p>Si vous allez accoucher avant 34\u00a0semaines, votre m\u00e9decin pourrait \u00e9galement vous recommander des corticost\u00e9ro\u00efdes pour am\u00e9liorer ou acc\u00e9l\u00e9rer le d\u00e9veloppement des poumons du b\u00e9b\u00e9. Les corticost\u00e9ro\u00efdes aident aussi \u00e0 prot\u00e9ger le cerveau et les intestins du b\u00e9b\u00e9.<\/p>\n<h2>Peut-on pr\u00e9venir la pr\u00e9\u00e9clampsie?<\/h2>\n<p>Des \u00e9tudes sur les grossesses \u00e0 risque \u00e9lev\u00e9 ont montr\u00e9 que la prise de 81\u00a0mg d\u2019Aspirin au coucher avant 16\u00a0semaines et jusqu\u2019\u00e0 l\u2019accouchement aide \u00e0 r\u00e9duire le risque de pr\u00e9\u00e9clampsie. Parlez \u00e0 votre m\u00e9decin ou sage-femme avant de commencer \u00e0 prendre de l\u2019Aspirin car elle n\u2019est pas conseill\u00e9e pour toutes les femmes.<\/p>\n","protected":false},"excerpt":{"rendered":"<p>Qu\u2019est-ce que la pr\u00e9\u00e9clampsie? La pr\u00e9\u00e9clampsie, dans sa forme la plus grave, se pr\u00e9sente chez 3\u00a0\u00e0 5\u00a0% de toutes les femmes enceintes. Elle appara\u00eet seulement apr\u00e8s la 20e semaine de grossesse, mais elle peut se manifester de la 20e \u00e0 la 34e semaine (forme grave). Occasionnellement, une forme l\u00e9g\u00e8re de pr\u00e9\u00e9clampsie peut se produire au [&hellip;]<\/p>\n","protected":false},"author":25,"featured_media":0,"parent":8992,"menu_order":1,"comment_status":"closed","ping_status":"closed","template":"","meta":{"_acf_changed":false,"_mc_calendar":[],"footnotes":""},"class_list":["post-8997","page","type-page","status-publish","hentry"],"acf":[],"wps_subtitle":"","_links":{"self":[{"href":"https:\/\/www.ottawahospital.on.ca\/fr\/wp-json\/wp\/v2\/pages\/8997","targetHints":{"allow":["GET"]}}],"collection":[{"href":"https:\/\/www.ottawahospital.on.ca\/fr\/wp-json\/wp\/v2\/pages"}],"about":[{"href":"https:\/\/www.ottawahospital.on.ca\/fr\/wp-json\/wp\/v2\/types\/page"}],"author":[{"embeddable":true,"href":"https:\/\/www.ottawahospital.on.ca\/fr\/wp-json\/wp\/v2\/users\/25"}],"replies":[{"embeddable":true,"href":"https:\/\/www.ottawahospital.on.ca\/fr\/wp-json\/wp\/v2\/comments?post=8997"}],"version-history":[{"count":0,"href":"https:\/\/www.ottawahospital.on.ca\/fr\/wp-json\/wp\/v2\/pages\/8997\/revisions"}],"up":[{"embeddable":true,"href":"https:\/\/www.ottawahospital.on.ca\/fr\/wp-json\/wp\/v2\/pages\/8992"}],"wp:attachment":[{"href":"https:\/\/www.ottawahospital.on.ca\/fr\/wp-json\/wp\/v2\/media?parent=8997"}],"curies":[{"name":"wp","href":"https:\/\/api.w.org\/{rel}","templated":true}]}}