{"id":8992,"date":"2016-11-18T15:11:28","date_gmt":"2016-11-18T20:11:28","guid":{"rendered":"http:\/\/52.229.122.34\/fr\/?page_id=8992"},"modified":"2017-01-06T14:48:01","modified_gmt":"2017-01-06T19:48:01","slug":"clinique-de-sante-du-placenta","status":"publish","type":"page","link":"https:\/\/www.ottawahospital.on.ca\/fr\/services-cliniques\/deptpgrmcs\/cliniques-et-services\/clinique-de-sante-du-placenta\/","title":{"rendered":"Clinique de sant\u00e9 du placenta"},"content":{"rendered":"<h2>Notre Mission:<\/h2>\n<p>\u00ab Offrir l\u2019excellence en pr\u00e9vention et en traitement des maladies du placenta gr\u00e2ce \u00e0 des soins de pointe fond\u00e9s sur des donn\u00e9es probantes et dispens\u00e9s avec compassion par une \u00e9quipe d\u2019experts multidisciplinaires. Nous visons l\u2019am\u00e9lioration continue des r\u00e9sultats des m\u00e8res et des b\u00e9b\u00e9s par l\u2019\u00e9ducation et la recherche. \u00bb<\/p>\n<p><strong>Qu\u2019est-ce qu\u2019une maladie du placenta?<\/strong><br \/>\nLe placenta est responsable d\u2019apporter l\u2019oxyg\u00e8ne et tous les \u00e9l\u00e9ments nutritifs au b\u00e9b\u00e9 pendant la grossesse. Malheureusement, pour plusieurs raisons, il arrive que le placenta de la m\u00e8re ne fonctionne pas bien ou qu\u2019il ne se soit pas d\u00e9velopp\u00e9 normalement. Cela peut avoir des cons\u00e9quences graves tant sur la sant\u00e9 de la m\u00e8re que du b\u00e9b\u00e9. Il est donc important d\u2019identifier les femmes qui risquent de pr\u00e9senter des probl\u00e8mes du placenta afin d\u2019essayer de pr\u00e9venir ces probl\u00e8mes. Lorsqu\u2019il y a d\u00e9j\u00e0 une maladie du placenta, il est essentiel de prendre en charge et de surveiller \u00e9troitement la grossesse afin d\u2019am\u00e9liorer les r\u00e9sultats pour la m\u00e8re et le b\u00e9b\u00e9. Les maladies du placenta les plus courantes sont la pr\u00e9\u00e9clampsie et le retard de croissance intra-ut\u00e9rin. Ces complications sont expliqu\u00e9es plus en d\u00e9tail ci-dessous.<\/p>\n<p><em><strong>Objectifs de la Clinique de sant\u00e9 du placenta :<\/strong><\/em><\/p>\n<ol>\n<li>Faire une \u00e9valuation des femmes enceintes (et de leur f\u0153tus) \u00e0 risque de maladies du placenta et d\u00e9terminer une strat\u00e9gie de pr\u00e9vention, le cas \u00e9ch\u00e9ant, ou de surveillance, s\u2019il y a lieu.<\/li>\n<li>Offrir des services de consultation aux femmes enceintes atteintes d\u2019une maladie du placenta et \u00e9tablir un plan de soins, y compris la surveillance et les interventions appropri\u00e9es.<\/li>\n<li>Offrir des services de consultation avant grossesse aux femmes qui ont des ant\u00e9c\u00e9dents de maladies du placenta.<\/li>\n<li>Favoriser la recherche fond\u00e9e sur des donn\u00e9es probantes sur l\u2019\u00e9valuation et le traitement de ces complications et int\u00e9grer les soins aux patientes dans les projets de recherche.<\/li>\n<li>Favoriser l\u2019\u00e9ducation des femmes et de leurs familles ainsi que des m\u00e9decins et des professionnels de la sant\u00e9 sur le r\u00f4le des maladies du placenta en p\u00e9rinatologie.<\/li>\n<\/ol>\n<p>La Clinique de sant\u00e9 du placenta vise \u00e0 appuyer le m\u00e9decin traitant ou la sage-femme dans l\u2019\u00e9valuation, le diagnostic, la pr\u00e9vention ou le traitement des complications. Dans ce contexte, il s\u2019agit principalement d\u2019une clinique de consultation. Selon le souhait du professionnel de la sant\u00e9 qui r\u00e9f\u00e8re la patiente, nous demeurons dispos\u00e9s \u00e0 envisager divers mod\u00e8les de soins, y compris les soins partag\u00e9s.<\/p>\n<h2>Pour nous joindre<\/h2>\n<p>Il faut une recommandation de votre professionnel de la sant\u00e9 pour obtenir une consultation \u00e0 la Clinique de sant\u00e9 du placenta.<\/p>\n<p>La demande de consultation doit clairement indiquer \u00ab\u00a0Clinique de sant\u00e9 du placenta\u00a0\u00bb et inclure les r\u00e9sultats de vos examens sanguins pr\u00e9nataux r\u00e9guliers ainsi que tous les renseignements ant\u00e9rieurs pertinents.<\/p>\n<p><a href=\"\/fr\/documents\/2017\/01\/mfm-referral-form_fre.pdf\" target=\"_blank\">Les demandes de consultations<\/a> peuvent \u00eatre envoy\u00e9es par t\u00e9l\u00e9copieur \u00e0: M\u00e9decine materno-f\u0153tale<\/p>\n<p>T\u00e9l\u00e9c. : 613-739-6836<br \/>\nT\u00e9l. : 613-737-8595<\/p>\n","protected":false},"excerpt":{"rendered":"<p>Notre Mission: \u00ab Offrir l\u2019excellence en pr\u00e9vention et en traitement des maladies du placenta gr\u00e2ce \u00e0 des soins de pointe fond\u00e9s sur des donn\u00e9es probantes et dispens\u00e9s avec compassion par une \u00e9quipe d\u2019experts multidisciplinaires. Nous visons l\u2019am\u00e9lioration continue des r\u00e9sultats des m\u00e8res et des b\u00e9b\u00e9s par l\u2019\u00e9ducation et la recherche. \u00bb Qu\u2019est-ce qu\u2019une maladie du [&hellip;]<\/p>\n","protected":false},"author":25,"featured_media":0,"parent":7872,"menu_order":54,"comment_status":"closed","ping_status":"closed","template":"","meta":{"_acf_changed":false,"_mc_calendar":[],"footnotes":""},"class_list":["post-8992","page","type-page","status-publish","hentry"],"acf":[],"wps_subtitle":"","_links":{"self":[{"href":"https:\/\/www.ottawahospital.on.ca\/fr\/wp-json\/wp\/v2\/pages\/8992","targetHints":{"allow":["GET"]}}],"collection":[{"href":"https:\/\/www.ottawahospital.on.ca\/fr\/wp-json\/wp\/v2\/pages"}],"about":[{"href":"https:\/\/www.ottawahospital.on.ca\/fr\/wp-json\/wp\/v2\/types\/page"}],"author":[{"embeddable":true,"href":"https:\/\/www.ottawahospital.on.ca\/fr\/wp-json\/wp\/v2\/users\/25"}],"replies":[{"embeddable":true,"href":"https:\/\/www.ottawahospital.on.ca\/fr\/wp-json\/wp\/v2\/comments?post=8992"}],"version-history":[{"count":0,"href":"https:\/\/www.ottawahospital.on.ca\/fr\/wp-json\/wp\/v2\/pages\/8992\/revisions"}],"up":[{"embeddable":true,"href":"https:\/\/www.ottawahospital.on.ca\/fr\/wp-json\/wp\/v2\/pages\/7872"}],"wp:attachment":[{"href":"https:\/\/www.ottawahospital.on.ca\/fr\/wp-json\/wp\/v2\/media?parent=8992"}],"curies":[{"name":"wp","href":"https:\/\/api.w.org\/{rel}","templated":true}]}}