{"id":8983,"date":"2016-11-18T15:07:29","date_gmt":"2016-11-18T20:07:29","guid":{"rendered":"http:\/\/52.229.122.34\/fr\/?page_id=8983"},"modified":"2024-09-05T11:05:01","modified_gmt":"2024-09-05T15:05:01","slug":"clinique-de-physiotherapie-campus-riverside","status":"publish","type":"page","link":"https:\/\/www.ottawahospital.on.ca\/fr\/services-cliniques\/deptpgrmcs\/cliniques-et-services\/clinique-de-physiotherapie-campus-riverside\/","title":{"rendered":"Clinique de physioth\u00e9rapie &#8211; Campus Riverside"},"content":{"rendered":"<p>Bienvenue \u00e0 la clinique externe de r\u00e9adaptation du Campus Riverside de L\u2019H\u00f4pital d\u2019Ottawa.<\/p>\n<p>La clinique se sp\u00e9cialise dans l\u2019\u00e9valuation et le traitement de divers troubles et blessures en phase aigu\u00eb touchant les articulations, les muscles et les os.<\/p>\n<p>Notre but est d\u2019aider la client\u00e8le \u00e0 se r\u00e9adapter apr\u00e8s une blessure aigu\u00eb, une fracture ou une chirurgie au moyen de traitements et de l\u2019enseignement.<\/p>\n<h2>Notre \u00e9quipe<\/h2>\n<p>Les membres de notre personnel cumulent plus de 30\u00a0ann\u00e9es d\u2019exp\u00e9rience en tant que leaders et \u00e9ducateurs communautaires en r\u00e9adaptation. L\u2019\u00e9quipe de soins inclut des physioth\u00e9rapeutes, des ergoth\u00e9rapeutes, des assistants en r\u00e9adaptation et des assistants en physioth\u00e9rapie.<\/p>\n<h2>Physioth\u00e9rapie<\/h2>\n<p>Au Campus Riverside de L\u2019H\u00f4pital d\u2019Ottawa, la physioth\u00e9rapie est offerte \u00e0 la client\u00e8le pr\u00e9sentant diff\u00e9rents troubles et blessures aigu\u00ebs dans le but d\u2019atteindre les objectifs suivants\u00a0:<\/p>\n<ul>\n<li>r\u00e9duire la douleur<\/li>\n<li>renforcer les muscles<\/li>\n<li>am\u00e9liorer la mobilit\u00e9 des articulations et l\u2019amplitude du mouvement<\/li>\n<li>am\u00e9liorer l\u2019\u00e9quilibre et la coordination<\/li>\n<li>diminuer l\u2019enflure<\/li>\n<li>am\u00e9liorer votre fonctionnement global<\/li>\n<\/ul>\n<h2>Programmes de physioth\u00e9rapie subventionn\u00e9s<\/h2>\n<p>\u00c0 notre clinique de physioth\u00e9rapie situ\u00e9e au Campus Riverside, nous offrons des programmes subventionn\u00e9s r\u00e9serv\u00e9s aux recommandations internes \u00e0 L\u2019H\u00f4pital d\u2019Ottawa. La client\u00e8le ne paie pas pour ces services si elle r\u00e9pond aux crit\u00e8res. Ces programmes sont couverts par le gouvernement provincial. Les crit\u00e8res d\u2019admissibilit\u00e9 s\u2019appliquent aux personnes qui ont besoin d\u2019une r\u00e9adaptation en phase aigu\u00eb de r\u00e9tablissement. Les options de traitement varient en fonction du service demand\u00e9 et des possibilit\u00e9s de financement. Des co\u00fbts suppl\u00e9mentaires seront associ\u00e9s \u00e0 la fourniture d\u2019attelles et de mat\u00e9riel. <strong>Les co\u00fbts des attelles et autres biens ne sont pas couverts par le r\u00e9gime d\u2019assurance-sant\u00e9 de l\u2019Ontario (OHIP), mais peuvent l\u2019\u00eatre par les r\u00e9gimes d\u2019assurance maladie compl\u00e9mentaire.<\/strong> Veuillez nous contacter directement pour conna\u00eetre les conditions \u00e0 remplir, le financement disponible ou les frais.<\/p>\n<p>Les programmes subventionn\u00e9s suivants sont offerts \u00e0 notre clinique\u00a0:<\/p>\n<p><strong>\u00c9pisodes de soins<\/strong><\/p>\n<p>Il s\u2019agit d\u2019un programme d\u2019autogestion limit\u00e9 dans le temps et ax\u00e9 sur les objectifs. Le physioth\u00e9rapeute \u00e9value et traite la personne afin d\u2019am\u00e9liorer, de d\u00e9velopper ou de restaurer la fonction physique et la mobilit\u00e9 lorsque celles-ci ont \u00e9t\u00e9 compromises par un \u00e9v\u00e9nement ou une maladie d\u00e9bilitante, une douleur, une blessure ou une intervention chirurgicale.<\/p>\n<p>Pour avoir droit aux \u00e9pisodes de soins, une personne doit, pour chaque \u00e9pisode de soins, appartenir \u00e0 au moins l\u2019une des cat\u00e9gories suivantes\u00a0:<\/p>\n<ul>\n<li>\u00catre couverte par OHIP et \u00eatre \u00e2g\u00e9e de 65\u00a0ans ou plus;<\/li>\n<li>\u00catre couverte par OHIP et \u00eatre \u00e2g\u00e9e de 19\u00a0ans ou moins;<\/li>\n<li>\u00catre couverte par OHIP et avoir re\u00e7u son cong\u00e9 d\u2019un h\u00f4pital apr\u00e8s une nuit d\u2019hospitalisation, et avoir besoin de physioth\u00e9rapie pour le trouble, la maladie ou la blessure qui a entra\u00een\u00e9 l\u2019hospitalisation;<\/li>\n<li>\u00catre couverte par OHIP et avoir re\u00e7u son cong\u00e9 d\u2019un h\u00f4pital \u00e0 la suite d\u2019une chirurgie ambulatoire ou d\u2019un jour et avoir besoin de physioth\u00e9rapie pour le trouble, la maladie ou la blessure qui a motiv\u00e9 l\u2019intervention;<\/li>\n<li>\u00catre approuv\u00e9e pour le financement de services dans le cadre du Programme ontarien de soutien aux personnes handicap\u00e9es ou du programme Ontario au travail; et<\/li>\n<li>Avoir re\u00e7u son cong\u00e9 d\u2019un h\u00f4pital \u00e0 la suite d\u2019une chirurgie ambulatoire ou d\u2019un jour et a besoin de physioth\u00e9rapie pour le trouble, la maladie ou la blessure.<\/li>\n<\/ul>\n<p><strong>Soins regroup\u00e9s<\/strong><\/p>\n<p>Les soins regroup\u00e9s sont un mod\u00e8le de prestation de services et de financement con\u00e7u pour promouvoir une plus grande int\u00e9gration dans la prestation des soins de sant\u00e9, favoriser des soins efficaces et de haute qualit\u00e9 et am\u00e9liorer les r\u00e9sultats et l\u2019exp\u00e9rience des patients apr\u00e8s certaines chirurgies orthop\u00e9diques. Un \u00ab\u00a0\u00e9pisode\u00a0\u00bb est une courte s\u00e9rie de s\u00e9ances de physioth\u00e9rapie visant \u00e0 atteindre des objectifs fonctionnels apr\u00e8s la chirurgie (par exemple, se sentir en s\u00e9curit\u00e9 et stable en montant les escaliers).<\/p>\n<p>Pour pouvoir b\u00e9n\u00e9ficier de l\u2019ensemble des soins, une personne doit<\/p>\n<ul>\n<li>\u00catre couverte par un r\u00e9gime d\u2019assurance maladie de l\u2019Ontario valide et avoir subi une chirurgie \u00e9lective (non urgente), primaire (premier remplacement) de la hanche, de l\u2019\u00e9paule ou du genou dans un h\u00f4pital qualifi\u00e9 de l\u2019Ontario;<\/li>\n<li>\u00catre \u00e0 moins de 6\u00a0semaines de l\u2019intervention chirurgicale.<\/li>\n<\/ul>\n<p><strong>Soins ambulatoires en milieu hospitalier<\/strong><\/p>\n<p>Les services ambulatoires de physioth\u00e9rapie sont destin\u00e9s aux personnes qui ont besoin d\u2019une r\u00e9adaptation \u00e0 un stade aigu de leur r\u00e9tablissement. Pour \u00eatre admissible \u00e0 des soins en milieu hospitalier, la personne doit \u00eatre recommand\u00e9e par une source interne \u00e0 L\u2019H\u00f4pital d\u2019Ottawa. Ces soins peuvent inclure le traitement de probl\u00e8mes de sant\u00e9 tels que les fractures non op\u00e9ratoires.<\/p>\n<h2>Ergoth\u00e9rapie<\/h2>\n<p>Au Campus Riverside de L\u2019H\u00f4pital d\u2019Ottawa, l\u2019ergoth\u00e9rapie est offerte \u00e0 la client\u00e8le pr\u00e9sentant une blessure ou une maladie aux structures de la main, du poignet et\/ou de l\u2019avant-bras. Pour plus d\u2019information, consultez la page <a href=\"https:\/\/www.ottawahospital.on.ca\/en\/clinical-services\/deptpgrmcs\/clinics-and-services\/occupational-therapy-clinic-riverside-campus\/\">Clinique d\u2019ergoth\u00e9rapie \u2013 Campus Riverside<\/a><\/p>\n<h2>Obtenir un rendez-vous<\/h2>\n<p>Les recommandations provenant de sources internes \u00e0 L\u2019H\u00f4pital d\u2019Ottawa sont g\u00e9n\u00e9r\u00e9es \u00e0 l\u2019interne via notre syst\u00e8me EPIC. La demande peut \u00e9galement \u00eatre envoy\u00e9e par t\u00e9l\u00e9copieur au 613 738-8431. Toutes les demandes sont trait\u00e9es dans l\u2019ordre o\u00f9 elles sont re\u00e7ues et selon nos crit\u00e8res de priorit\u00e9.<\/p>\n<div class=\"card\">\n<h2 class=\"card-header h2-mock\">Adresse et heures d\u2019ouverture<\/h2>\n<div class=\"card-body\">\n<p><strong>Campus Riverside :<\/strong> 1967, prom. Riverside, Ottawa, ON K1H 7W9<\/p>\n<hr \/>\n<p>L\u2019acc\u00e8s \u00e0 notre clinique se fait par le couloir du rez-de-chauss\u00e9e (cherchez les SERVICES DE R\u00c9ADAPTATION).<br \/>T\u00e9l.\u00a0: 613\u00a0738-8208<br \/>Courriel\u00a0: <a href=\"mailto:rivrehabdept@lho.ca%0d\">rivrehabdept@lho.ca<\/a><\/p>\n<hr \/>\n<p>Lundi : 7 h \u00e0 16 h<br \/>Mardi : 7 h \u00e0 16 h<br \/>Mercredi : 7 h \u00e0 16 h<br \/>Jeudi : 7 h \u00e0 16 h<br \/>Vendredi : 7 h \u00e0 16 h<\/p>\n<\/div>\n<\/div>\n\n\n<p><\/p>\n","protected":false},"excerpt":{"rendered":"<p>Bienvenue \u00e0 la clinique externe de r\u00e9adaptation du Campus Riverside de L\u2019H\u00f4pital d\u2019Ottawa. La clinique se sp\u00e9cialise dans l\u2019\u00e9valuation et le traitement de divers troubles et blessures en phase aigu\u00eb touchant les articulations, les muscles et les os. Notre but est d\u2019aider la client\u00e8le \u00e0 se r\u00e9adapter apr\u00e8s une blessure aigu\u00eb, une fracture ou une [&hellip;]<\/p>\n","protected":false},"author":25,"featured_media":0,"parent":7872,"menu_order":53,"comment_status":"closed","ping_status":"closed","template":"","meta":{"_acf_changed":false,"_mc_calendar":[],"footnotes":""},"class_list":["post-8983","page","type-page","status-publish","hentry"],"acf":[],"wps_subtitle":"","_links":{"self":[{"href":"https:\/\/www.ottawahospital.on.ca\/fr\/wp-json\/wp\/v2\/pages\/8983","targetHints":{"allow":["GET"]}}],"collection":[{"href":"https:\/\/www.ottawahospital.on.ca\/fr\/wp-json\/wp\/v2\/pages"}],"about":[{"href":"https:\/\/www.ottawahospital.on.ca\/fr\/wp-json\/wp\/v2\/types\/page"}],"author":[{"embeddable":true,"href":"https:\/\/www.ottawahospital.on.ca\/fr\/wp-json\/wp\/v2\/users\/25"}],"replies":[{"embeddable":true,"href":"https:\/\/www.ottawahospital.on.ca\/fr\/wp-json\/wp\/v2\/comments?post=8983"}],"version-history":[{"count":0,"href":"https:\/\/www.ottawahospital.on.ca\/fr\/wp-json\/wp\/v2\/pages\/8983\/revisions"}],"up":[{"embeddable":true,"href":"https:\/\/www.ottawahospital.on.ca\/fr\/wp-json\/wp\/v2\/pages\/7872"}],"wp:attachment":[{"href":"https:\/\/www.ottawahospital.on.ca\/fr\/wp-json\/wp\/v2\/media?parent=8983"}],"curies":[{"name":"wp","href":"https:\/\/api.w.org\/{rel}","templated":true}]}}