{"id":8971,"date":"2016-11-18T15:00:56","date_gmt":"2016-11-18T20:00:56","guid":{"rendered":"http:\/\/52.229.122.34\/fr\/?page_id=8971"},"modified":"2016-12-09T11:17:27","modified_gmt":"2016-12-09T16:17:27","slug":"phlebotomie","status":"publish","type":"page","link":"https:\/\/www.ottawahospital.on.ca\/fr\/services-cliniques\/deptpgrmcs\/cliniques-et-services\/phlebotomie\/","title":{"rendered":"Phl\u00e9botomie"},"content":{"rendered":"<h2>Vue d\u2019ensemble<\/h2>\n<p>Le personnel de cette clinique se compose uniquement d&rsquo;infirmiers et d&rsquo;infirmi\u00e8res. Les patients y re\u00e7oivent des traitements th\u00e9rapeutiques prescrits sur ordonnance par leur m\u00e9decin. On traitera tout patient souffrant d&rsquo;h\u00e9mochromatose ou de polycyth\u00e9mie \u00e0 l&rsquo;aide de phl\u00e9botomies hebdomadaires. Tout au long de la s\u00e9rie de traitements, on suivra de pr\u00e8s les r\u00e9sultats des analyses sanguines jusqu&rsquo;\u00e0 ce que des concentrations normales de globules rouges soient atteintes. On voit ensuite les patients tous les trois mois \u00e0 la clinique\u00a0d&rsquo;h\u00e9matologie.<\/p>\n<h2>Rendez\u2013vous<\/h2>\n<p>Recommandation d&rsquo;un m\u00e9decin<\/p>\n<p>Lundi &#8211; Vendredi<br \/>\n7 h 15 &#8211; 17 h 00<\/p>\n<h2>Pour nous joindre<\/h2>\n<p><strong>Campus Riverside : <\/strong>4<sup>e<\/sup> \u00e9tage<\/p>\n","protected":false},"excerpt":{"rendered":"<p>Vue d\u2019ensemble Le personnel de cette clinique se compose uniquement d&rsquo;infirmiers et d&rsquo;infirmi\u00e8res. Les patients y re\u00e7oivent des traitements th\u00e9rapeutiques prescrits sur ordonnance par leur m\u00e9decin. On traitera tout patient souffrant d&rsquo;h\u00e9mochromatose ou de polycyth\u00e9mie \u00e0 l&rsquo;aide de phl\u00e9botomies hebdomadaires. Tout au long de la s\u00e9rie de traitements, on suivra de pr\u00e8s les r\u00e9sultats des [&hellip;]<\/p>\n","protected":false},"author":25,"featured_media":0,"parent":7872,"menu_order":51,"comment_status":"closed","ping_status":"closed","template":"","meta":{"_acf_changed":false,"_mc_calendar":[],"footnotes":""},"class_list":["post-8971","page","type-page","status-publish","hentry"],"acf":[],"wps_subtitle":"","_links":{"self":[{"href":"https:\/\/www.ottawahospital.on.ca\/fr\/wp-json\/wp\/v2\/pages\/8971","targetHints":{"allow":["GET"]}}],"collection":[{"href":"https:\/\/www.ottawahospital.on.ca\/fr\/wp-json\/wp\/v2\/pages"}],"about":[{"href":"https:\/\/www.ottawahospital.on.ca\/fr\/wp-json\/wp\/v2\/types\/page"}],"author":[{"embeddable":true,"href":"https:\/\/www.ottawahospital.on.ca\/fr\/wp-json\/wp\/v2\/users\/25"}],"replies":[{"embeddable":true,"href":"https:\/\/www.ottawahospital.on.ca\/fr\/wp-json\/wp\/v2\/comments?post=8971"}],"version-history":[{"count":0,"href":"https:\/\/www.ottawahospital.on.ca\/fr\/wp-json\/wp\/v2\/pages\/8971\/revisions"}],"up":[{"embeddable":true,"href":"https:\/\/www.ottawahospital.on.ca\/fr\/wp-json\/wp\/v2\/pages\/7872"}],"wp:attachment":[{"href":"https:\/\/www.ottawahospital.on.ca\/fr\/wp-json\/wp\/v2\/media?parent=8971"}],"curies":[{"name":"wp","href":"https:\/\/api.w.org\/{rel}","templated":true}]}}