{"id":8961,"date":"2016-11-18T14:57:38","date_gmt":"2016-11-18T19:57:38","guid":{"rendered":"http:\/\/52.229.122.34\/fr\/?page_id=8961"},"modified":"2016-12-09T11:16:59","modified_gmt":"2016-12-09T16:16:59","slug":"maladie-de-parkinsons","status":"publish","type":"page","link":"https:\/\/www.ottawahospital.on.ca\/fr\/services-cliniques\/deptpgrmcs\/cliniques-et-services\/maladie-de-parkinsons\/","title":{"rendered":"Maladie de Parkinsons"},"content":{"rendered":"<h2>Vue d\u2019ensemble<\/h2>\n<p>Cette clinique s&rsquo;occupe des patients atteints de la maladie de Parkinson et du syndrome parkinsonien. Que vous soyez au tout premier stade de la maladie ou \u00e0 un stade plus avanc\u00e9, la clinique peut vous offrir de l&rsquo;information et des traitements novateurs dans le cadre d&rsquo;essais cliniques.<\/p>\n<p>Le personnel de la clinique travaille \u00e9troitement avec la Soci\u00e9t\u00e9 Parkinson d&rsquo;Ottawa, qui offre du soutien \u00e9motionnel et du counseling. Nous pouvons aussi diriger le patient et sa famille vers d&rsquo;autres organismes de sant\u00e9 et de services sociaux utiles.<\/p>\n<p>Le personnel de la clinique comprend le Dr D.A. Grimes, FRCP(C), directeur de la clinique, ainsi que Diane C\u00f4t\u00e9 et Jennifer Vendette, qui sont toutes deux infirmi\u00e8res.<\/p>\n<h2>Rendez-vous<\/h2>\n<p>Sur recommandation d&rsquo;un m\u00e9decin seulement.<\/p>\n<p>Le mardi, de 8 h \u00e0 16 h<br \/>\nLe jeudi, de 8 h \u00e0 16 h<br \/>\nLe vendredi, de 8 h \u00e0 midi<\/p>\n<h2>Pour nous joindre<\/h2>\n<p><strong>Campus Civic :<\/strong> secteur C2<\/p>\n<p><strong>T\u00e9l. :<\/strong> 613-798-5555, poste 15353<br \/>\n<strong>T\u00e9l\u00e9c. : <\/strong>613-761-5360<\/p>\n","protected":false},"excerpt":{"rendered":"<p>Vue d\u2019ensemble Cette clinique s&rsquo;occupe des patients atteints de la maladie de Parkinson et du syndrome parkinsonien. Que vous soyez au tout premier stade de la maladie ou \u00e0 un stade plus avanc\u00e9, la clinique peut vous offrir de l&rsquo;information et des traitements novateurs dans le cadre d&rsquo;essais cliniques. Le personnel de la clinique travaille [&hellip;]<\/p>\n","protected":false},"author":25,"featured_media":0,"parent":7872,"menu_order":49,"comment_status":"closed","ping_status":"closed","template":"","meta":{"_acf_changed":false,"_mc_calendar":[],"footnotes":""},"class_list":["post-8961","page","type-page","status-publish","hentry"],"acf":[],"wps_subtitle":"","_links":{"self":[{"href":"https:\/\/www.ottawahospital.on.ca\/fr\/wp-json\/wp\/v2\/pages\/8961","targetHints":{"allow":["GET"]}}],"collection":[{"href":"https:\/\/www.ottawahospital.on.ca\/fr\/wp-json\/wp\/v2\/pages"}],"about":[{"href":"https:\/\/www.ottawahospital.on.ca\/fr\/wp-json\/wp\/v2\/types\/page"}],"author":[{"embeddable":true,"href":"https:\/\/www.ottawahospital.on.ca\/fr\/wp-json\/wp\/v2\/users\/25"}],"replies":[{"embeddable":true,"href":"https:\/\/www.ottawahospital.on.ca\/fr\/wp-json\/wp\/v2\/comments?post=8961"}],"version-history":[{"count":0,"href":"https:\/\/www.ottawahospital.on.ca\/fr\/wp-json\/wp\/v2\/pages\/8961\/revisions"}],"up":[{"embeddable":true,"href":"https:\/\/www.ottawahospital.on.ca\/fr\/wp-json\/wp\/v2\/pages\/7872"}],"wp:attachment":[{"href":"https:\/\/www.ottawahospital.on.ca\/fr\/wp-json\/wp\/v2\/media?parent=8961"}],"curies":[{"name":"wp","href":"https:\/\/api.w.org\/{rel}","templated":true}]}}