{"id":8933,"date":"2016-11-18T14:36:53","date_gmt":"2016-11-18T19:36:53","guid":{"rendered":"http:\/\/52.229.122.34\/fr\/?page_id=8933"},"modified":"2017-04-11T11:30:21","modified_gmt":"2017-04-11T15:30:21","slug":"clinique-dorthopedie","status":"publish","type":"page","link":"https:\/\/www.ottawahospital.on.ca\/fr\/services-cliniques\/deptpgrmcs\/cliniques-et-services\/clinique-dorthopedie\/","title":{"rendered":"Clinique d&rsquo;orthop\u00e9die"},"content":{"rendered":"<p>La Division de chirurgie orthop\u00e9dique de L\u2019H\u00f4pital d\u2019Ottawa se sp\u00e9cialise dans les soins aux personnes ayant des troubles du syst\u00e8me musculosquelettique. Nos chirurgiens\u00a0 sont fiers d\u2019offrir des soins de calibre mondial.<\/p>\n<p>Chaque chirurgien \u00e0 l\u2019H\u00f4pital a une formation sursp\u00e9cialis\u00e9e dans un domaine sp\u00e9cifique de l\u2019orthop\u00e9die. Dans notre division, les chirurgiens ont une expertise dans les domaines suivants\u00a0:<\/p>\n<p>Arthroplastie (remplacement de la hanche et du genou)<br \/>\nChirurgie de la colonne vert\u00e9brale<br \/>\nChirurgie traumatologique (fractures)<br \/>\nOncologie (tumeurs dans les os)<br \/>\nChirurgie de l\u2019\u00e9paule et du coude<br \/>\nChirurgie de la main et du poignet<br \/>\nChirurgie du pied et de la cheville<br \/>\nM\u00e9decine sportive<br \/>\nOrthop\u00e9die p\u00e9diatrique (Centre hospitalier pour enfants de l\u2019est de l\u2019Ontario)<\/p>\n<h2>Nos valeurs<\/h2>\n<p><strong>Soins aux patients\u00a0:<\/strong> Nous offrirons aux patients des soins de qualit\u00e9 empreints de compassion et centr\u00e9s sur le patient qui r\u00e9pondent \u00e0 leurs besoins physiques et \u00e9motionnels.<\/p>\n<p><strong>Formation et perfectionnement professionnel : <\/strong>Nous inspirerons les professionnels de la sant\u00e9 d\u2019aujourd\u2019hui et de demain qui offrent des soins musculosquelettiques, soit des m\u00e9decins, des chirurgiens et des coll\u00e8gues centr\u00e9s sur le patient et soucieux de l\u2019\u00e9thique, et guiderons leur formation. Nous jouerons un r\u00f4le pr\u00e9pond\u00e9rant dans la promotion de la sant\u00e9 musculosquelettique et la pr\u00e9vention des blessures dans la collectivit\u00e9.<\/p>\n<p><strong>Recherche\u00a0:<\/strong> Nous ferons de la recherche et \u00e9tablirons des pratiques exemplaires fond\u00e9es sur des donn\u00e9es probantes pour offrir un traitement complet des probl\u00e8mes musculosquelettiques, de l\u2019enfance \u00e0 l\u2019\u00e2ge adulte.<\/p>\n<p><strong>Culture et milieu de travail\u00a0:<\/strong> Nous assurerons et pr\u00e9serverons un milieu de travail positif qui favorise le respect, l\u2019esprit d\u2019\u00e9quipe, la qualit\u00e9 et le perfectionnement.<\/p>\n<h2>Demandes de consultation \/ nouveaux patients<\/h2>\n<p>Pour obtenir une consultation avec un m\u00e9decin de la Division de chirurgie orthop\u00e9dique, les patients doivent \u00eatre r\u00e9f\u00e9r\u00e9s par leur m\u00e9decin de famille ou leur sp\u00e9cialiste. Les demandes de consultation peuvent \u00eatre envoy\u00e9es au bureau de chaque chirurgien.<\/p>\n<p>Nous savons que le temps d\u2019attente pour voir un chirurgien orthop\u00e9diste peut \u00eatre long, selon la sursp\u00e9cialisation. Nous classons les demandes par ordre de priorit\u00e9 selon le degr\u00e9 d\u2019urgence de chaque cas.<\/p>\n<ul>\n<li><a href=\"https:\/\/www.med.uottawa.ca\/surgery\/eng\/05dd_faculty.html\" target=\"_blank\">Coordonn\u00e9es de nos m\u00e9decins<\/a><\/li>\n<\/ul>\n<h2>Programme r\u00e9gional d\u2019arthroplasties de la hanche et du genou<\/h2>\n<p>Toutes les demandes de consultation pour les patients potentiellement admissibles \u00e0 un remplacement primaire de la hanche ou du genou doivent \u00eatre envoy\u00e9es \u00e0 la centrale r\u00e9gionale de traitement des r\u00e9f\u00e9r\u00e9s (CRTR).\u00a0Les demandes envoy\u00e9es directement aux bureaux des chirurgiens seront redirig\u00e9es au CRTR et vous devrez remplir une nouvelle demande de consultation.\u00a0Puisque ce processus pourrait prendre plusieurs mois, il serait dans le meilleur int\u00e9r\u00eat de votre patient de remplir le formulaire approuv\u00e9 et de le faire parvenir directement au CRTR. Pour en savoir plus sur la recommandation de patients au CRTR, veuillez consulter le site Web du <a title=\"RLISS de Champlain\" href=\"https:\/\/www.champlainrhkrp.com\/french\/index_FR.html\" target=\"_blank\">RLISS de Champlain<\/a>.<\/p>\n<h2>Rendez-vous<\/h2>\n<p><strong>\u00a0**Ne communiquez pas directement avec le bureau de votre chirurgien pour fixer un rendez-vous de suivi**<\/strong><\/p>\n<p>Avant de quitter l\u2019h\u00f4pital ou la clinique externe, les patients devraient obtenir un rendez-vous de suivi. Sinon, vous devrez appeler la clinique appropri\u00e9e pour prendre rendez-vous. Voici les coordonn\u00e9es des cliniques aux deux campus\u00a0:<\/p>\n<h3>Campus G\u00e9n\u00e9ral<\/h3>\n<p>1) Salle des pl\u00e2tres<br \/>\n\u00c9difice principal, 2<sup>e<\/sup>\u00a0\u00e9tage, pr\u00e8s de la radiographie<br \/>\n613-737-8400<br \/>\nDe 8 h \u00e0 16 h<\/p>\n<p>2) Clinique externe<br \/>\n\u00c9difice principal, 2<sup>e<\/sup>\u00a0\u00e9tage, module\u00a0O<br \/>\n613-737-8370<br \/>\nDu lundi au jeudi, de 8\u00a0h\u00a030 \u00e0 16\u00a0h Vendredi, de 8\u00a0h \u00e0 15\u00a0h<\/p>\n<h3>Campus Civic<\/h3>\n<p>1) Salle des pl\u00e2tres<br \/>\n\u00c9difice principal, secteur F<br \/>\n613-761-4094<br \/>\nDe 8\u00a0h \u00e0 16\u00a0h<br \/>\nNous prenons les appels de 8\u00a0h\u00a015 \u00e0 11\u00a0h\u00a045 et de 12\u00a0h\u00a045 \u00e0 15\u00a0h.<\/p>\n<p>2) Clinique externe<\/p>\n<p>\u00c9difice principal, secteur\u00a0F<br \/>\n613-761-5136<br \/>\nDu lundi au vendredi, de 7\u00a0h\u00a030 \u00e0 15\u00a0h\u00a030<br \/>\nNous prenons les appels le lundi, mardi, jeudi et vendredi, de 7\u00a0h\u00a030 \u00e0 11\u00a0h\u00a045 et de 13\u00a0h \u00e0 15\u00a0h et le mercredi, de 9\u00a0h \u00e0 15\u00a0h\u00a030.<\/p>\n<p><strong>Commentaires ou pr\u00e9occupations\u00a0:<\/strong> Chaque patient est important pour nous et nous voulons savoir comment vous avez trouv\u00e9 votre exp\u00e9rience \u00e0 la Division de chirurgie orthop\u00e9dique de L\u2019H\u00f4pital d\u2019Ottawa. N\u2019h\u00e9sitez pas \u00e0 communiquer avec nous pour nous en faire part. Vous pouvez communiquer avec\u00a0Johanne Samson\u00a0\u00e0 <a href=\"mailto:johsamson@toh.ca\">johsamson@toh.ca<\/a> ou au 613-737-8899, poste\u00a075040.<\/p>\n","protected":false},"excerpt":{"rendered":"<p>La Division de chirurgie orthop\u00e9dique de L\u2019H\u00f4pital d\u2019Ottawa se sp\u00e9cialise dans les soins aux personnes ayant des troubles du syst\u00e8me musculosquelettique. Nos chirurgiens\u00a0 sont fiers d\u2019offrir des soins de calibre mondial. Chaque chirurgien \u00e0 l\u2019H\u00f4pital a une formation sursp\u00e9cialis\u00e9e dans un domaine sp\u00e9cifique de l\u2019orthop\u00e9die. Dans notre division, les chirurgiens ont une expertise dans les [&hellip;]<\/p>\n","protected":false},"author":25,"featured_media":0,"parent":7872,"menu_order":47,"comment_status":"closed","ping_status":"closed","template":"","meta":{"_acf_changed":false,"_mc_calendar":[],"footnotes":""},"class_list":["post-8933","page","type-page","status-publish","hentry"],"acf":[],"wps_subtitle":"","_links":{"self":[{"href":"https:\/\/www.ottawahospital.on.ca\/fr\/wp-json\/wp\/v2\/pages\/8933","targetHints":{"allow":["GET"]}}],"collection":[{"href":"https:\/\/www.ottawahospital.on.ca\/fr\/wp-json\/wp\/v2\/pages"}],"about":[{"href":"https:\/\/www.ottawahospital.on.ca\/fr\/wp-json\/wp\/v2\/types\/page"}],"author":[{"embeddable":true,"href":"https:\/\/www.ottawahospital.on.ca\/fr\/wp-json\/wp\/v2\/users\/25"}],"replies":[{"embeddable":true,"href":"https:\/\/www.ottawahospital.on.ca\/fr\/wp-json\/wp\/v2\/comments?post=8933"}],"version-history":[{"count":0,"href":"https:\/\/www.ottawahospital.on.ca\/fr\/wp-json\/wp\/v2\/pages\/8933\/revisions"}],"up":[{"embeddable":true,"href":"https:\/\/www.ottawahospital.on.ca\/fr\/wp-json\/wp\/v2\/pages\/7872"}],"wp:attachment":[{"href":"https:\/\/www.ottawahospital.on.ca\/fr\/wp-json\/wp\/v2\/media?parent=8933"}],"curies":[{"name":"wp","href":"https:\/\/api.w.org\/{rel}","templated":true}]}}