{"id":8925,"date":"2016-11-18T14:32:35","date_gmt":"2016-11-18T19:32:35","guid":{"rendered":"http:\/\/52.229.122.34\/fr\/?page_id=8925"},"modified":"2018-11-01T16:07:54","modified_gmt":"2018-11-01T20:07:54","slug":"clinique-de-chirurgie-buccale","status":"publish","type":"page","link":"https:\/\/www.ottawahospital.on.ca\/fr\/services-cliniques\/deptpgrmcs\/cliniques-et-services\/clinique-de-chirurgie-buccale\/","title":{"rendered":"Clinique de chirurgie buccale"},"content":{"rendered":"<h2>Vue d\u2019ensemble<\/h2>\n<p>\u00c0 cette clinique, on se sp\u00e9cialise dans les interventions chirurgicales buccales mineures qui doivent \u00eatre effectu\u00e9es en milieu hospitalier.<\/p>\n<h2>Rendez\u2013vous<\/h2>\n<p>Recommandation d&rsquo;un m\u00e9decin<\/p>\n<p>Jeudi, 13 h 30 &#8211; 15 h<\/p>\n","protected":false},"excerpt":{"rendered":"<p>Vue d\u2019ensemble \u00c0 cette clinique, on se sp\u00e9cialise dans les interventions chirurgicales buccales mineures qui doivent \u00eatre effectu\u00e9es en milieu hospitalier. Rendez\u2013vous Recommandation d&rsquo;un m\u00e9decin Jeudi, 13 h 30 &#8211; 15 h<\/p>\n","protected":false},"author":25,"featured_media":0,"parent":7872,"menu_order":46,"comment_status":"closed","ping_status":"closed","template":"","meta":{"_acf_changed":false,"_mc_calendar":[],"footnotes":""},"class_list":["post-8925","page","type-page","status-publish","hentry"],"acf":[],"wps_subtitle":"","_links":{"self":[{"href":"https:\/\/www.ottawahospital.on.ca\/fr\/wp-json\/wp\/v2\/pages\/8925","targetHints":{"allow":["GET"]}}],"collection":[{"href":"https:\/\/www.ottawahospital.on.ca\/fr\/wp-json\/wp\/v2\/pages"}],"about":[{"href":"https:\/\/www.ottawahospital.on.ca\/fr\/wp-json\/wp\/v2\/types\/page"}],"author":[{"embeddable":true,"href":"https:\/\/www.ottawahospital.on.ca\/fr\/wp-json\/wp\/v2\/users\/25"}],"replies":[{"embeddable":true,"href":"https:\/\/www.ottawahospital.on.ca\/fr\/wp-json\/wp\/v2\/comments?post=8925"}],"version-history":[{"count":0,"href":"https:\/\/www.ottawahospital.on.ca\/fr\/wp-json\/wp\/v2\/pages\/8925\/revisions"}],"up":[{"embeddable":true,"href":"https:\/\/www.ottawahospital.on.ca\/fr\/wp-json\/wp\/v2\/pages\/7872"}],"wp:attachment":[{"href":"https:\/\/www.ottawahospital.on.ca\/fr\/wp-json\/wp\/v2\/media?parent=8925"}],"curies":[{"name":"wp","href":"https:\/\/api.w.org\/{rel}","templated":true}]}}