{"id":8918,"date":"2016-11-18T14:30:43","date_gmt":"2016-11-18T19:30:43","guid":{"rendered":"http:\/\/52.229.122.34\/fr\/?page_id=8918"},"modified":"2024-09-05T11:10:34","modified_gmt":"2024-09-05T15:10:34","slug":"clinique-dergotherapie-campus-riverside","status":"publish","type":"page","link":"https:\/\/www.ottawahospital.on.ca\/fr\/services-cliniques\/deptpgrmcs\/cliniques-et-services\/clinique-dergotherapie-campus-riverside\/","title":{"rendered":"Clinique d&rsquo;ergoth\u00e9rapie &#8211; Campus Riverside"},"content":{"rendered":"<p>Bienvenue \u00e0 la clinique externe de r\u00e9adaptation du Campus Riverside de L\u2019H\u00f4pital d\u2019Ottawa.<\/p>\n<p>La clinique se sp\u00e9cialise dans l\u2019\u00e9valuation et le traitement de divers troubles aigus touchant les articulations, les muscles, les nerfs et les os.<\/p>\n<p>Notre objectif est d\u2019aider la client\u00e8le \u00e0 se remettre d\u2019une blessure aigu\u00eb ou d\u2019une intervention chirurgicale par des traitements et de l\u2019enseignement.<\/p>\n<h2>Ergoth\u00e9rapie<\/h2>\n<p>La r\u00e9adaptation consiste \u00e0 utiliser les conseils d\u2019un expert pour am\u00e9liorer une capacit\u00e9 perdue ou alt\u00e9r\u00e9e \u00e0 la suite d\u2019une blessure ou d\u2019une maladie. Il s\u2019agit d\u2019un processus progressif, orient\u00e9 vers un objectif, qui est guid\u00e9 par le temps n\u00e9cessaire \u00e0 la gu\u00e9rison des tissus, par l\u2019anatomie de la structure et par les circonstances personnelles de chaque individu. L\u2019influence des facteurs psychologiques sur le processus est \u00e9galement reconnue. Le plan de r\u00e9adaptation est con\u00e7u puis modifi\u00e9 tout au long du processus de traitement afin d\u2019atteindre les objectifs de l\u2019individu dans un d\u00e9lai pr\u00e9d\u00e9termin\u00e9.<\/p>\n<p>Les objectifs de la r\u00e9adaptation sont propres \u00e0 chaque personne et comprennent souvent le retour \u00e0 la capacit\u00e9 d\u2019ex\u00e9cuter des comp\u00e9tences et des t\u00e2ches qui contribuent \u00e0 la satisfaction personnelle et \u00e0 la productivit\u00e9. Au Campus Riverside de L\u2019H\u00f4pital d\u2019Ottawa, l\u2019ergoth\u00e9rapie est offerte \u00e0 la client\u00e8le pr\u00e9sentant une blessure ou une maladie aux structures de la main, du poignet et\/ou de l\u2019avant-bras.<\/p>\n<p>Les interventions, qu\u2019elles soient pr\u00e9coces ou tardives, visent \u00e0 inverser la progression de la l\u00e9sion du membre sup\u00e9rieur et \u00e0 restaurer la capacit\u00e9 du client \u00e0 utiliser ce membre. La satisfaction du client est souvent d\u00e9finie par le confort, le mouvement, la sensation et la force, ainsi que par le retour de la confiance dans l\u2019utilisation du membre.<\/p>\n<p>Le traitement de la main, du poignet et de l\u2019avant-bras peut inclure\u00a0:<\/p>\n<ul>\n<li>Fabrication sur mesure d\u2019attelles pour les doigts, la main, le poignet et l\u2019avant-bras en cas de troubles aigus et, le cas \u00e9ch\u00e9ant, en cas de troubles chroniques pour\u00a0:\n<ul>\n<li>Favoriser la gu\u00e9rison et limiter le risque de nouvelles blessures<\/li>\n<li>Encourager la poursuite du mouvement<\/li>\n<li>D\u00e9courager les d\u00e9formations<\/li>\n<\/ul>\n<\/li>\n<li>Recommandation et\/ou modification des attelles achet\u00e9es en magasin pour les troubles chroniques et pour les troubles aigus, le cas \u00e9ch\u00e9ant.<\/li>\n<li>Exercices visant \u00e0 rem\u00e9dier aux limitations de mouvement, de force, de sensation, de cicatrice adh\u00e9rente ou inconfortable et de confort pour l\u2019utilisation de la main.<\/li>\n<li>Conception, explication et modification du programme d\u2019aide \u00e0 domicile en fonction de l\u2019am\u00e9lioration du probl\u00e8me.<\/li>\n<li>Enseignement sur la maladie, la blessure ou le trouble, le processus de th\u00e9rapie et les d\u00e9lais pour aider le client \u00e0 prendre une d\u00e9cision \u00e9clair\u00e9e.<\/li>\n<\/ul>\n<h2>Crit\u00e8res d\u2019admissibilit\u00e9 et co\u00fbts<\/h2>\n<p>\u00c0 la clinique d\u2019ergoth\u00e9rapie du Campus Riverside, nous offrons des programmes subventionn\u00e9s limit\u00e9s aux recommandations internes \u00e0 L\u2019H\u00f4pital d\u2019Ottawa. La client\u00e8le ne paie pas pour ces services tant qu\u2019elle r\u00e9pond aux crit\u00e8res. Ces programmes sont couverts par le gouvernement provincial. Les crit\u00e8res d\u2019admissibilit\u00e9 s\u2019appliquent aux personnes qui ont besoin d\u2019une r\u00e9adaptation en phase aigu\u00eb de r\u00e9tablissement. Les options de traitement varient en fonction de la recommandation et des possibilit\u00e9s de financement. Les soins subventionn\u00e9s sont limit\u00e9s aux recommandations internes \u00e0 L\u2019H\u00f4pital d\u2019Ottawa. Des co\u00fbts suppl\u00e9mentaires seront associ\u00e9s \u00e0 la fourniture d\u2019attelles et de mat\u00e9riel. <strong>Les<\/strong>\u00a0<strong>co\u00fbts des attelles et autres biens ne sont pas couverts par l\u2019Assurance-sant\u00e9 de l\u2019Ontario (OHIP), mais peuvent l\u2019\u00eatre par les r\u00e9gimes d\u2019assurance maladie compl\u00e9mentaire de la personne.<\/strong><\/p>\n<p>Veuillez nous contacter directement pour conna\u00eetre les conditions \u00e0 remplir, le financement disponible ou les frais.<\/p>\n<h2>Physioth\u00e9rapie<\/h2>\n<p>Au Campus Riverside de L\u2019H\u00f4pital d\u2019Ottawa, la physioth\u00e9rapie est offerte \u00e0 la client\u00e8le pr\u00e9sentant divers troubles et blessures aigu\u00ebs (articulations, muscles et os). Pour plus d\u2019informations, veuillez consulter la page\u00a0<a href=\"https:\/\/www.ottawahospital.on.ca\/en\/our-model-of-care\/our-health-care-professional-team\/physiotherapy\/outpatient-services\/riverside-campus\/\">Clinique de physioth\u00e9rapie \u2013 Campus Riverside<\/a>.<\/p>\n<p><strong>Obtenir un rendez-vous<\/strong><\/p>\n<ul>\n<li>Les recommandations provenant de sources internes \u00e0 L\u2019H\u00f4pital d\u2019Ottawa sont g\u00e9n\u00e9r\u00e9es \u00e0 l\u2019interne via notre syst\u00e8me EPIC. La demande peut \u00e9galement \u00eatre envoy\u00e9e par t\u00e9l\u00e9copieur au 613\u00a0738-8431.<\/li>\n<li>Pour les services d\u2019ergoth\u00e9rapie non subventionn\u00e9s, veuillez composer le 613\u00a0738-8208 ou prendre rendez-vous en personne. Veuillez noter que notre service exige la recommandation d\u2019un m\u00e9decin pour tous les services d\u2019ergoth\u00e9rapie AVANT de prendre rendez-vous pour l\u2019\u00e9valuation initiale. Aucune visite n\u2019est accept\u00e9e.<\/li>\n<\/ul>\n<p>Toutes les recommandations sont trait\u00e9es dans l\u2019ordre o\u00f9 elles sont re\u00e7ues et selon nos crit\u00e8res de priorit\u00e9.<\/p>\n<h2>Adresse et heures d\u2019ouverture<\/h2>\n<p><strong>Campus Riverside\u00a0:<\/strong> 1967, prom. Riverside, Ottawa, ON K1H 7W9<\/p>\n<p>L\u2019acc\u00e8s \u00e0 notre clinique se fait par le couloir du rez-de-chauss\u00e9e (cherchez les SERVICES DE R\u00c9ADAPTATION).<\/p>\n<p>T\u00e9l. : 613 738-8208<\/p>\n<p>Courriel\u00a0: <a href=\"mailto:rivrehabdept@toh.ca\">rivrehabdept@toh.ca<\/a><\/p>\n<p>Lundi\u00a0: 7\u00a0h \u00e0 16\u00a0h<br \/>\nMardi\u00a0: 7\u00a0h \u00e0 16\u00a0h<br \/>\nMercredi\u00a0: 7\u00a0h \u00e0 16\u00a0h<br \/>\nJeudi\u00a0: 7\u00a0h \u00e0 16\u00a0h<br \/>\nVendredi\u00a0: 7\u00a0h \u00e0 16\u00a0h<\/p>\n","protected":false},"excerpt":{"rendered":"<p>Bienvenue \u00e0 la clinique externe de r\u00e9adaptation du Campus Riverside de L\u2019H\u00f4pital d\u2019Ottawa. La clinique se sp\u00e9cialise dans l\u2019\u00e9valuation et le traitement de divers troubles aigus touchant les articulations, les muscles, les nerfs et les os. Notre objectif est d\u2019aider la client\u00e8le \u00e0 se remettre d\u2019une blessure aigu\u00eb ou d\u2019une intervention chirurgicale par des traitements [&hellip;]<\/p>\n","protected":false},"author":25,"featured_media":0,"parent":7872,"menu_order":45,"comment_status":"closed","ping_status":"closed","template":"","meta":{"_acf_changed":false,"_mc_calendar":[],"footnotes":""},"class_list":["post-8918","page","type-page","status-publish","hentry"],"acf":[],"wps_subtitle":"","_links":{"self":[{"href":"https:\/\/www.ottawahospital.on.ca\/fr\/wp-json\/wp\/v2\/pages\/8918","targetHints":{"allow":["GET"]}}],"collection":[{"href":"https:\/\/www.ottawahospital.on.ca\/fr\/wp-json\/wp\/v2\/pages"}],"about":[{"href":"https:\/\/www.ottawahospital.on.ca\/fr\/wp-json\/wp\/v2\/types\/page"}],"author":[{"embeddable":true,"href":"https:\/\/www.ottawahospital.on.ca\/fr\/wp-json\/wp\/v2\/users\/25"}],"replies":[{"embeddable":true,"href":"https:\/\/www.ottawahospital.on.ca\/fr\/wp-json\/wp\/v2\/comments?post=8918"}],"version-history":[{"count":0,"href":"https:\/\/www.ottawahospital.on.ca\/fr\/wp-json\/wp\/v2\/pages\/8918\/revisions"}],"up":[{"embeddable":true,"href":"https:\/\/www.ottawahospital.on.ca\/fr\/wp-json\/wp\/v2\/pages\/7872"}],"wp:attachment":[{"href":"https:\/\/www.ottawahospital.on.ca\/fr\/wp-json\/wp\/v2\/media?parent=8918"}],"curies":[{"name":"wp","href":"https:\/\/api.w.org\/{rel}","templated":true}]}}