{"id":8903,"date":"2016-11-18T14:23:55","date_gmt":"2016-11-18T19:23:55","guid":{"rendered":"http:\/\/52.229.122.34\/fr\/?page_id=8903"},"modified":"2024-06-20T12:08:50","modified_gmt":"2024-06-20T16:08:50","slug":"clinique-de-neurosciences","status":"publish","type":"page","link":"https:\/\/www.ottawahospital.on.ca\/fr\/services-cliniques\/deptpgrmcs\/cliniques-et-services\/clinique-de-neurosciences\/","title":{"rendered":"Clinique de neurosciences"},"content":{"rendered":"<h2>Vue d&rsquo;ensemble<\/h2>\n<p>La Clinique de neurosciences offre des consultations et des soins en neurochirurgie et en neurologie aux patients externes. On y re\u00e7oit aussi de nouveaux patients recommand\u00e9s par leur m\u00e9decin traitant, ainsi que des patients n\u00e9cessitant un suivi.<\/p>\n<p>L\u2019\u00e9quipe de la Clinique est form\u00e9e de neurologues, de neurochirurgiens, d\u2019infirmi\u00e8res autoris\u00e9es, d\u2019infirmi\u00e8res auxiliaires autoris\u00e9es et de personnel administratif.<\/p>\n<p>Les infirmi\u00e8res effectuent notamment le retrait de points de suture, le soin des plaies et donnent des conseils sur les m\u00e9dicaments \u00e0 prendre avant et apr\u00e8s l\u2019op\u00e9ration, les activit\u00e9s et le soin des plaies. Elles offrent \u00e9galement du soutien moral et de l\u2019enseignement aux patients.<\/p>\n<p>La Clinique de neurosciences offre de nombreux\u00a0 traitements et services sp\u00e9cialis\u00e9s, dont ceux ax\u00e9s sur :<\/p>\n<ul>\n<li>la pr\u00e9vention des AVC<\/li>\n<li><a href=\"https:\/\/www.ottawahospital.on.ca\/fr\/services-cliniques\/deptpgrmcs\/programmes\/epilepsie\/\">l&rsquo;\u00e9pilepsie<\/a><\/li>\n<li>les troubles du mouvement\u00a0 (y compris la maladie de Parkinson)<\/li>\n<li>les maladies hypophysaires<\/li>\n<li>le traitement par CyberKnife<\/li>\n<li>les migraines<\/li>\n<li>la scl\u00e9rose en plaques<\/li>\n<li>la sant\u00e9 neurovasculaire<\/li>\n<\/ul>\n<p><a href=\"https:\/\/www.ottawahospital.on.ca\/fr\/documents\/2024\/06\/demo.pdf\/\">Guide sur la gu\u00e9rison apr\u00e8s un an\u00e9vrisme<\/a><\/p>\n<h2>Rendez-vous<\/h2>\n<p>Recommandation du m\u00e9decin traitant exig\u00e9e.<br \/>\nDu lundi au vendredi de 8 h \u00e0 16\u00a0h<\/p>\n<h2>Pour nous joindre<\/h2>\n<p>Campus Civic\u00a0: C2, 2<sup>e<\/sup> \u00e9tage<br \/>\n|Neurochirurgie\u00a0: 613-761-5383, poste 0<br \/>\nNeurologie\u00a0: 613-761-5353, poste 0<\/p>\n","protected":false},"excerpt":{"rendered":"<p>Vue d&rsquo;ensemble La Clinique de neurosciences offre des consultations et des soins en neurochirurgie et en neurologie aux patients externes. On y re\u00e7oit aussi de nouveaux patients recommand\u00e9s par leur m\u00e9decin traitant, ainsi que des patients n\u00e9cessitant un suivi. L\u2019\u00e9quipe de la Clinique est form\u00e9e de neurologues, de neurochirurgiens, d\u2019infirmi\u00e8res autoris\u00e9es, d\u2019infirmi\u00e8res auxiliaires autoris\u00e9es et [&hellip;]<\/p>\n","protected":false},"author":25,"featured_media":0,"parent":7872,"menu_order":43,"comment_status":"closed","ping_status":"closed","template":"","meta":{"_acf_changed":false,"_mc_calendar":[],"footnotes":""},"class_list":["post-8903","page","type-page","status-publish","hentry"],"acf":[],"wps_subtitle":"","_links":{"self":[{"href":"https:\/\/www.ottawahospital.on.ca\/fr\/wp-json\/wp\/v2\/pages\/8903","targetHints":{"allow":["GET"]}}],"collection":[{"href":"https:\/\/www.ottawahospital.on.ca\/fr\/wp-json\/wp\/v2\/pages"}],"about":[{"href":"https:\/\/www.ottawahospital.on.ca\/fr\/wp-json\/wp\/v2\/types\/page"}],"author":[{"embeddable":true,"href":"https:\/\/www.ottawahospital.on.ca\/fr\/wp-json\/wp\/v2\/users\/25"}],"replies":[{"embeddable":true,"href":"https:\/\/www.ottawahospital.on.ca\/fr\/wp-json\/wp\/v2\/comments?post=8903"}],"version-history":[{"count":0,"href":"https:\/\/www.ottawahospital.on.ca\/fr\/wp-json\/wp\/v2\/pages\/8903\/revisions"}],"up":[{"embeddable":true,"href":"https:\/\/www.ottawahospital.on.ca\/fr\/wp-json\/wp\/v2\/pages\/7872"}],"wp:attachment":[{"href":"https:\/\/www.ottawahospital.on.ca\/fr\/wp-json\/wp\/v2\/media?parent=8903"}],"curies":[{"name":"wp","href":"https:\/\/api.w.org\/{rel}","templated":true}]}}