{"id":8899,"date":"2016-11-18T14:24:24","date_gmt":"2016-11-18T19:24:24","guid":{"rendered":"http:\/\/52.229.122.34\/fr\/?page_id=8899"},"modified":"2024-12-27T08:38:19","modified_gmt":"2024-12-27T13:38:19","slug":"votre-premiere-visite-au-centre-de-cancerologie","status":"publish","type":"page","link":"https:\/\/www.ottawahospital.on.ca\/fr\/services-cliniques\/deptpgrmcs\/programmes\/programme-de-cancerologie\/votre-premiere-visite-au-centre-de-cancerologie\/","title":{"rendered":"Votre premi\u00e8re visite au Centre de canc\u00e9rologie"},"content":{"rendered":"\n<p>Des b\u00e9n\u00e9voles \u2013 les ambassadeurs aupr\u00e8s des patients \u2013 sont disponibles au besoin pour vous aider \u00e0 vous orienter dans le Centre de canc\u00e9rologie. Ils peuvent aussi vous donner sur place des renseignements et du soutien pendant que vous attendez pour un rendez-vous. Vous pouvez les rep\u00e9rer gr\u00e2ce \u00e0 leur gilet bleu.<\/p>\n\n\n\n<p><em>Veuillez noter que les patients n\u2019ont pas tous leur premi\u00e8re visite li\u00e9e au cancer au Centre de canc\u00e9rologie. Par exemple, les patients qui ont un cancer h\u00e9matologique (du sang) peuvent avoir leur premier rendez-vous au Module L de l\u2019H\u00f4pital et non au Centre de canc\u00e9rologie.<\/em><\/p>\n\n\n\n<p class=\"has-background\" style=\"background-color:#c6e3e8\">Nous vous encourageons \u00e0 venir en compagnie d\u2019un proche ou d\u2019un ami pour avoir son soutien pendant votre rendez-vous.<\/p>\n\n\n\n<h2 class=\"wp-block-heading\">Ce que vous devez apporter au rendez-vous<\/h2>\n\n\n\n<ul class=\"wp-block-list\">\n<li>votre carte d\u2019assurance-sant\u00e9 de l\u2019Ontario (ou d\u2019une autre province, selon votre lieu de r\u00e9sidence)<\/li>\n\n\n\n<li>votre carte verte de L\u2019H\u00f4pital d\u2019Ottawa (si vous en avez une)<\/li>\n\n\n\n<li>votre <a href=\"\/fr\/documents\/2017\/01\/nur124fr.pdf\" target=\"_blank\" rel=\"noopener\">auto-d\u00e9claration des ant\u00e9c\u00e9dents m\u00e9dicaux<\/a> d\u00fbment remplie (Si vous n\u2019avez pas re\u00e7u ce formulaire, nous vous en remettrons un \u00e0 votre inscription au Centre de canc\u00e9rologie.)<\/li>\n\n\n\n<li>le nom et les coordonn\u00e9es de votre m\u00e9decin de famille<\/li>\n\n\n\n<li>la liste des m\u00e9dicaments que vous prenez (demandez-la \u00e0 votre pharmacien)<\/li>\n\n\n\n<li>la liste des vitamines, min\u00e9raux et autre suppl\u00e9ments naturels que vous prenez r\u00e9guli\u00e8rement<\/li>\n<\/ul>\n\n\n\n<h2 class=\"wp-block-heading\">Ce que vous pourriez aimer avoir sous la main<\/h2>\n\n\n\n<ul class=\"wp-block-list\">\n<li>un cahier de notes et un crayon pour \u00e9crire des renseignements importants<\/li>\n\n\n\n<li>votre carte d\u2019assurance-m\u00e9dicaments (si vous en avez une) ou un livret de renseignements sur votre assurance-m\u00e9dicaments<\/li>\n\n\n\n<li><a href=\"#questions\">la liste des questions que vous voulez poser au m\u00e9decin ou \u00e0 l\u2019infirmi\u00e8re<\/a><\/li>\n\n\n\n<li>une collation et des rafra\u00eechissements (nous n\u2019offrons pas de repas au Centre de canc\u00e9rologie, mais vous pouvez en acheter \u00e0 la caf\u00e9t\u00e9ria ou dans un de nos caf\u00e9s)<\/li>\n<\/ul>\n\n\n\n<p class=\"has-background\" style=\"background-color:#c6e3e8\">L\u2019H\u00f4pital d\u2019Ottawa est un milieu sans parfum. Ne mettez pas de parfum, de lotion apr\u00e8s-rasage ou tout autre produit parfum\u00e9 le jour de votre rendez-vous.<\/p>\n\n\n\n<h2 class=\"wp-block-heading\">Inscription<\/h2>\n\n\n\n<p>Tous les patients doivent s\u2019inscrire \u00e0 la r\u00e9ception situ\u00e9e \u00e0 l\u2019entr\u00e9e principale du Centre de canc\u00e9rologie. Nous vous remettrons une carte verte de l\u2019H\u00f4pital \u00e0 votre nom si vous n\u2019en avez pas d\u00e9j\u00e0 une. Conservez en tout temps cette carte et votre carte d\u2019assurance-sant\u00e9 (de l\u2019Ontario ou d\u2019une autre province) dans votre portefeuille. Vous devrez les pr\u00e9senter chaque fois que vous venez \u00e0 un rendez-vous au Centre de canc\u00e9rologie.<\/p>\n\n\n\n<p class=\"has-background\" style=\"background-color:#c6e3e8\">Avisez la r\u00e9ceptionniste si vos coordonn\u00e9es ou celles de la personne \u00e0 appeler en cas d\u2019urgence ont chang\u00e9 ou si vous avez un nouveau m\u00e9decin de famille.<\/p>\n\n\n\n<p>Comment allez-vous aujourd\u2019hui? (d\u00e9pistage des sympt\u00f4mes)<\/p>\n\n\n\n<p>Chaque fois que vous viendrez au Centre de canc\u00e9rologie, nous vous demanderons de remplir un petit questionnaire sur vos sympt\u00f4mes. Dans certaines cliniques, vous serez invit\u00e9 \u00e0 compl\u00e9ter l&rsquo;\u00e9valuation \u00e0 un ordinateur et dans d&rsquo;autres cliniques vous pouvez \u00eatre invit\u00e9 \u00e0 compl\u00e9ter l&rsquo;\u00e9valuation sur papier. Vos r\u00e9ponses aideront votre \u00e9quipe de soins \u00e0 mieux comprendre comment vous vous sentez cette journ\u00e9e l\u00e0 et \u00e0 vous offrir le soutien dont vous avez besoin.<\/p>\n\n\n\n<h2 class=\"wp-block-heading\">Rencontre de votre \u00e9quipe de soins<\/h2>\n\n\n\n<p>Apr\u00e8s avoir rempli le questionnaire, vous rencontrerez votre \u00e9quipe de soins. Ils examineront vos ant\u00e9c\u00e9dents m\u00e9dicaux et vos rapports et discuteront de votre cancer. Ils vous expliqueront quels sont les traitements qui s\u2019offrent \u00e0 vous. La plupart du temps, vous ne recevrez pas de traitement lors du premier rendez-vous. Il sera plut\u00f4t consacr\u00e9 \u00e0 la planification de vos soins. N\u2019h\u00e9sitez pas \u00e0 poser des questions si vous ne comprenez pas certaines choses.<\/p>\n\n\n\n<p class=\"has-background\" style=\"background-color:#c6e3e8\">Le premier rendez-vous peut \u00eatre assez long, car l\u2019\u00e9quipe prendra le temps qu\u2019il faut pour bien couvrir tous les aspects de vos soins.<\/p>\n\n\n\n<h2 class=\"wp-block-heading\">\u00c0 l\u2019attention des patients du Programme de canc\u00e9rologie<\/h2>\n\n\n\n<p>Le Programme de canc\u00e9rologie de L\u2019H\u00f4pital d\u2019Ottawa est un programme d\u2019enseignement. Vous pourriez donc recevoir des soins de membres du personnel soignant de diff\u00e9rents niveaux de formation. Chacun devrait se pr\u00e9senter en vous pr\u00e9cisant son niveau de formation. Les voici\u202f:&nbsp;<\/p>\n\n\n\n<div class=\"wp-block-group is-vertical is-layout-flex wp-container-core-group-is-layout-8cf370e7 wp-block-group-is-layout-flex\">\n<ul class=\"wp-block-list\">\n<li><strong>Oncologue\u202f: <\/strong>M\u00e9decin qui se sp\u00e9cialise dans le diagnostic, le traitement et la prise en charge du cancer.&nbsp;&nbsp;<\/li>\n<\/ul>\n\n\n\n<ul class=\"wp-block-list\">\n<li>Autres membres du personnel soignant sous la supervision de l\u2019oncologue de l\u2019H\u00f4pital\u202f:&nbsp;<\/li>\n<\/ul>\n\n\n\n<ul class=\"wp-block-list\">\n<li><strong>\u00c9tudiant en m\u00e9decine\u202f: <\/strong>\u00c9tudiant en voie de devenir m\u00e9decin.&nbsp;<\/li>\n<\/ul>\n\n\n\n<ul class=\"wp-block-list\">\n<li><strong>R\u00e9sident\u202f: <\/strong>M\u00e9decin qualifi\u00e9 en formation sp\u00e9cialis\u00e9e comme l\u2019oncologie.&nbsp;<\/li>\n<\/ul>\n\n\n\n<ul class=\"wp-block-list\">\n<li><strong>Moniteur clinique\u202f: <\/strong>Oncologue qualifi\u00e9 qui effectue une formation sursp\u00e9cialis\u00e9e en oncologie.&nbsp;<\/li>\n<\/ul>\n\n\n\n<ul class=\"wp-block-list\">\n<li><strong>Omnipraticien en oncologie\u202f: <\/strong>M\u00e9decin de famille qualifi\u00e9 ou sp\u00e9cialiste en m\u00e9decine interne ayant une formation additionnelle ou de l\u2019exp\u00e9rience en soins aux patients atteints du cancer.&nbsp;<\/li>\n<\/ul>\n\n\n\n<ul class=\"wp-block-list\">\n<li><strong>Infirmi\u00e8re praticienne\u202f: <\/strong>Infirmi\u00e8re praticienne autoris\u00e9e ayant une formation additionnelle ou de l\u2019exp\u00e9rience en soins aux patients atteints du cancer.&nbsp;<\/li>\n<\/ul>\n<\/div>\n\n\n\n<p>L\u2019oncologue supervise les membres du personnel soignant et leur conf\u00e8re des responsabilit\u00e9s selon leur niveau de formation. Il est possible que l\u2019oncologue ne puisse pas vous voir \u00e0 chacun de vos rendez-vous. Si vous voulez discuter avec votre oncologue personnellement \u00e0 propos de vos soins, n\u2019h\u00e9sitez pas \u00e0 le demander.&nbsp;<\/p>\n\n\n\n<h2 class=\"wp-block-heading\" id=\"questions\">Questions \u00e0 poser \u00e0 votre \u00e9quipe de soins<\/h2>\n\n\n\n<p>Apprendre qu\u2019on a le cancer peut \u00eatre effrayant et stressant. Vous avez probablement de nombreuses questions et pr\u00e9occupations. Voici quelques questions que vous pouvez utiliser pour vous aider \u00e0 mieux comprendre votre cancer et vos options. Il se peut que ces questions ne s\u2019appliquent pas toutes \u00e0 votre cas, mais elles devraient \u00eatre un bon point de d\u00e9part.<\/p>\n\n\n\n<ol class=\"wp-block-list\">\n<li>Quel type de cancer ai-je exactement?<\/li>\n\n\n\n<li>O\u00f9 est situ\u00e9 le cancer?<\/li>\n\n\n\n<li>Le cancer s\u2019est-il propag\u00e9 au-del\u00e0 de l\u2019endroit o\u00f9 il est apparu?<\/li>\n\n\n\n<li>Qu\u2019est-ce que le stade du cancer? Qu\u2019est-ce que \u00e7a signifie?<\/li>\n\n\n\n<li>Comment cela influence-t-il mes options de traitement et mes r\u00e9sultats \u00e0 long terme (pronostic)?<\/li>\n\n\n\n<li>Aurai-je besoin de passer d\u2019autres tests avant que nous d\u00e9cidions du traitement?<\/li>\n\n\n\n<li>Quels sont mes choix de traitement?<\/li>\n\n\n\n<li>Quel traitement recommandez-vous et pourquoi?<\/li>\n\n\n\n<li>Quel est le but de mon traitement?<\/li>\n\n\n\n<li>Devrais-je envisager un test g\u00e9n\u00e9tique?<\/li>\n\n\n\n<li>Devrais-je envisager de participer \u00e0 un essai clinique?<\/li>\n<\/ol>\n","protected":false},"excerpt":{"rendered":"<p>Des b\u00e9n\u00e9voles \u2013 les ambassadeurs aupr\u00e8s des patients \u2013 sont disponibles au besoin pour vous aider \u00e0 vous orienter dans le Centre de canc\u00e9rologie. Ils peuvent aussi vous donner sur place des renseignements et du soutien pendant que vous attendez pour un rendez-vous. Vous pouvez les rep\u00e9rer gr\u00e2ce \u00e0 leur gilet bleu. Veuillez noter que [&hellip;]<\/p>\n","protected":false},"author":25,"featured_media":0,"parent":8806,"menu_order":2,"comment_status":"closed","ping_status":"closed","template":"","meta":{"_acf_changed":false,"_mc_calendar":[],"footnotes":""},"class_list":["post-8899","page","type-page","status-publish","hentry"],"acf":[],"wps_subtitle":"","_links":{"self":[{"href":"https:\/\/www.ottawahospital.on.ca\/fr\/wp-json\/wp\/v2\/pages\/8899","targetHints":{"allow":["GET"]}}],"collection":[{"href":"https:\/\/www.ottawahospital.on.ca\/fr\/wp-json\/wp\/v2\/pages"}],"about":[{"href":"https:\/\/www.ottawahospital.on.ca\/fr\/wp-json\/wp\/v2\/types\/page"}],"author":[{"embeddable":true,"href":"https:\/\/www.ottawahospital.on.ca\/fr\/wp-json\/wp\/v2\/users\/25"}],"replies":[{"embeddable":true,"href":"https:\/\/www.ottawahospital.on.ca\/fr\/wp-json\/wp\/v2\/comments?post=8899"}],"version-history":[{"count":0,"href":"https:\/\/www.ottawahospital.on.ca\/fr\/wp-json\/wp\/v2\/pages\/8899\/revisions"}],"up":[{"embeddable":true,"href":"https:\/\/www.ottawahospital.on.ca\/fr\/wp-json\/wp\/v2\/pages\/8806"}],"wp:attachment":[{"href":"https:\/\/www.ottawahospital.on.ca\/fr\/wp-json\/wp\/v2\/media?parent=8899"}],"curies":[{"name":"wp","href":"https:\/\/api.w.org\/{rel}","templated":true}]}}