{"id":8898,"date":"2016-11-18T14:22:36","date_gmt":"2016-11-18T19:22:36","guid":{"rendered":"http:\/\/52.229.122.34\/fr\/?page_id=8898"},"modified":"2016-12-09T11:13:10","modified_gmt":"2016-12-09T16:13:10","slug":"suivi-neonatal","status":"publish","type":"page","link":"https:\/\/www.ottawahospital.on.ca\/fr\/services-cliniques\/deptpgrmcs\/cliniques-et-services\/suivi-neonatal\/","title":{"rendered":"Suivi n\u00e9onatal"},"content":{"rendered":"<h2>Vue d\u2019ensemble<\/h2>\n<p>Les professionnels de la Division de n\u00e9onatologie offrent \u00e9galement un suivi n\u00e9onatal complet \u00e0 tous les nouveau-n\u00e9s qui p\u00e8sent moins de 1 250 g ou ont d\u2019autres facteurs de risque.<\/p>\n<p>Vous devrez vous pr\u00e9senter au CHEO quand votre b\u00e9b\u00e9 aura 4 mois, 10 mois, 18 mois et 4 ans. Les professionnels \u00e9valueront sa capacit\u00e9 motrice, cognitive, visuelle et auditive pour d\u00e9pister toute anomalie et ainsi pouvoir le diriger le plus t\u00f4t possible vers un sp\u00e9cialiste. Le suivi est assur\u00e9 par une \u00e9quipe multidisciplinaire dirig\u00e9e par le D<sup>r<\/sup> Thierry Daboval.<\/p>\n<h2>Rendez\u2013vous<\/h2>\n<p>Les m\u00e9decins qui souhaitent r\u00e9f\u00e9rer un nouveau-n\u00e9 \u00e0 risque \u00e9lev\u00e9 peuvent envoyer une demande de consultation au D<sup>r<\/sup> Daboval au 613-738-4847.<\/p>\n","protected":false},"excerpt":{"rendered":"<p>Vue d\u2019ensemble Les professionnels de la Division de n\u00e9onatologie offrent \u00e9galement un suivi n\u00e9onatal complet \u00e0 tous les nouveau-n\u00e9s qui p\u00e8sent moins de 1 250 g ou ont d\u2019autres facteurs de risque. Vous devrez vous pr\u00e9senter au CHEO quand votre b\u00e9b\u00e9 aura 4 mois, 10 mois, 18 mois et 4 ans. Les professionnels \u00e9valueront sa [&hellip;]<\/p>\n","protected":false},"author":25,"featured_media":0,"parent":7872,"menu_order":42,"comment_status":"closed","ping_status":"closed","template":"","meta":{"_acf_changed":false,"_mc_calendar":[],"footnotes":""},"class_list":["post-8898","page","type-page","status-publish","hentry"],"acf":[],"wps_subtitle":"","_links":{"self":[{"href":"https:\/\/www.ottawahospital.on.ca\/fr\/wp-json\/wp\/v2\/pages\/8898","targetHints":{"allow":["GET"]}}],"collection":[{"href":"https:\/\/www.ottawahospital.on.ca\/fr\/wp-json\/wp\/v2\/pages"}],"about":[{"href":"https:\/\/www.ottawahospital.on.ca\/fr\/wp-json\/wp\/v2\/types\/page"}],"author":[{"embeddable":true,"href":"https:\/\/www.ottawahospital.on.ca\/fr\/wp-json\/wp\/v2\/users\/25"}],"replies":[{"embeddable":true,"href":"https:\/\/www.ottawahospital.on.ca\/fr\/wp-json\/wp\/v2\/comments?post=8898"}],"version-history":[{"count":0,"href":"https:\/\/www.ottawahospital.on.ca\/fr\/wp-json\/wp\/v2\/pages\/8898\/revisions"}],"up":[{"embeddable":true,"href":"https:\/\/www.ottawahospital.on.ca\/fr\/wp-json\/wp\/v2\/pages\/7872"}],"wp:attachment":[{"href":"https:\/\/www.ottawahospital.on.ca\/fr\/wp-json\/wp\/v2\/media?parent=8898"}],"curies":[{"name":"wp","href":"https:\/\/api.w.org\/{rel}","templated":true}]}}