{"id":8882,"date":"2016-11-18T14:10:38","date_gmt":"2016-11-18T19:10:38","guid":{"rendered":"http:\/\/52.229.122.34\/fr\/?page_id=8882"},"modified":"2024-06-11T09:22:09","modified_gmt":"2024-06-11T13:22:09","slug":"clinique-des-troubles-du-mouvement","status":"publish","type":"page","link":"https:\/\/www.ottawahospital.on.ca\/fr\/services-cliniques\/deptpgrmcs\/cliniques-et-services\/clinique-des-troubles-du-mouvement\/","title":{"rendered":"Clinique des troubles du mouvement"},"content":{"rendered":"<h2>Vue d\u2019ensemble<\/h2>\n<p>Cette clinique s&rsquo;occupe de la prise en charge m\u00e9dicale et de l&rsquo;enseignement aux patients atteints de divers troubles du mouvement dont la dystonie, la myoclonie, la chor\u00e9e et les tics.<\/p>\n<p>La clinique a une vaste exp\u00e9rience de l&rsquo;administration d&rsquo;injections de la toxine botulinique pour traiter la dystonie focale et le spasme h\u00e9mifacial. Elle offre aux patients un soutien affectif et du counseling; de plus, elle oriente vers d&rsquo;autres organismes de services sociaux et de sant\u00e9 au sein de la communaut\u00e9 qui peuvent leur \u00eatre utiles ainsi qu&rsquo;\u00e0 leur famille.<\/p>\n<p><strong>Personnel :<\/strong> Le D<sup>r<\/sup> D. A. Grimes, MD, FRCP(C), est le directeur.<\/p>\n<h2>Rendez\u2013vous<\/h2>\n<p>Recommandation d&rsquo;un m\u00e9decin<\/p>\n<p>Lundi, 8 h &#8211; 16 h<br \/>\nMercredi, 8 h &#8211; 12 h<\/p>\n<h2>Pour nous joindre<\/h2>\n<p><strong>Campus Civic :\u00a0<\/strong>C2<\/p>\n<p>T\u00e9l : 613-798-5555 Ext. 18162<br \/>\nT\u00e9l\u00e9c. : 613-761-5360<\/p>\n","protected":false},"excerpt":{"rendered":"<p>Vue d\u2019ensemble Cette clinique s&rsquo;occupe de la prise en charge m\u00e9dicale et de l&rsquo;enseignement aux patients atteints de divers troubles du mouvement dont la dystonie, la myoclonie, la chor\u00e9e et les tics. La clinique a une vaste exp\u00e9rience de l&rsquo;administration d&rsquo;injections de la toxine botulinique pour traiter la dystonie focale et le spasme h\u00e9mifacial. Elle [&hellip;]<\/p>\n","protected":false},"author":25,"featured_media":0,"parent":7872,"menu_order":40,"comment_status":"closed","ping_status":"closed","template":"","meta":{"_acf_changed":false,"_mc_calendar":[],"footnotes":""},"class_list":["post-8882","page","type-page","status-publish","hentry"],"acf":[],"wps_subtitle":"","_links":{"self":[{"href":"https:\/\/www.ottawahospital.on.ca\/fr\/wp-json\/wp\/v2\/pages\/8882","targetHints":{"allow":["GET"]}}],"collection":[{"href":"https:\/\/www.ottawahospital.on.ca\/fr\/wp-json\/wp\/v2\/pages"}],"about":[{"href":"https:\/\/www.ottawahospital.on.ca\/fr\/wp-json\/wp\/v2\/types\/page"}],"author":[{"embeddable":true,"href":"https:\/\/www.ottawahospital.on.ca\/fr\/wp-json\/wp\/v2\/users\/25"}],"replies":[{"embeddable":true,"href":"https:\/\/www.ottawahospital.on.ca\/fr\/wp-json\/wp\/v2\/comments?post=8882"}],"version-history":[{"count":0,"href":"https:\/\/www.ottawahospital.on.ca\/fr\/wp-json\/wp\/v2\/pages\/8882\/revisions"}],"up":[{"embeddable":true,"href":"https:\/\/www.ottawahospital.on.ca\/fr\/wp-json\/wp\/v2\/pages\/7872"}],"wp:attachment":[{"href":"https:\/\/www.ottawahospital.on.ca\/fr\/wp-json\/wp\/v2\/media?parent=8882"}],"curies":[{"name":"wp","href":"https:\/\/api.w.org\/{rel}","templated":true}]}}