{"id":8875,"date":"2016-11-18T14:08:46","date_gmt":"2016-11-18T19:08:46","guid":{"rendered":"http:\/\/52.229.122.34\/fr\/?page_id=8875"},"modified":"2023-09-20T10:38:34","modified_gmt":"2023-09-20T14:38:34","slug":"clinique-de-la-menopause","status":"publish","type":"page","link":"https:\/\/www.ottawahospital.on.ca\/fr\/services-cliniques\/deptpgrmcs\/cliniques-et-services\/clinique-de-la-menopause\/","title":{"rendered":"Clinique de la m\u00e9nopause"},"content":{"rendered":"<h2>Vue d\u2019ensemble<\/h2>\n<p>La Clinique de la m\u00e9nopause prend en charge les femmes m\u00e9nopaus\u00e9es qui ont des probl\u00e8mes de sant\u00e9 complexes.<\/p>\n<p>Nos m\u00e9decins sont, entre autres, gyn\u00e9cologues, internistes et m\u00e9decins de famille. Les services offerts portent sur l&rsquo;enseignement, l&rsquo;\u00e9valuation et le traitement de la patiente ainsi que l&rsquo;\u00e9laboration d&rsquo;un plan de soins individualis\u00e9.<\/p>\n<p><!--\n\n\n<h3>S\u00e9ances d\u2019information publique sur la m\u00e9nopause<\/h3>\n\n\nDes s\u00e9ances d\u2019information publiques sont offertes gratuitement toute l\u2019ann\u00e9e, en fran\u00e7ais et en anglais. L\u2019inscription est obligatoire. Pour conna\u00eetre la date, l\u2019heure et le lieu des s\u00e9ances ainsi que les renseignements sur l\u2019inscription,\u00a0<a href=\"https:\/\/www.ottawahospital.on.ca\/fr\/documents\/2020\/02\/seances-dinformation-publique-sur-la-menopause.pdf\">consultez le\u00a0calendrier des s\u00e9ances.<\/a>\n\n--><\/p>\n<h2>Rendez\u2013vous<\/h2>\n<p>Recommandation d&rsquo;un m\u00e9decin<\/p>\n<p>Lundi &#8211; vendredi, 8 h &#8211; 16 h<\/p>\n<h2>Pour nous joindre<\/h2>\n<p><strong>Campus Riverside<\/strong> : Centre de sant\u00e9 pour les femmes, 7e \u00e9tage<\/p>\n<p>T\u00e9l. : 613-738-8400, poste 81725<br \/>\nT\u00e9l\u00e9c. : 613-738-8524<\/p>\n","protected":false},"excerpt":{"rendered":"<p>Vue d\u2019ensemble La Clinique de la m\u00e9nopause prend en charge les femmes m\u00e9nopaus\u00e9es qui ont des probl\u00e8mes de sant\u00e9 complexes. Nos m\u00e9decins sont, entre autres, gyn\u00e9cologues, internistes et m\u00e9decins de famille. Les services offerts portent sur l&rsquo;enseignement, l&rsquo;\u00e9valuation et le traitement de la patiente ainsi que l&rsquo;\u00e9laboration d&rsquo;un plan de soins individualis\u00e9. Rendez\u2013vous Recommandation d&rsquo;un [&hellip;]<\/p>\n","protected":false},"author":25,"featured_media":0,"parent":7872,"menu_order":39,"comment_status":"closed","ping_status":"closed","template":"","meta":{"_acf_changed":false,"_mc_calendar":[],"footnotes":""},"class_list":["post-8875","page","type-page","status-publish","hentry"],"acf":[],"wps_subtitle":"","_links":{"self":[{"href":"https:\/\/www.ottawahospital.on.ca\/fr\/wp-json\/wp\/v2\/pages\/8875","targetHints":{"allow":["GET"]}}],"collection":[{"href":"https:\/\/www.ottawahospital.on.ca\/fr\/wp-json\/wp\/v2\/pages"}],"about":[{"href":"https:\/\/www.ottawahospital.on.ca\/fr\/wp-json\/wp\/v2\/types\/page"}],"author":[{"embeddable":true,"href":"https:\/\/www.ottawahospital.on.ca\/fr\/wp-json\/wp\/v2\/users\/25"}],"replies":[{"embeddable":true,"href":"https:\/\/www.ottawahospital.on.ca\/fr\/wp-json\/wp\/v2\/comments?post=8875"}],"version-history":[{"count":0,"href":"https:\/\/www.ottawahospital.on.ca\/fr\/wp-json\/wp\/v2\/pages\/8875\/revisions"}],"up":[{"embeddable":true,"href":"https:\/\/www.ottawahospital.on.ca\/fr\/wp-json\/wp\/v2\/pages\/7872"}],"wp:attachment":[{"href":"https:\/\/www.ottawahospital.on.ca\/fr\/wp-json\/wp\/v2\/media?parent=8875"}],"curies":[{"name":"wp","href":"https:\/\/api.w.org\/{rel}","templated":true}]}}