{"id":8868,"date":"2016-11-18T14:06:12","date_gmt":"2016-11-18T19:06:12","guid":{"rendered":"http:\/\/52.229.122.34\/fr\/?page_id=8868"},"modified":"2016-12-09T11:09:56","modified_gmt":"2016-12-09T16:09:56","slug":"clinique-de-medicine","status":"publish","type":"page","link":"https:\/\/www.ottawahospital.on.ca\/fr\/services-cliniques\/deptpgrmcs\/cliniques-et-services\/clinique-de-medicine\/","title":{"rendered":"Clinique de m\u00e9dicine"},"content":{"rendered":"<h2>Aper\u00e7u<\/h2>\n<p>Les cliniques de m\u00e9decine aux campus G\u00e9n\u00e9ral, Civic et Riverside de L\u2019H\u00f4pital d\u2019Ottawa offrent divers services sp\u00e9cialis\u00e9s visant \u00e0 diagnostiquer et \u00e0 traiter un vaste \u00e9ventail de maladies. L\u2019\u00e9quipe clinique compos\u00e9e de m\u00e9decins, d\u2019infirmi\u00e8res et d\u2019autres professionnels de la sant\u00e9 r\u00e9pond de fa\u00e7on continue aux besoins des patients.<\/p>\n<p>Le personnel clinique \u00e9value, prend en charge et traite les maladies comme l\u2019arthrite, le diab\u00e8te, l\u2019insuffisance cardiaque congestive et le lupus. Une \u00e9valuation pr\u00e9cise et l\u2019enseignement aux patients font en sorte que les patients qui se pr\u00e9sentent pour une premi\u00e8re consultation, un suivi ou un diagnostic re\u00e7oivent les meilleurs soins possible.<\/p>\n<h2>Rendez\u2013vous<\/h2>\n<p>Recommandation m\u00e9dicale obligatoire<\/p>\n<p><strong>Campus Civic, G\u00e9n\u00e9ral et Riverside <\/strong><strong>:<\/strong> du lundi au vendredi, de 8\u00a0h \u00e0 16\u00a0h<\/p>\n<h2>Nous joindre<\/h2>\n<p><strong>Campus Civic : <\/strong>Clinique Parkdale, 4<sup>e<\/sup> \u00e9tage<br \/>\n<strong>Campus G\u00e9n\u00e9ral :<\/strong> 2<sup>e<\/sup> \u00e9tage, Modules L et M<br \/>\n<strong>Campus Riverside :<\/strong> 6<sup>e<\/sup> \u00e9tage<\/p>\n","protected":false},"excerpt":{"rendered":"<p>Aper\u00e7u Les cliniques de m\u00e9decine aux campus G\u00e9n\u00e9ral, Civic et Riverside de L\u2019H\u00f4pital d\u2019Ottawa offrent divers services sp\u00e9cialis\u00e9s visant \u00e0 diagnostiquer et \u00e0 traiter un vaste \u00e9ventail de maladies. L\u2019\u00e9quipe clinique compos\u00e9e de m\u00e9decins, d\u2019infirmi\u00e8res et d\u2019autres professionnels de la sant\u00e9 r\u00e9pond de fa\u00e7on continue aux besoins des patients. Le personnel clinique \u00e9value, prend en [&hellip;]<\/p>\n","protected":false},"author":25,"featured_media":0,"parent":7872,"menu_order":38,"comment_status":"closed","ping_status":"closed","template":"","meta":{"_acf_changed":false,"_mc_calendar":[],"footnotes":""},"class_list":["post-8868","page","type-page","status-publish","hentry"],"acf":[],"wps_subtitle":"","_links":{"self":[{"href":"https:\/\/www.ottawahospital.on.ca\/fr\/wp-json\/wp\/v2\/pages\/8868","targetHints":{"allow":["GET"]}}],"collection":[{"href":"https:\/\/www.ottawahospital.on.ca\/fr\/wp-json\/wp\/v2\/pages"}],"about":[{"href":"https:\/\/www.ottawahospital.on.ca\/fr\/wp-json\/wp\/v2\/types\/page"}],"author":[{"embeddable":true,"href":"https:\/\/www.ottawahospital.on.ca\/fr\/wp-json\/wp\/v2\/users\/25"}],"replies":[{"embeddable":true,"href":"https:\/\/www.ottawahospital.on.ca\/fr\/wp-json\/wp\/v2\/comments?post=8868"}],"version-history":[{"count":0,"href":"https:\/\/www.ottawahospital.on.ca\/fr\/wp-json\/wp\/v2\/pages\/8868\/revisions"}],"up":[{"embeddable":true,"href":"https:\/\/www.ottawahospital.on.ca\/fr\/wp-json\/wp\/v2\/pages\/7872"}],"wp:attachment":[{"href":"https:\/\/www.ottawahospital.on.ca\/fr\/wp-json\/wp\/v2\/media?parent=8868"}],"curies":[{"name":"wp","href":"https:\/\/api.w.org\/{rel}","templated":true}]}}