{"id":8862,"date":"2016-11-18T14:03:54","date_gmt":"2016-11-18T19:03:54","guid":{"rendered":"http:\/\/52.229.122.34\/fr\/?page_id=8862"},"modified":"2025-02-04T10:57:32","modified_gmt":"2025-02-04T15:57:32","slug":"medecine-dun-jour","status":"publish","type":"page","link":"https:\/\/www.ottawahospital.on.ca\/fr\/services-cliniques\/deptpgrmcs\/cliniques-et-services\/medecine-dun-jour\/","title":{"rendered":"M\u00e9decine d&rsquo;un jour"},"content":{"rendered":"<h2>Vue d\u2019ensemble<\/h2>\n<ul>\n<li>L\u2019Unit\u00e9 de m\u00e9decine d\u2019un jour \u00e9vite aux patients d\u2019\u00eatre hospitalis\u00e9s pendant leur traitement.<\/li>\n<li>Exemples de traitements offerts \u00e0 l\u2019Unit\u00e9 : de la chimioth\u00e9rapie, l\u2019administration de produits sanguins, ainsi que des interventions diagnostiques et autres traitements.<\/li>\n<li>Les m\u00e9decins qui recommandent des patients \u00e0 l\u2019Unit\u00e9 doivent avoir des privil\u00e8ges d\u2019admission \u00e0 L\u2019H\u00f4pital d\u2019Ottawa.<\/li>\n<\/ul>\n<h2>Rendez\u2013vous<\/h2>\n<div class=\"table-responsive-md\">\n<table class=\"table table-striped table-primary\">\n<thead>\n<tr>\n<th scope=\"col\">Information<\/th>\n<th scope=\"col\">Campus Civic<\/th>\n<th scope=\"col\">Campus G\u00e9n\u00e9ral<\/th>\n<th scope=\"col\">Campus Riverside<\/th>\n<\/tr>\n<\/thead>\n<tbody>\n<tr>\n<th scope=\"row\">Heures d\u2019ouverture<\/th>\n<td>Du lundi au vendredi,<br \/>\nde 7 h \u00e0 15 h<\/td>\n<td>7 jours par semaine<br \/>\nDe 7 h 30 \u00e0 19 h 30<\/td>\n<td>Du lundi au vendredi,<br \/>\nde 7 h 30 \u00e0 17 h<\/td>\n<\/tr>\n<tr>\n<th scope=\"row\">Emplacement<\/th>\n<td>1053, av. Carling<br \/>\nSection D, pi\u00e8ce D102<\/td>\n<td>501, ch. Smyth<br \/>\n5e \u00e9tage, salle 5333<\/td>\n<td>1967, prom. Riverside<br \/>\n6e \u00e9tage, salle 6-23<\/td>\n<\/tr>\n<tr>\n<th scope=\"row\">N\u00b0 de t\u00e9l\u00e9phone de la r\u00e9ception<\/th>\n<td>613-798-5555,<br \/>\nposte 15421<\/td>\n<td>613-737-8899,<br \/>\nposte 72824<\/td>\n<td>613-738-8400,<br \/>\nposte 81012<\/td>\n<\/tr>\n<tr>\n<th scope=\"row\">Recommandation requise<\/th>\n<td colspan=\"3\">Toute recommandation \u00e0 l\u2019Unit\u00e9 n\u00e9cessite une ordonnance m\u00e9dicale<\/td>\n<\/tr>\n<\/tbody>\n<\/table>\n<h2>Ressources d\u2019information sur l\u2019an\u00e9mie et le fer \u00e0 l\u2019intention des patients<\/h2>\n<ul>\n<li><a href=\"https:\/\/www.ottawahospital.on.ca\/en\/documents\/2025\/02\/iron-and-diet_fr.pdf\/\">Fer et alimentation<\/a><\/li>\n<li><a href=\"https:\/\/www.ottawahospital.on.ca\/en\/documents\/2025\/02\/p1496-fr-2025-iron-pills-accessible.pdf\/\">Comprim\u00e9s de fer<\/a><\/li>\n<li><a href=\"https:\/\/www.ottawahospital.on.ca\/en\/documents\/2025\/02\/p1497-fr-2025-intrevenous-iron-infusions-accessible.pdf\/\">Perfusions intraveineuses de fer<\/a><\/li>\n<li><a href=\"https:\/\/www.ottawahospital.on.ca\/en\/documents\/2025\/02\/p1498-fr-2025-understanding-iron-deficiency-anemia-accessible.pdf\/\"> Comprendre l\u2019an\u00e9mie par carence de fer<\/a><\/li>\n<li><a href=\"https:\/\/www.ottawahospital.on.ca\/en\/documents\/2025\/02\/p1499-fr-2025-know-your-numbers-worksheet-accessible.pdf\/\">Fiche pratique pour patients avec une an\u00e9mie par carence de fer<\/a><\/li>\n<\/ul>\n<\/div>\n","protected":false},"excerpt":{"rendered":"<p>Vue d\u2019ensemble L\u2019Unit\u00e9 de m\u00e9decine d\u2019un jour \u00e9vite aux patients d\u2019\u00eatre hospitalis\u00e9s pendant leur traitement. Exemples de traitements offerts \u00e0 l\u2019Unit\u00e9 : de la chimioth\u00e9rapie, l\u2019administration de produits sanguins, ainsi que des interventions diagnostiques et autres traitements. Les m\u00e9decins qui recommandent des patients \u00e0 l\u2019Unit\u00e9 doivent avoir des privil\u00e8ges d\u2019admission \u00e0 L\u2019H\u00f4pital d\u2019Ottawa. Rendez\u2013vous Information [&hellip;]<\/p>\n","protected":false},"author":25,"featured_media":0,"parent":7872,"menu_order":37,"comment_status":"closed","ping_status":"closed","template":"","meta":{"_acf_changed":false,"_mc_calendar":[],"footnotes":""},"class_list":["post-8862","page","type-page","status-publish","hentry"],"acf":[],"wps_subtitle":"","_links":{"self":[{"href":"https:\/\/www.ottawahospital.on.ca\/fr\/wp-json\/wp\/v2\/pages\/8862","targetHints":{"allow":["GET"]}}],"collection":[{"href":"https:\/\/www.ottawahospital.on.ca\/fr\/wp-json\/wp\/v2\/pages"}],"about":[{"href":"https:\/\/www.ottawahospital.on.ca\/fr\/wp-json\/wp\/v2\/types\/page"}],"author":[{"embeddable":true,"href":"https:\/\/www.ottawahospital.on.ca\/fr\/wp-json\/wp\/v2\/users\/25"}],"replies":[{"embeddable":true,"href":"https:\/\/www.ottawahospital.on.ca\/fr\/wp-json\/wp\/v2\/comments?post=8862"}],"version-history":[{"count":0,"href":"https:\/\/www.ottawahospital.on.ca\/fr\/wp-json\/wp\/v2\/pages\/8862\/revisions"}],"up":[{"embeddable":true,"href":"https:\/\/www.ottawahospital.on.ca\/fr\/wp-json\/wp\/v2\/pages\/7872"}],"wp:attachment":[{"href":"https:\/\/www.ottawahospital.on.ca\/fr\/wp-json\/wp\/v2\/media?parent=8862"}],"curies":[{"name":"wp","href":"https:\/\/api.w.org\/{rel}","templated":true}]}}