{"id":8854,"date":"2016-11-18T14:02:29","date_gmt":"2016-11-18T19:02:29","guid":{"rendered":"http:\/\/52.229.122.34\/fr\/?page_id=8854"},"modified":"2024-07-11T13:42:32","modified_gmt":"2024-07-11T17:42:32","slug":"medecine-materno-foetale","status":"publish","type":"page","link":"https:\/\/www.ottawahospital.on.ca\/fr\/services-cliniques\/deptpgrmcs\/cliniques-et-services\/medecine-materno-foetale\/","title":{"rendered":"M\u00e9decine materno-foetale"},"content":{"rendered":"<h2>Vue d\u2019ensemble<\/h2>\n<p>Notre clinique offre \u00e0 la fois des consultations et des soins pr\u00e9nataux continus aux femmes dont la grossesse pr\u00e9sente des risques \u00e9lev\u00e9s. On offre \u00e9galement des consultations avant grossesse aux femmes souffrant de troubles m\u00e9dicaux ou ayant d\u00e9j\u00e0 connu des grossesses difficiles, afin de les aider \u00e0 faire un choix \u00e9clair\u00e9 quant \u00e0 une \u00e9ventuelle grossesse. Bon nombre d&rsquo;intervenants\u00a0participent \u00e0 l&rsquo;approche pr\u00e9conis\u00e9e par la clinique en mati\u00e8re de soins de sant\u00e9. L&rsquo;\u00e9quipe multidisciplinaire comprend des sp\u00e9cialistes en p\u00e9rinatalogie, des infirmi\u00e8res sp\u00e9cialis\u00e9es, des technologues sp\u00e9cialis\u00e9s en \u00e9chographie, un di\u00e9t\u00e9ticien, une travailleuse sociale et un psychologue.<\/p>\n<h2>Patients de la Clinique D\u2019Obst\u00e9trique &amp; \u00a0Grossesses \u00e0 Risque \u00c9lev\u00e9<\/h2>\n<p>Notre clinique sert de milieu d\u2019enseignement pour de nombreux membres du personnel m\u00e9dical, qui pourraient donc faire partie de votre \u00e9quipe de soins. Chacun devrait se pr\u00e9senter en vous pr\u00e9cisant son niveau de formation.<\/p>\n<ul>\n<li>\u00c9tudiant en m\u00e9decine \u2013 \u00c9tudiant en voie de devenir m\u00e9decin.<\/li>\n<li>R\u00e9sident \u2013 M\u00e9decin qualifi\u00e9 en formation sp\u00e9cialis\u00e9e, habituellement en obst\u00e9trique (soin des femmes enceintes).<\/li>\n<li>Moniteur clinique \u2013 Obst\u00e9tricien qualifi\u00e9 qui effectue une formation sursp\u00e9cialis\u00e9e en m\u00e9decine materno\u2011f\u0153tale (grossesse \u00e0 risque \u00e9lev\u00e9)<\/li>\n<li>M\u00e9decin membre du personnel de la Division de m\u00e9decine materno-f\u0153tale\u00a0&#8211; M\u00e9decin form\u00e9 et agr\u00e9\u00e9 en soins des grossesses \u00e0 risque \u00e9lev\u00e9 et membre \u00e0 part enti\u00e8re du personnel m\u00e9dical de L\u2019H\u00f4pital d\u2019Ottawa.<\/li>\n<\/ul>\n<p>Un m\u00e9decin membre du personnel est toujours pr\u00e9sent \u00e0 la clinique. Il supervise les activit\u00e9s et assigne des responsabilit\u00e9s au personnel m\u00e9dical selon leur niveau de formation.<\/p>\n<p>Il est possible que le m\u00e9decin membre du personnel ne puisse pas vous voir \u00e0 chacun de vos rendez\u2011vous. Si vous aimeriez discuter avec lui personnellement \u00e0 propos de vos soins, n\u2019h\u00e9sitez pas \u00e0 le demander.<\/p>\n<h2>Rendez\u2013vous<\/h2>\n<p><a href=\"\/fr\/documents\/2017\/01\/mfm-referral-form-final-june-11-2012-mc-fr.pdf\" target=\"_blank\" rel=\"noopener\">Recommandation d&rsquo;un m\u00e9decin<\/a><br \/>\nLundi, 13 h &#8211; 16 h ; \u00a0mardi et jeudi, 8 h &#8211; 16 h, vendredi, 8 h -12 h<\/p>\n<h2>Pour nous joindre<\/h2>\n<p><strong>Campus G\u00e9n\u00e9ral :<br \/>\n<\/strong>Pi\u00e8ce 8-55, 8e \u00e9tage<br \/>\nT\u00e9l : 613-737-8899 ext. 78552<\/p>\n","protected":false},"excerpt":{"rendered":"<p>Vue d\u2019ensemble Notre clinique offre \u00e0 la fois des consultations et des soins pr\u00e9nataux continus aux femmes dont la grossesse pr\u00e9sente des risques \u00e9lev\u00e9s. On offre \u00e9galement des consultations avant grossesse aux femmes souffrant de troubles m\u00e9dicaux ou ayant d\u00e9j\u00e0 connu des grossesses difficiles, afin de les aider \u00e0 faire un choix \u00e9clair\u00e9 quant \u00e0 [&hellip;]<\/p>\n","protected":false},"author":25,"featured_media":0,"parent":7872,"menu_order":36,"comment_status":"closed","ping_status":"closed","template":"","meta":{"_acf_changed":false,"_mc_calendar":[],"footnotes":""},"class_list":["post-8854","page","type-page","status-publish","hentry"],"acf":[],"wps_subtitle":"","_links":{"self":[{"href":"https:\/\/www.ottawahospital.on.ca\/fr\/wp-json\/wp\/v2\/pages\/8854","targetHints":{"allow":["GET"]}}],"collection":[{"href":"https:\/\/www.ottawahospital.on.ca\/fr\/wp-json\/wp\/v2\/pages"}],"about":[{"href":"https:\/\/www.ottawahospital.on.ca\/fr\/wp-json\/wp\/v2\/types\/page"}],"author":[{"embeddable":true,"href":"https:\/\/www.ottawahospital.on.ca\/fr\/wp-json\/wp\/v2\/users\/25"}],"replies":[{"embeddable":true,"href":"https:\/\/www.ottawahospital.on.ca\/fr\/wp-json\/wp\/v2\/comments?post=8854"}],"version-history":[{"count":0,"href":"https:\/\/www.ottawahospital.on.ca\/fr\/wp-json\/wp\/v2\/pages\/8854\/revisions"}],"up":[{"embeddable":true,"href":"https:\/\/www.ottawahospital.on.ca\/fr\/wp-json\/wp\/v2\/pages\/7872"}],"wp:attachment":[{"href":"https:\/\/www.ottawahospital.on.ca\/fr\/wp-json\/wp\/v2\/media?parent=8854"}],"curies":[{"name":"wp","href":"https:\/\/api.w.org\/{rel}","templated":true}]}}