{"id":8829,"date":"2016-11-18T13:48:15","date_gmt":"2016-11-18T18:48:15","guid":{"rendered":"http:\/\/52.229.122.34\/fr\/?page_id=8829"},"modified":"2016-12-09T11:07:57","modified_gmt":"2016-12-09T16:07:57","slug":"unite-de-lithotritie","status":"publish","type":"page","link":"https:\/\/www.ottawahospital.on.ca\/fr\/services-cliniques\/deptpgrmcs\/cliniques-et-services\/unite-de-lithotritie\/","title":{"rendered":"Unit\u00e9 de lithotritie"},"content":{"rendered":"<h2>Vue d\u2019ensemble<\/h2>\n<p>Le lithotriteur produit des ondes de choc qui r\u00e9duisent les calculs r\u00e9naux (pierres au rein) en petits morceaux qui sont ensuite \u00e9limin\u00e9s avec l&rsquo;urine. L&rsquo;unit\u00e9 compte un urologue, un anesth\u00e9siologiste, un technologue en radiologie et une infirmi\u00e8re autoris\u00e9e.<\/p>\n<h2>Rendez-vous<\/h2>\n<p>Sur recommandation d&rsquo;un urologue<\/p>\n<p>De 7 h 45 \u00e0 15 h 45,10 jours par mois<\/p>\n<h2>Pour nous joindre<\/h2>\n<p><strong>Campus Riverside : <\/strong>Rez-de-chauss\u00e9e<\/p>\n","protected":false},"excerpt":{"rendered":"<p>Vue d\u2019ensemble Le lithotriteur produit des ondes de choc qui r\u00e9duisent les calculs r\u00e9naux (pierres au rein) en petits morceaux qui sont ensuite \u00e9limin\u00e9s avec l&rsquo;urine. L&rsquo;unit\u00e9 compte un urologue, un anesth\u00e9siologiste, un technologue en radiologie et une infirmi\u00e8re autoris\u00e9e. Rendez-vous Sur recommandation d&rsquo;un urologue De 7 h 45 \u00e0 15 h 45,10 jours par [&hellip;]<\/p>\n","protected":false},"author":25,"featured_media":0,"parent":7872,"menu_order":34,"comment_status":"closed","ping_status":"closed","template":"","meta":{"_acf_changed":false,"_mc_calendar":[],"footnotes":""},"class_list":["post-8829","page","type-page","status-publish","hentry"],"acf":[],"wps_subtitle":"","_links":{"self":[{"href":"https:\/\/www.ottawahospital.on.ca\/fr\/wp-json\/wp\/v2\/pages\/8829","targetHints":{"allow":["GET"]}}],"collection":[{"href":"https:\/\/www.ottawahospital.on.ca\/fr\/wp-json\/wp\/v2\/pages"}],"about":[{"href":"https:\/\/www.ottawahospital.on.ca\/fr\/wp-json\/wp\/v2\/types\/page"}],"author":[{"embeddable":true,"href":"https:\/\/www.ottawahospital.on.ca\/fr\/wp-json\/wp\/v2\/users\/25"}],"replies":[{"embeddable":true,"href":"https:\/\/www.ottawahospital.on.ca\/fr\/wp-json\/wp\/v2\/comments?post=8829"}],"version-history":[{"count":0,"href":"https:\/\/www.ottawahospital.on.ca\/fr\/wp-json\/wp\/v2\/pages\/8829\/revisions"}],"up":[{"embeddable":true,"href":"https:\/\/www.ottawahospital.on.ca\/fr\/wp-json\/wp\/v2\/pages\/7872"}],"wp:attachment":[{"href":"https:\/\/www.ottawahospital.on.ca\/fr\/wp-json\/wp\/v2\/media?parent=8829"}],"curies":[{"name":"wp","href":"https:\/\/api.w.org\/{rel}","templated":true}]}}