{"id":8806,"date":"2016-11-18T13:37:47","date_gmt":"2016-11-18T18:37:47","guid":{"rendered":"http:\/\/52.229.122.34\/fr\/?page_id=8806"},"modified":"2020-03-25T10:11:08","modified_gmt":"2020-03-25T14:11:08","slug":"programme-de-cancerologie","status":"publish","type":"page","link":"https:\/\/www.ottawahospital.on.ca\/fr\/services-cliniques\/deptpgrmcs\/programmes\/programme-de-cancerologie\/","title":{"rendered":"Programme de canc\u00e9rologie"},"content":{"rendered":"<h2>Bienvenue<\/h2>\n<div style=\"max-width: 560px;\">\n<div style=\"margin: 0 auto;\"><img decoding=\"async\" class=\"size-full wp-image-8821 img-responsive aligncenter\" style=\"float: left; margin-right: 2px;\" src=\"\/wp-content\/uploads\/2016\/11\/CancerCentre_GeneralCampus.jpg\" alt=\"cancercentre_generalcampus\" width=\"262\" height=\"174\"><img decoding=\"async\" class=\"size-full wp-image-8824 img-responsive aligncenter\" style=\"float: left;\" src=\"\/wp-content\/uploads\/2016\/11\/IGCC_QC.jpg\" alt=\"igcc_qc\" width=\"247\" height=\"172\"><\/div>\n<div class=\"clearblock\">&nbsp;<\/div>\n<p>Le Programme de canc\u00e9rologie de L\u2019H\u00f4pital d\u2019Ottawa a pour mission d\u2019offrir \u00e0 chaque patient atteint du cancer des soins de calibre mondial et des services exceptionnels avec une compassion digne des personnes qui nous sont ch\u00e8res. Nous prodiguons des soins de grande qualit\u00e9 pour pr\u00e9venir, \u00e9valuer et traiter le cancer, soutenir nos patients et faire le suivi de leur \u00e9tat en plus d\u2019offrir des soins de fin de vie.<\/p>\n<p>Nous menons aussi des <a href=\"https:\/\/www.irho.ca\/Programs\/cancer_therapeutics\/default.asp\">recherches de calibre mondial sur le cancer<\/a> et offrons des traitements exp\u00e9rimentaux dans le cadre d\u2019essais cliniques.<\/p>\n<\/div>\n","protected":false},"excerpt":{"rendered":"<p>Bienvenue &nbsp; Le Programme de canc\u00e9rologie de L\u2019H\u00f4pital d\u2019Ottawa a pour mission d\u2019offrir \u00e0 chaque patient atteint du cancer des soins de calibre mondial et des services exceptionnels avec une compassion digne des personnes qui nous sont ch\u00e8res. Nous prodiguons des soins de grande qualit\u00e9 pour pr\u00e9venir, \u00e9valuer et traiter le cancer, soutenir nos patients [&hellip;]<\/p>\n","protected":false},"author":25,"featured_media":0,"parent":7866,"menu_order":3,"comment_status":"closed","ping_status":"closed","template":"template_include_cancer_socialmedia.php","meta":{"_acf_changed":false,"_mc_calendar":[],"footnotes":""},"class_list":["post-8806","page","type-page","status-publish","hentry"],"acf":[],"wps_subtitle":"","_links":{"self":[{"href":"https:\/\/www.ottawahospital.on.ca\/fr\/wp-json\/wp\/v2\/pages\/8806","targetHints":{"allow":["GET"]}}],"collection":[{"href":"https:\/\/www.ottawahospital.on.ca\/fr\/wp-json\/wp\/v2\/pages"}],"about":[{"href":"https:\/\/www.ottawahospital.on.ca\/fr\/wp-json\/wp\/v2\/types\/page"}],"author":[{"embeddable":true,"href":"https:\/\/www.ottawahospital.on.ca\/fr\/wp-json\/wp\/v2\/users\/25"}],"replies":[{"embeddable":true,"href":"https:\/\/www.ottawahospital.on.ca\/fr\/wp-json\/wp\/v2\/comments?post=8806"}],"version-history":[{"count":0,"href":"https:\/\/www.ottawahospital.on.ca\/fr\/wp-json\/wp\/v2\/pages\/8806\/revisions"}],"up":[{"embeddable":true,"href":"https:\/\/www.ottawahospital.on.ca\/fr\/wp-json\/wp\/v2\/pages\/7866"}],"wp:attachment":[{"href":"https:\/\/www.ottawahospital.on.ca\/fr\/wp-json\/wp\/v2\/media?parent=8806"}],"curies":[{"name":"wp","href":"https:\/\/api.w.org\/{rel}","templated":true}]}}