{"id":8804,"date":"2016-11-18T13:40:32","date_gmt":"2016-11-18T18:40:32","guid":{"rendered":"http:\/\/52.229.122.34\/fr\/?page_id=8804"},"modified":"2017-01-11T11:08:58","modified_gmt":"2017-01-11T16:08:58","slug":"tests-de-laboratoire","status":"publish","type":"page","link":"https:\/\/www.ottawahospital.on.ca\/fr\/services-cliniques\/deptpgrmcs\/cliniques-et-services\/services-de-laboratoire-prise-de-sang\/tests-de-laboratoire\/","title":{"rendered":"Tests de laboratoire"},"content":{"rendered":"<h2>Directives \u00e0 l&rsquo;intention du patient<\/h2>\n<ul>\n<li><a href=\"\/fr\/documents\/2017\/01\/stool-f.pdf\" target=\"_blank\">Collecte de selles pour cultures ou recherche d&rsquo;\u0153ufs et de parasites ou de <em>clostridium difficile<\/em><\/a><\/li>\n<li><a href=\"\/fr\/documents\/2017\/01\/24h-urine-f.pdf\" target=\"_blank\">Collecte d&rsquo;urine sur 24 heures \u2013 marche \u00e0 suivre<\/a><\/li>\n<li><a href=\"\/fr\/documents\/2017\/01\/fob-f.pdf\" target=\"_blank\">Hemoccult II\u00ae &#8211; Test d\u00e9pistage syst\u00e9matique de sang dans les selles<\/a><\/li>\n<li><a href=\"\/fr\/documents\/2017\/01\/hiaa-f.pdf\" target=\"_blank\">Mesure de 5-HIAA dans l&rsquo;urine &#8211; marche \u00e0 suivre<\/a><\/li>\n<li><a href=\"\/fr\/documents\/2017\/01\/vma-mets-f.pdf\" target=\"_blank\">R\u00e9gime alimentaire et restrictions concernant les m\u00e9dicaments \u2013 Mesure de l&rsquo;AVM et des m\u00e9tan\u00e9phrines dans l&rsquo;urine <\/a><\/li>\n<li><a href=\"\/fr\/documents\/2017\/01\/sputum-f.pdf\" target=\"_blank\">Pr\u00e9l\u00e8vement de crachat<\/a><\/li>\n<li><a href=\"\/fr\/documents\/2017\/01\/mid-urine-cytology-f.pdf\" target=\"_blank\">Pr\u00e9l\u00e8vement d&rsquo;urine \u00e0 mi-miction &#8211; cytologie<\/a><\/li>\n<li><a href=\"\/fr\/documents\/2017\/01\/mid-urine-micro-f.pdf\" target=\"_blank\">Pr\u00e9l\u00e8vement d&rsquo;urine \u00e0 mi-miction \u2013 microbiologie<\/a><\/li>\n<\/ul>\n","protected":false},"excerpt":{"rendered":"<p>Directives \u00e0 l&rsquo;intention du patient Collecte de selles pour cultures ou recherche d&rsquo;\u0153ufs et de parasites ou de clostridium difficile Collecte d&rsquo;urine sur 24 heures \u2013 marche \u00e0 suivre Hemoccult II\u00ae &#8211; Test d\u00e9pistage syst\u00e9matique de sang dans les selles Mesure de 5-HIAA dans l&rsquo;urine &#8211; marche \u00e0 suivre R\u00e9gime alimentaire et restrictions concernant les [&hellip;]<\/p>\n","protected":false},"author":25,"featured_media":0,"parent":8772,"menu_order":3,"comment_status":"closed","ping_status":"closed","template":"","meta":{"_acf_changed":false,"_mc_calendar":[],"footnotes":""},"class_list":["post-8804","page","type-page","status-publish","hentry"],"acf":[],"wps_subtitle":"","_links":{"self":[{"href":"https:\/\/www.ottawahospital.on.ca\/fr\/wp-json\/wp\/v2\/pages\/8804","targetHints":{"allow":["GET"]}}],"collection":[{"href":"https:\/\/www.ottawahospital.on.ca\/fr\/wp-json\/wp\/v2\/pages"}],"about":[{"href":"https:\/\/www.ottawahospital.on.ca\/fr\/wp-json\/wp\/v2\/types\/page"}],"author":[{"embeddable":true,"href":"https:\/\/www.ottawahospital.on.ca\/fr\/wp-json\/wp\/v2\/users\/25"}],"replies":[{"embeddable":true,"href":"https:\/\/www.ottawahospital.on.ca\/fr\/wp-json\/wp\/v2\/comments?post=8804"}],"version-history":[{"count":0,"href":"https:\/\/www.ottawahospital.on.ca\/fr\/wp-json\/wp\/v2\/pages\/8804\/revisions"}],"up":[{"embeddable":true,"href":"https:\/\/www.ottawahospital.on.ca\/fr\/wp-json\/wp\/v2\/pages\/8772"}],"wp:attachment":[{"href":"https:\/\/www.ottawahospital.on.ca\/fr\/wp-json\/wp\/v2\/media?parent=8804"}],"curies":[{"name":"wp","href":"https:\/\/api.w.org\/{rel}","templated":true}]}}