{"id":8785,"date":"2016-11-18T13:32:35","date_gmt":"2016-11-18T18:32:35","guid":{"rendered":"http:\/\/52.229.122.34\/fr\/?page_id=8785"},"modified":"2022-11-01T12:23:21","modified_gmt":"2022-11-01T16:23:21","slug":"trucs-pour-les-patients","status":"publish","type":"page","link":"https:\/\/www.ottawahospital.on.ca\/fr\/services-cliniques\/deptpgrmcs\/cliniques-et-services\/services-de-laboratoire-prise-de-sang\/trucs-pour-les-patients\/","title":{"rendered":"Trucs pour les patients"},"content":{"rendered":"<h2>Trucs pour les patients qui se pr\u00e9sentent pour des tests de laboratoire<\/h2>\n<ul>\n<li>Pour plusieurs analyses de laboratoire, il faut \u00eatre \u00e0 jeun. Cela veut dire qu\u2019il ne faut rien manger ni rien boire pendant plusieurs heures (habituellement 10 \u00e0 14 heures) avant la prise de l\u2019\u00e9chantillon. Dans la plupart des cas, vous pouvez boire de l\u2019eau et prendre vos m\u00e9dicaments, mais v\u00e9rifiez aupr\u00e8s de votre m\u00e9decin pour \u00eatre certain.<\/li>\n<li>Lorsque vous venez au laboratoire, veuillez porter des v\u00eatements amples qui permettent de rouler votre manche au-dessus du coude.<\/li>\n<li>Les laboratoires de prise de sang \u00e0 l\u2019h\u00f4pital sont les plus occup\u00e9s \u00e0 leur ouverture le matin. Plusieurs de nos patients doivent subir des prises de sang \u00e0 jeun et ils arrivent t\u00f4t le matin. Si vous n\u2019avez pas besoin d\u2019\u00eatre \u00e0 jeun, essayez de vous pr\u00e9senter au service plus tard dans la journ\u00e9e. Vous attendrez moins longtemps.<\/li>\n<\/ul>\n<ul>\n<li>L\u2019h\u00f4pital est un milieu sans parfum. Par cons\u00e9quent, vous ne devez porter aucun produit parfum\u00e9 quand vous venez \u00e0 l\u2019h\u00f4pital ou au laboratoire.<\/li>\n<li>Si vous vous pr\u00e9sentez uniquement pour nous laisser un \u00e9chantillon et que vous n\u2019avez pas besoin de prise de sang, vous devez quand m\u00eame parler \u00e0 la r\u00e9ceptionniste afin que nous puissions confirmer que tous les documents et \u00e9tiquettes sont complets.<\/li>\n<li>Si vous voyez des patients qui arrivent apr\u00e8s vous et qui sont servis avant vous, c\u2019est peut-\u00eatre parce qu\u2019ils doivent faire une prise de sang \u00e0 une heure pr\u00e9cise. Soyez donc patient.<\/li>\n<li>Pour le test de tol\u00e9rance au glucose, vous devez rester dans le Service pendant une p\u00e9riode qui peut durer au maximum 3 heures. Pendant ce temps, on prendra plusieurs prises de sang \u00e0 intervalles pr\u00e9cis.<\/li>\n<li>Si vous devez subir une analyse de glyc\u00e9mie post-prandiale (GPP \u2013 une analyse de la glyc\u00e9mie 2 heures apr\u00e8s un repas), on vous demandera de manger un repas et de revenir au service pour une prise de sang 2 heures apr\u00e8s (prise \u00ab GPP \u00bb).<\/li>\n<\/ul>\n<p><strong>Si vous devez laisser un \u00e9chantillon au laboratoire, v\u00e9rifiez que l\u2019information suivante para\u00eet clairement sur l\u2019\u00e9chantillon et qu\u2019elle est lisible :<\/strong><\/p>\n<ul>\n<li>Votre nom officiel au complet (le m\u00eame que celui qui est \u00e9crit sur votre carte Sant\u00e9 ou votre carte d\u2019h\u00f4pital)<\/li>\n<li>La date \u00e0 laquelle l\u2019\u00e9chantillon a \u00e9t\u00e9 pris<\/li>\n<li>L\u2019heure \u00e0 laquelle l\u2019\u00e9chantillon a \u00e9t\u00e9 pris.<\/li>\n<\/ul>\n","protected":false},"excerpt":{"rendered":"<p>Trucs pour les patients qui se pr\u00e9sentent pour des tests de laboratoire Pour plusieurs analyses de laboratoire, il faut \u00eatre \u00e0 jeun. Cela veut dire qu\u2019il ne faut rien manger ni rien boire pendant plusieurs heures (habituellement 10 \u00e0 14 heures) avant la prise de l\u2019\u00e9chantillon. Dans la plupart des cas, vous pouvez boire de [&hellip;]<\/p>\n","protected":false},"author":25,"featured_media":0,"parent":8772,"menu_order":2,"comment_status":"closed","ping_status":"closed","template":"","meta":{"_acf_changed":false,"_mc_calendar":[],"footnotes":""},"class_list":["post-8785","page","type-page","status-publish","hentry"],"acf":[],"wps_subtitle":"","_links":{"self":[{"href":"https:\/\/www.ottawahospital.on.ca\/fr\/wp-json\/wp\/v2\/pages\/8785","targetHints":{"allow":["GET"]}}],"collection":[{"href":"https:\/\/www.ottawahospital.on.ca\/fr\/wp-json\/wp\/v2\/pages"}],"about":[{"href":"https:\/\/www.ottawahospital.on.ca\/fr\/wp-json\/wp\/v2\/types\/page"}],"author":[{"embeddable":true,"href":"https:\/\/www.ottawahospital.on.ca\/fr\/wp-json\/wp\/v2\/users\/25"}],"replies":[{"embeddable":true,"href":"https:\/\/www.ottawahospital.on.ca\/fr\/wp-json\/wp\/v2\/comments?post=8785"}],"version-history":[{"count":0,"href":"https:\/\/www.ottawahospital.on.ca\/fr\/wp-json\/wp\/v2\/pages\/8785\/revisions"}],"up":[{"embeddable":true,"href":"https:\/\/www.ottawahospital.on.ca\/fr\/wp-json\/wp\/v2\/pages\/8772"}],"wp:attachment":[{"href":"https:\/\/www.ottawahospital.on.ca\/fr\/wp-json\/wp\/v2\/media?parent=8785"}],"curies":[{"name":"wp","href":"https:\/\/api.w.org\/{rel}","templated":true}]}}