{"id":8777,"date":"2016-11-18T13:30:44","date_gmt":"2016-11-18T18:30:44","guid":{"rendered":"http:\/\/52.229.122.34\/fr\/?page_id=8777"},"modified":"2022-11-01T12:20:59","modified_gmt":"2022-11-01T16:20:59","slug":"quoi-apporterfaq","status":"publish","type":"page","link":"https:\/\/www.ottawahospital.on.ca\/fr\/services-cliniques\/deptpgrmcs\/cliniques-et-services\/services-de-laboratoire-prise-de-sang\/quoi-apporterfaq\/","title":{"rendered":"Quoi apporter\/FAQ"},"content":{"rendered":"<table width=\"768\">\n<tbody>\n<tr>\n<td><strong>Chaque patient qui se pr\u00e9sente \u00e0 notre clinique externe de pr\u00e9l\u00e8vement d\u2019\u00e9chantillons de laboratoire tels que le sang ou l\u2019urine, doit apporter\u00a0:<\/strong><\/p>\n<ol>\n<li><strong>Une ordonnance pour les tests sign\u00e9e par leur m\u00e9decin et,<\/strong><\/li>\n<li><strong>Une carte sant\u00e9 de l\u2019Ontario (Assurance-sant\u00e9) valide ou une autre pi\u00e8ce d\u2019identit\u00e9 valide avec photo<\/strong><strong>.<\/strong><\/li>\n<\/ol>\n<\/td>\n<\/tr>\n<\/tbody>\n<\/table>\n<p>Votre sp\u00e9cimen ne peut \u00eatre pr\u00e9lev\u00e9 sans votre carte d\u2019Assurance-sant\u00e9 de l\u2019Ontario ou une autre pi\u00e8ce d\u2019identit\u00e9 avec photo.<\/p>\n<p>Nous devons absolument confirmer l\u2019\u00e9pellation correcte de votre nom, votre adresse, votre date de naissance et votre sexe. L\u2019interpr\u00e9tation d\u2019un r\u00e9sultat de laboratoire d\u00e9pend souvent de l\u2019\u00e2ge et du sexe de la personne. Ainsi, des r\u00e9sultats normaux pour un homme de 70 ans pourraient \u00eatre anormaux pour un adolescent.<\/p>\n<p><strong>Dois-je appeler et prendre rendez-vous pour avoir des tests sanguins ou d\u2019autres tests de laboratoire?<\/strong><\/p>\n<p>Non, vous n\u2019avez pas besoin de rendez-vous, sauf pour quelques tests tr\u00e8s rares, et ceux-ci seraient c\u00e9dul\u00e9s par le bureau de votre m\u00e9decin.<\/p>\n<p><strong>Certains de mes renseignements ont chang\u00e9 depuis ma derni\u00e8re visite. \u00a0Que devrais-je faire?<\/strong><\/p>\n<p>Veuillez vous rendre \u00e0 l\u2019Inscription des patients pour mettre \u00e0 jour vos informations. Vos renseignements seront mis \u00e0 jour dans le syst\u00e8me d\u2019information hospitalier.<\/p>\n<p><strong>O\u00f9 se trouve l\u2019Inscription des patients?<\/strong><\/p>\n<p>Il y a un bureau d\u2019Inscription des patients \u00e0 chacun des trois campus. Quand vous arriverez au campus o\u00f9 vous devez passer vos tests, rendez-vous au bureau des renseignements et demandez o\u00f9 se trouve l\u2019Inscription des patients.<\/p>\n<p><strong>Qu\u2019est-ce que je fais si je n\u2019ai pas de carte valide d\u2019assurance-sant\u00e9 de l\u2019Ontario?<\/strong><\/p>\n<p>Si vous n\u2019avez pas votre carte d\u2019assurance-sant\u00e9 de l\u2019Ontario, apportez une carte d\u2019identit\u00e9 avec photo, comme votre permis de conduire.<\/p>\n","protected":false},"excerpt":{"rendered":"<p>Chaque patient qui se pr\u00e9sente \u00e0 notre clinique externe de pr\u00e9l\u00e8vement d\u2019\u00e9chantillons de laboratoire tels que le sang ou l\u2019urine, doit apporter\u00a0: Une ordonnance pour les tests sign\u00e9e par leur m\u00e9decin et, Une carte sant\u00e9 de l\u2019Ontario (Assurance-sant\u00e9) valide ou une autre pi\u00e8ce d\u2019identit\u00e9 valide avec photo. Votre sp\u00e9cimen ne peut \u00eatre pr\u00e9lev\u00e9 sans votre [&hellip;]<\/p>\n","protected":false},"author":25,"featured_media":0,"parent":8772,"menu_order":1,"comment_status":"closed","ping_status":"closed","template":"","meta":{"_acf_changed":false,"_mc_calendar":[],"footnotes":""},"class_list":["post-8777","page","type-page","status-publish","hentry"],"acf":[],"wps_subtitle":"","_links":{"self":[{"href":"https:\/\/www.ottawahospital.on.ca\/fr\/wp-json\/wp\/v2\/pages\/8777","targetHints":{"allow":["GET"]}}],"collection":[{"href":"https:\/\/www.ottawahospital.on.ca\/fr\/wp-json\/wp\/v2\/pages"}],"about":[{"href":"https:\/\/www.ottawahospital.on.ca\/fr\/wp-json\/wp\/v2\/types\/page"}],"author":[{"embeddable":true,"href":"https:\/\/www.ottawahospital.on.ca\/fr\/wp-json\/wp\/v2\/users\/25"}],"replies":[{"embeddable":true,"href":"https:\/\/www.ottawahospital.on.ca\/fr\/wp-json\/wp\/v2\/comments?post=8777"}],"version-history":[{"count":0,"href":"https:\/\/www.ottawahospital.on.ca\/fr\/wp-json\/wp\/v2\/pages\/8777\/revisions"}],"up":[{"embeddable":true,"href":"https:\/\/www.ottawahospital.on.ca\/fr\/wp-json\/wp\/v2\/pages\/8772"}],"wp:attachment":[{"href":"https:\/\/www.ottawahospital.on.ca\/fr\/wp-json\/wp\/v2\/media?parent=8777"}],"curies":[{"name":"wp","href":"https:\/\/api.w.org\/{rel}","templated":true}]}}