{"id":8772,"date":"2016-11-18T13:28:01","date_gmt":"2016-11-18T18:28:01","guid":{"rendered":"http:\/\/52.229.122.34\/fr\/?page_id=8772"},"modified":"2022-11-01T12:16:41","modified_gmt":"2022-11-01T16:16:41","slug":"services-de-laboratoire-prise-de-sang","status":"publish","type":"page","link":"https:\/\/www.ottawahospital.on.ca\/fr\/services-cliniques\/deptpgrmcs\/cliniques-et-services\/services-de-laboratoire-prise-de-sang\/","title":{"rendered":"Services de laboratoire \/ Prise de sang"},"content":{"rendered":"<h2>Vue d\u2019ensemble<\/h2>\n<p style=\"background: white; margin: 0cm 0cm 7.5pt 0cm;\"><span lang=\"FR-CA\" style=\"font-family: Roboto; color: #404040;\">Les analyses de laboratoire sont essentielles pour votre sant\u00e9. Elles sont un outil important dont votre m\u00e9decin se sert pour le d\u00e9pistage, le diagnostic, le traitement et le suivi de votre maladie.<\/span><\/p>\n<p style=\"background: white; margin: 0cm 0cm 7.5pt 0cm;\"><span lang=\"FR-CA\" style=\"font-family: Roboto; color: #404040;\">Le personnel du laboratoire vous expliquera toutes les proc\u00e9dures. Si vous avez des questions au sujet des analyses de laboratoire, parlez-en \u00e0 votre m\u00e9decin. Tous les employ\u00e9s qui pratiquent la phl\u00e9botomie (prise de sang) sont form\u00e9s et autoris\u00e9s. Nous utilisons les techniques et les lignes directrices les plus r\u00e9centes pour prot\u00e9ger l\u2019int\u00e9grit\u00e9 des \u00e9chantillons et assurer la s\u00e9curit\u00e9 de notre personnel et de nos patients. Les r\u00e9sultats de vos analyses de laboratoire sont strictement confidentiels et seront envoy\u00e9s \u00e0 votre m\u00e9decin ou clinique d\u00e8s qu\u2019ils seront pr\u00eats.<\/span><\/p>\n<p style=\"background: white; margin: 0cm 0cm 7.5pt 0cm;\"><span lang=\"FR-CA\" style=\"font-family: Roboto; color: #404040;\">Nous recevons des fonds provinciaux pour effectuer les analyses de laboratoire uniquement pour les patients hospitalis\u00e9s et les patients externes qui visitent un bureau de m\u00e9decin ou une clinique inscrite \u00e0 l\u2019un des trois campus de L\u2019H\u00f4pital d\u2019Ottawa (Civic, G\u00e9n\u00e9ral, Riverside) ou de l\u2019Institut de cardiologie de l\u2019Universit\u00e9 d\u2019Ottawa.<\/span><\/p>\n<p style=\"background: white; margin: 0cm 0cm 7.5pt 0cm;\"><strong><span lang=\"FR-CA\" style=\"font-family: Roboto; color: #404040;\">Remarque :<\/span><\/strong><span lang=\"FR-CA\" style=\"font-family: Roboto; color: #404040;\">\u00a0Les patients dont la clinique ou le m\u00e9decin n\u2019est pas affili\u00e9 \u00e0 L\u2019H\u00f4pital d\u2019Ottawa ou \u00e0 l\u2019Institut de cardiologie doivent faire faire leurs analyses dans un laboratoire communautaire.<\/span><\/p>\n<p><strong>N\u2019oubliez pas d\u2019apporter <\/strong>la demande de tests sign\u00e9e par votre m\u00e9decin et votre carte d\u2019assurance-sant\u00e9 de l\u2019Ontario pour votre identification. Si vous n\u2019avez pas de carte d\u2019assurance-sant\u00e9 valide, apportez une carte d\u2019identit\u00e9 avec photo, comme votre permis de conduire.<\/p>\n<h2>Rendez-vous<\/h2>\n<p>Vous n\u2019avez pas besoin de rendez-vous, sauf pour certains tests rares. Dans ces cas-l\u00e0, le bureau de votre m\u00e9decin s\u2019occupera de prendre le rendez-vous en votre nom.<\/p>\n<p><strong>Campus Civic:\u00a0<\/strong>Du lundi au vendredi, 7 h 30 \u2013 16 h<br \/>\n<strong>Campus General:\u00a0<\/strong>Du lundi au vendredi, 7 h 30 \u2013 17 h<br \/>\n<strong>Campus Riverside<\/strong>: Du lundi au vendredi, 7 h 15 \u2013 17 h<br \/>\n<strong>Institut de cardiologie de l\u2019Universit\u00e9 d\u2019Ottawa \u2013 Campus Civic:\u00a0<\/strong>Du lundi au vendredi,\u00a0\u00a0 7 h 30 \u2013 16 h \u00a0*\u00a0<strong>Pour les patients externes de l\u2019Institut de cardiologie SEULEMENT<\/strong><\/p>\n<h2>Pour nous joindre<\/h2>\n<p><strong>Campus Civic<\/strong><strong><br \/>\n<\/strong>Clinique Parkdale<br \/>\n737, av. Parkdale, rez-de-chauss\u00e9e<\/p>\n<p><strong>Campus General<\/strong><strong><br \/>\n<\/strong>501, ch. Smyth<br \/>\n\u00c9difice principale \u2013 module J10 \u2013 2e \u00e9tagePrenez l\u2019ascenseur jusqu\u2019au 2<sup>\u00e8me<\/sup> \u00e9tage, tournez \u00e0 gauche et continuez tout droit jusqu\u2019\u00e0 la salle de r\u00e9ception pour le module J10<\/p>\n<p><strong>Campus Riverside<\/strong><strong><br \/>\n<\/strong>1967, prom. Riverside<br \/>\nRez-de-chauss\u00e9e (\u00e0 droite de l\u2019ascenseur, suivre les affiches)<\/p>\n<p><strong>Institut de cardiologie de l\u2019Universit\u00e9 d\u2019Ottawa \u2013 Campus Civic<\/strong><strong><br \/>\nPour les patients externes de l\u2019Institut de cardiologie SEULEMENT<br \/>\n<\/strong>40, rue Ruskin<\/p>\n","protected":false},"excerpt":{"rendered":"<p>Vue d\u2019ensemble Les analyses de laboratoire sont essentielles pour votre sant\u00e9. Elles sont un outil important dont votre m\u00e9decin se sert pour le d\u00e9pistage, le diagnostic, le traitement et le suivi de votre maladie. Le personnel du laboratoire vous expliquera toutes les proc\u00e9dures. Si vous avez des questions au sujet des analyses de laboratoire, parlez-en [&hellip;]<\/p>\n","protected":false},"author":25,"featured_media":0,"parent":7872,"menu_order":32,"comment_status":"closed","ping_status":"closed","template":"","meta":{"_acf_changed":false,"_mc_calendar":[],"footnotes":""},"class_list":["post-8772","page","type-page","status-publish","hentry"],"acf":[],"wps_subtitle":"","_links":{"self":[{"href":"https:\/\/www.ottawahospital.on.ca\/fr\/wp-json\/wp\/v2\/pages\/8772","targetHints":{"allow":["GET"]}}],"collection":[{"href":"https:\/\/www.ottawahospital.on.ca\/fr\/wp-json\/wp\/v2\/pages"}],"about":[{"href":"https:\/\/www.ottawahospital.on.ca\/fr\/wp-json\/wp\/v2\/types\/page"}],"author":[{"embeddable":true,"href":"https:\/\/www.ottawahospital.on.ca\/fr\/wp-json\/wp\/v2\/users\/25"}],"replies":[{"embeddable":true,"href":"https:\/\/www.ottawahospital.on.ca\/fr\/wp-json\/wp\/v2\/comments?post=8772"}],"version-history":[{"count":0,"href":"https:\/\/www.ottawahospital.on.ca\/fr\/wp-json\/wp\/v2\/pages\/8772\/revisions"}],"up":[{"embeddable":true,"href":"https:\/\/www.ottawahospital.on.ca\/fr\/wp-json\/wp\/v2\/pages\/7872"}],"wp:attachment":[{"href":"https:\/\/www.ottawahospital.on.ca\/fr\/wp-json\/wp\/v2\/media?parent=8772"}],"curies":[{"name":"wp","href":"https:\/\/api.w.org\/{rel}","templated":true}]}}