{"id":8769,"date":"2016-11-18T13:30:54","date_gmt":"2016-11-18T18:30:54","guid":{"rendered":"http:\/\/52.229.122.34\/fr\/?page_id=8769"},"modified":"2023-05-29T10:59:36","modified_gmt":"2023-05-29T14:59:36","slug":"transplantation-et-de-therapie-cellulaire","status":"publish","type":"page","link":"https:\/\/www.ottawahospital.on.ca\/fr\/services-cliniques\/deptpgrmcs\/programmes\/programme-de-cancerologie\/nos-programmes-et-cliniques\/transplantation-et-de-therapie-cellulaire\/","title":{"rendered":"Transplantation et de th\u00e9rapie cellulaire"},"content":{"rendered":"<h2>\u00c0 notre sujet<\/h2>\n<p>Le Programme de transplantation et de th\u00e9rapie cellulaire (Programme de TTC) de L\u2019H\u00f4pital d\u2019Ottawa est un centre r\u00e9gional o\u00f9 se font environ 200 greffes de cellules souches chaque ann\u00e9e. Des patients atteints de maladies graves ou b\u00e9nignes qui touchent les syst\u00e8mes sanguin et immunitaire re\u00e7oivent des autogreffes (les cellules greff\u00e9es proviennent du receveur lui-m\u00eame) ou des allogreffes (les cellules greff\u00e9es proviennent d\u2019un donneur) au Campus G\u00e9n\u00e9ral. Des membres de notre \u00e9quipe multidisciplinaire collaborent pour vous donner les meilleurs soins possibles, que vous soyez hospitalis\u00e9 ou vu en clinique externe.<\/p>\n<p>Le Programme de TTC a \u00e9t\u00e9 le tout premier programme \u00e0 l\u2019ext\u00e9rieur des \u00c9tats-Unis \u00e0 recevoir la certification de la\u00a0<a href=\"https:\/\/www.factwebsite.org\/\" target=\"_blank\" rel=\"noopener noreferrer\">Foundation for the Accreditation of Cellular Therapy (FACT)<\/a>. En 2020, nous avons re\u00e7u notre septi\u00e8me certification, y compris la certification pour l\u2019administration de cellules effectrices immunitaires, ou la th\u00e9rapie cellulaire CAR\u2011T.<\/p>\n<h2>Nos services<\/h2>\n<p>Tout au long du processus de transplantation ou de th\u00e9rapie cellulaire, vous ferez affaire avec plusieurs \u00e9quipes de professionnels de la sant\u00e9 qui ont \u00e0 c\u0153ur de vous offrir des soins de calibre mondial et des services exceptionnels.<\/p>\n<p>Nos \u00e9quipes travaillent aux endroits suivants\u00a0:<\/p>\n<ul>\n<li><strong>Module L<\/strong>\u00a0\u2013 Clinique de soins ambulatoires situ\u00e9e au deuxi\u00e8me \u00e9tage du Campus G\u00e9n\u00e9ral de L\u2019H\u00f4pital d\u2019Ottawa. Au Module L, il y a des cliniques vari\u00e9es pour r\u00e9pondre \u00e0 vos besoins avant et apr\u00e8s votre transplantation ou th\u00e9rapie cellulaire.<\/li>\n<li><strong>Unit\u00e9 de m\u00e9decine d\u2019un jour<em>\u00a0<\/em><\/strong>\u2013 Unit\u00e9 de traitement en clinique externe situ\u00e9e dans la pi\u00e8ce\u00a05333, au cinqui\u00e8me \u00e9tage du Campus G\u00e9n\u00e9ral de L\u2019H\u00f4pital d\u2019Ottawa. De nombreux patients y re\u00e7oivent des soins en fonction de leurs besoins vari\u00e9s, y compris pour une transplantation ou une th\u00e9rapie cellulaire, \u00e0 diff\u00e9rentes \u00e9tapes du traitement.<\/li>\n<li><strong>Programme de jour de <\/strong>TTC \u2013 Locaux situ\u00e9s au cinqui\u00e8me \u00e9tage du Campus G\u00e9n\u00e9ral de L\u2019H\u00f4pital d\u2019Ottawa. Nous vous y offrons des soins quotidiens \u00e0 la plupart des patients \u00e0 l\u2019\u00e9tape de la transplantation ou de la th\u00e9rapie cellulaire CAR-T. Les heures d\u2019ouverture sont de 7\u00a0h\u00a030 \u00e0 19\u00a0h\u00a030. Si vous \u00eates admissible au programme, vous y recevrez une \u00e9valuation et des traitements tous les jours, puis vous retournerez chez vous aupr\u00e8s de votre famille ou de votre aidant. Les m\u00e9decins y assurent un service de garde 24 heures sur 24, tous les jours de l\u2019ann\u00e9e.<\/li>\n<li><strong>5 Ouest<\/strong>\u00a0\u2013 Unit\u00e9 de soins au cinqui\u00e8me \u00e9tage du Campus G\u00e9n\u00e9ral de L\u2019H\u00f4pital d\u2019Ottawa qui se sp\u00e9cialise dans les soins aux patients atteints de leuc\u00e9mie et aux patients qui re\u00e7oivent une greffe de cellules souches ou une th\u00e9rapie cellulaire. L\u2019Unit\u00e9 compte uniquement des chambres individuelles. Pour veiller \u00e0 la s\u00e9curit\u00e9 des patients, les heures de visite \u00e0 l\u2019unit\u00e9\u00a05 Ouest sont diff\u00e9rentes de celles du reste de l\u2019H\u00f4pital. Votre \u00e9quipe de soins en discutera avec vous et votre famille \u00e0 votre arriv\u00e9e.<\/li>\n<\/ul>\n<h2>Notre \u00e9quipe<\/h2>\n<p>L\u2019\u00e9quipe du Programme de TTC comprend des infirmi\u00e8res autoris\u00e9es, des h\u00e9matologues, des infirmi\u00e8res de pratique avanc\u00e9e, des associ\u00e9s cliniques, des pharmaciens cliniciens, des di\u00e9t\u00e9tistes, des physioth\u00e9rapeutes, des ergoth\u00e9rapeutes et des travailleuses sociales.<\/p>\n<p>Les personnes suivantes font aussi partie de notre \u00e9quipe\u00a0:<\/p>\n<div class=\"toh-tc-row\">\n<div class=\"col-md-6 mb-4\">\n<div class=\"toh-tc h-100\">\n<div class=\"toh-tc-body text-center\">\n<p><img decoding=\"async\" src=\"https:\/\/www.ottawahospital.on.ca\/wp-content\/uploads\/2018\/11\/Sheryl.jpg\" alt=\"Sheryl McDiarmid\" width=\"240\" height=\"240\" \/><\/p>\n<h4 class=\"toh-tc-title\"><strong>Sheryl McDiarmid, IA, B.Sc.inf., M\u00c9d., MBA, AOCN, ACNP, CVAA, CRNI\u00a0<\/strong><\/h4>\n<p class=\"toh-tc-text\"><strong>Infirmi\u00e8re de pratique avanc\u00e9e (IPA), Programme de transplantation et de th\u00e9rapie cellulaire <\/strong><br \/>\nInfirmi\u00e8re autoris\u00e9e, Mme McDiarmid est titulaire d\u2019une ma\u00eetrise et poss\u00e8de une vaste exp\u00e9rience clinique en h\u00e9matologie maligne et en greffe de cellules souches. En tant qu\u2019IPA, elle travaille en \u00e9troite collaboration avec le m\u00e9decin traitant et les autres membres de l\u2019\u00e9quipe du Programme de TTC pour assurer des soins \u00e0 nos patients \u00e0 toutes les \u00e9tapes du processus de transplantation ou de th\u00e9rapie cellulaire. Elle s\u2019occupe \u00e9galement de coordonner des plans de traitement complexes et de pr\u00e9parer des protocoles de traitement.<\/p>\n<\/div>\n<\/div>\n<\/div>\n<div class=\"col-md-6 mb-4\">\n<div class=\"toh-tc h-100\">\n<div class=\"toh-tc-body text-center\">\n<p><img decoding=\"async\" src=\"\/wp-content\/uploads\/2016\/11\/CareyLandry-150x150.jpg\" alt=\"careylandry\" width=\"240\" height=\"240\" \/><\/p>\n<h4 class=\"toh-tc-title\">Carey Landry, B.Sc., Ph.D.<\/h4>\n<p class=\"toh-tc-text\"><strong>Gestionnaire du Programme de transplantation et de th\u00e9rapie cellulaire et du Module L<\/strong><br \/>\nEn tant que gestionnaire du Programme de TTC, Mme Landry supervise les activit\u00e9s quotidiennes du programme et de la clinique externe. En \u00e9troite collaboration avec l\u2019\u00e9quipe du Programme de TTC, elle cr\u00e9e, met en \u0153uvre, g\u00e8re et \u00e9value des activit\u00e9s et des ressources administratives tout en assurant l\u2019am\u00e9lioration continue de la qualit\u00e9 et l\u2019innovation en mati\u00e8re de processus afin d\u2019offrir aux patients la meilleure exp\u00e9rience et les meilleurs r\u00e9sultats possible.<\/p>\n<\/div>\n<\/div>\n<\/div>\n<div class=\"col-md-6 mb-4\">\n<div class=\"toh-tc h-100\">\n<div class=\"toh-tc-body text-center\">\n<p><img decoding=\"async\" src=\"\/wp-content\/uploads\/2021\/02\/Tania-Baird_1.jpg\" alt=\"Tania baird\" width=\"240\" height=\"240\" \/><\/p>\n<h4 class=\"toh-tc-title\">Tania Baird, IA, B.Sc.inf.<\/h4>\n<p class=\"toh-tc-text\"><strong>Gestionnaire clinique, 5 Ouest, Programme de TTC, 5LEU (Leuc\u00e9mie)<\/strong><br \/>\nMme Baird est infirmi\u00e8res autoris\u00e9es qui supervisent les activit\u00e9s quotidiennes des unit\u00e9s de soins et du Programme de jour. Elles travaillent en \u00e9troite collaboration avec l\u2019\u00e9quipe du Programme de TTC pour s\u2019assurer de r\u00e9pondre \u00e0 vos besoins durant votre hospitalisation et que vous recevez les meilleurs soins possible<\/p>\n<\/div>\n<\/div>\n<\/div>\n<div class=\"col-md-6 mb-4\">\n<div class=\"toh-tc h-100\">\n<div class=\"toh-tc-body text-center\">\n<p><img decoding=\"async\" src=\"\/wp-content\/uploads\/2021\/02\/stephanie-shutron_1.jpg\" alt=\"stephanie shutron\" width=\"240\" height=\"240\" \/><\/p>\n<h4 class=\"toh-tc-title\">Stephanie Shutron, IA, B.Sc.inf.<\/h4>\n<p class=\"toh-tc-text\"><strong>Responsable des soins cliniques, 5 Ouest, Programme de TTC, 5LEU (Leuc\u00e9mie)<\/strong><br \/>\nMme Shutron sont est infirmi\u00e8res autoris\u00e9es qui supervisent les activit\u00e9s quotidiennes des unit\u00e9s de soins et du Programme de jour. Elles travaillent en \u00e9troite collaboration avec l\u2019\u00e9quipe du Programme de TTC pour s\u2019assurer de r\u00e9pondre \u00e0 vos besoins durant votre hospitalisation et que vous recevez les meilleurs soins possible.<\/p>\n<\/div>\n<\/div>\n<\/div>\n<div class=\"col-md-6 mb-4\">\n<div class=\"toh-tc h-100\">\n<div class=\"toh-tc-body text-center\">\n<p><img decoding=\"async\" src=\"\/wp-content\/uploads\/2021\/02\/Chris_1.jpg\" alt=\"drchristopherbredeson\" width=\"240\" height=\"240\" \/><\/p>\n<h4 class=\"toh-tc-title\">Dr Christopher Bredeson, MD, M.Sc., FRCPC<\/h4>\n<p class=\"toh-tc-text\"><strong>Chef, H\u00e9matologie maligne et directeur m\u00e9dical du Programme de transplantation et de th\u00e9rapie cellulaire <\/strong><br \/>\nLe Dr Christopher Bredeson d\u00e9tient un dipl\u00f4me en m\u00e9decine de l\u2019Universit\u00e9 d\u2019Ottawa. Pendant sa formation postdoctorale, il a fait un internat et une r\u00e9sidence en m\u00e9decine interne ainsi qu\u2019une r\u00e9sidence en h\u00e9matologie clinique et une sursp\u00e9cialisation en leuc\u00e9mie et greffe de sang et de moelle osseuse \u00e0 l\u2019Universit\u00e9 de la Colombie-Britannique. Il est \u00e9galement titulaire d\u2019une ma\u00eetrise en \u00e9pid\u00e9miologie clinique. Apr\u00e8s avoir pass\u00e9 dix ans au Medical College of Wisconsin comme h\u00e9matologue, le Dr Bredeson est rentr\u00e9 au Canada pour diriger le Programme de transplantation et de th\u00e9rapie cellulaire de L\u2019H\u00f4pital d\u2019Ottawa. Il a \u00e9t\u00e9 pr\u00e9sident de Transplantation et de th\u00e9rapie cellulaire Canada (2014-2015) et de l\u2019American Society for Transplantation and Cellular Therapy (2016-2017).<\/p>\n<\/div>\n<\/div>\n<\/div>\n<\/div>\n<h2>Soumettre une demande de consultation au Programme de TTC<\/h2>\n<p>Nous acceptons les demandes de consultation provenant de m\u00e9decins et d\u2019autres centres de traitement. Votre m\u00e9decin pourrait vous diriger vers le programme pour les raisons suivantes\u00a0:<\/p>\n<ul>\n<li>Leuc\u00e9mie aigu\u00eb ou chronique<\/li>\n<li>An\u00e9mie aplasique ou pancytop\u00e9nie non diagnostiqu\u00e9e<\/li>\n<li>My\u00e9lodysplasie<\/li>\n<li>My\u00e9lome multiple<\/li>\n<li>Lymphome hodgkinien<\/li>\n<li>Lymphome non hodgkinien<\/li>\n<li>Maladie auto-immune<\/li>\n<li>greffe de cellules souches ou th\u00e9rapie cellulaire CAR-T \u00e0 un autre centre<\/li>\n<\/ul>\n<h2>Rapports annuels<\/h2>\n<ul>\n<li><a href=\"\/fr\/documents\/2023\/05\/rapports-annuels-tct-2022.pdf\/\">2022<\/a><\/li>\n<li><a href=\"\/fr\/documents\/2022\/04\/rapports-annuels-ttc.pdf\/\">2021<\/a><\/li>\n<\/ul>\n<h2>Information et soutien pour le patient et ses aidants naturels<\/h2>\n<ul>\n<li><a href=\"\/fr\/documents\/2021\/05\/leucemie-aigue-et-transplantation-et-therapie-cellulaire-hopital-de-jour-apr-2021.pdf\/\" target=\"_blank\" rel=\"noopener\">Leuc\u00e9mie aigu\u00eb et Transplantation et th\u00e9rapie cellulaire H\u00f4pital de jour<\/a><\/li>\n<li><a href=\"\/fr\/documents\/2021\/05\/unite-de-transplantation-et-de-therapie-cellulaire-ttc-5-ouest-feb-2021.pdf\/\" target=\"_blank\" rel=\"noopener\">Unit\u00e9 de transplantation et de th\u00e9rapie cellulaire (TTC) 5 Ouest<\/a><\/li>\n<li><a href=\"\/fr\/documents\/2021\/05\/autogreffe-de-cellules-souches-feb-2021.pdf\/\" target=\"_blank\" rel=\"noopener\">Autogreffe de cellules souches \u2013 Guide d\u2019Accompagnement<\/a><\/li>\n<li><a href=\"\/fr\/documents\/2021\/05\/allogreffe-de-cellules-souches-feb-2021.pdf\/\" target=\"_blank\" rel=\"noopener\">Allogreffe de cellules souches \u2013 Guide d\u2019Accompagnement<\/a><\/li>\n<li><a href=\"\/fr\/documents\/2021\/05\/therapie-cellulaire-car-t.pdf\/\" target=\"_blank\" rel=\"noopener\">Th\u00e9rapie cellulaire CAR-T \u2013 Guide d\u2019Accompagnement<\/a><\/li>\n<\/ul>\n<div class=\"card\">\n<h2 class=\"card-header h2-mock\">Nous joindre<\/h2>\n<div class=\"card-body\">\n<p>Programme de transplantation et de th\u00e9rapie cellulaire de L\u2019H\u00f4pital d\u2019Ottawa<em><br \/>\n<\/em>C.P. 704<br \/>\n501, chemin Smyth<br \/>\nK1H 8L6<\/p>\n<hr \/>\n<h3>Bureau du Programme de TTC<\/h3>\n<div class=\"col-md-6\"><strong>Avant une greffe :<\/strong><br \/>\nT\u00e9l. : 613-737-8899, poste 71825<br \/>\nT\u00e9l\u00e9c. : 613-739-6816<br \/>\nHeures d\u2019ouverture : du lundi au vendredi, de 8\u00a0h \u00e0 16\u00a0h<\/div>\n<div class=\"col-md-6\"><strong>Apr\u00e8s une greffe :<\/strong><br \/>\nT\u00e9l. : 613-737-8227<br \/>\nT\u00e9l\u00e9c. : 613-739-6816<br \/>\nHeures d\u2019ouverture : du lundi au vendredi, de 8\u00a0h \u00e0 16\u00a0h<\/div>\n<div class=\"clearblock paddingtop15\"><\/div>\n<hr \/>\n<h3>Num\u00e9ro de t\u00e9l\u00e9phone d\u2019urgence (en tout temps) pour les patients du Programme de TTC<\/h3>\n<p>613-739-6962 &#8211; Demandez \u00e0 parler \u00e0 l\u2019h\u00e9matologue de garde.<\/p>\n<\/div>\n<\/div>\n","protected":false},"excerpt":{"rendered":"<p>\u00c0 notre sujet Le Programme de transplantation et de th\u00e9rapie cellulaire (Programme de TTC) de L\u2019H\u00f4pital d\u2019Ottawa est un centre r\u00e9gional o\u00f9 se font environ 200 greffes de cellules souches chaque ann\u00e9e. Des patients atteints de maladies graves ou b\u00e9nignes qui touchent les syst\u00e8mes sanguin et immunitaire re\u00e7oivent des autogreffes (les cellules greff\u00e9es proviennent du [&hellip;]<\/p>\n","protected":false},"author":25,"featured_media":0,"parent":8984,"menu_order":3,"comment_status":"closed","ping_status":"closed","template":"","meta":{"_acf_changed":false,"_mc_calendar":[],"footnotes":""},"class_list":["post-8769","page","type-page","status-publish","hentry"],"acf":[],"wps_subtitle":"","_links":{"self":[{"href":"https:\/\/www.ottawahospital.on.ca\/fr\/wp-json\/wp\/v2\/pages\/8769","targetHints":{"allow":["GET"]}}],"collection":[{"href":"https:\/\/www.ottawahospital.on.ca\/fr\/wp-json\/wp\/v2\/pages"}],"about":[{"href":"https:\/\/www.ottawahospital.on.ca\/fr\/wp-json\/wp\/v2\/types\/page"}],"author":[{"embeddable":true,"href":"https:\/\/www.ottawahospital.on.ca\/fr\/wp-json\/wp\/v2\/users\/25"}],"replies":[{"embeddable":true,"href":"https:\/\/www.ottawahospital.on.ca\/fr\/wp-json\/wp\/v2\/comments?post=8769"}],"version-history":[{"count":0,"href":"https:\/\/www.ottawahospital.on.ca\/fr\/wp-json\/wp\/v2\/pages\/8769\/revisions"}],"up":[{"embeddable":true,"href":"https:\/\/www.ottawahospital.on.ca\/fr\/wp-json\/wp\/v2\/pages\/8984"}],"wp:attachment":[{"href":"https:\/\/www.ottawahospital.on.ca\/fr\/wp-json\/wp\/v2\/media?parent=8769"}],"curies":[{"name":"wp","href":"https:\/\/api.w.org\/{rel}","templated":true}]}}