{"id":8735,"date":"2016-11-18T12:52:51","date_gmt":"2016-11-18T17:52:51","guid":{"rendered":"http:\/\/52.229.122.34\/fr\/?page_id=8735"},"modified":"2023-10-25T10:24:50","modified_gmt":"2023-10-25T14:24:50","slug":"maladies-infectieuses","status":"publish","type":"page","link":"https:\/\/www.ottawahospital.on.ca\/fr\/services-cliniques\/deptpgrmcs\/cliniques-et-services\/maladies-infectieuses\/","title":{"rendered":"Maladies infectieuses"},"content":{"rendered":"<h2>Vue d\u2019ensemble<\/h2>\n<p>Cette clinique re\u00e7oit toutes sortes de patients dont les diagnostics comprennent les infections postop\u00e9ratoires des plaies, les endocardites (inflammation autour du c\u0153ur), la bact\u00e9ri\u00e9mie (empoisonnement du sang) ainsi que les <a href=\"\/fr\/services-cliniques\/deptpgrmcs\/cliniques-et-services\/clinique-medicale-des-voyageurs-internationaux\/\">maladies tropicales<\/a>, les maladies sexuellement transmissibles et la tuberculose. Les patients sont \u00e9valu\u00e9s \u00e0 fond pour confirmer le diagnostic au moyen d&rsquo;outils comme la radiographie, l&rsquo;examen du sang, les tests des liquides organiques. Ils sont trait\u00e9s conform\u00e9ment aux indications du m\u00e9decin.<\/p>\n<p><a href=\"https:\/\/www.irho.ca\/research\/results.aspx?d=42\">Recherche sur les maladies infectieuses.<\/a><\/p>\n<h2><strong>Pour prendre rendez-vous<\/strong><\/h2>\n<p>Recommandation m\u00e9dicale requise<\/p>\n<h2>Nous joindre<\/h2>\n<p><strong>Campus Civic<br \/><\/strong><strong>190, avenue Melrose, <\/strong><strong>secteur J (rez-de-chauss\u00e9e)<\/strong><strong> \u2013 Immeuble situ\u00e9 directement derri\u00e8re l\u2019Institut de cardiologie\u00a0<\/strong><strong><br \/><\/strong>Heures d\u2019ouverture\u00a0: du lundi au vendredi, de 8\u00a0h \u00e0 16\u00a0h<br \/><strong>Demande de consultation par t\u00e9l\u00e9copieur\u00a0: 613-761-5260<br \/><\/strong><strong>T\u00e9l.\u00a0:<\/strong> 613-761-4155<\/p>\n<p><a href=\"\/fr\/documents\/2017\/01\/directions-pour-la-clinique-des-maladies-infectieuses.pdf\/\" target=\"_blank\" rel=\"noopener noreferrer\">Pour se rendre \u00e0 la Clinique des maladies infectieuses, \u00e0 la Clinique de chirurgie vasculaire et au Centre de cicatrisation des plaies<\/a><\/p>\n<p><strong>Campus G\u00e9n\u00e9ral<br \/>\u00c9difice principal, 2<\/strong><sup><strong>e<\/strong><\/sup><strong>\u00a0\u00e9tage, module G<br \/><\/strong>Heures d\u2019ouverture\u00a0: du lundi au vendredi, de 8\u00a0h \u00e0 16\u00a0h<br \/><strong>Demande de consultation par t\u00e9l\u00e9copieur : 613-737-8009<\/strong><br \/><strong>T\u00e9l.\u00a0:<\/strong> 613-737-8856<br \/><strong>Bo\u00eete aux lettres \u00e9lectronique du campus g\u00e9n\u00e9ral :\u00a0<\/strong><a href=\"mailto:ModuleGClinic@toh.ca\">ModuleGClinic@toh.ca<\/a><\/p>\n<p>\u00a0<\/p>\n\n\n<div class=\"wp-block-cover alignfull is-light margintop20\" style=\"min-height:150px;aspect-ratio:unset;\"><span aria-hidden=\"true\" class=\"wp-block-cover__background has-background-dim-100 has-background-dim\" style=\"background-color:#a6be4b\"><\/span><div class=\"wp-block-cover__inner-container is-layout-flow wp-block-cover-is-layout-flow\">\n<div class=\"wp-block-columns alignwide is-layout-flex wp-container-core-columns-is-layout-9d6595d7 wp-block-columns-is-layout-flex\">\n<div class=\"wp-block-column is-vertically-aligned-top is-layout-flow wp-block-column-is-layout-flow\" style=\"flex-basis:100%\">\n<p>La bo\u00eete de r\u00e9ception du module G est uniquement destin\u00e9e \u00e0 recevoir des messages non urgents concernant les rendez-vous des patients existants. Nous n&rsquo;encourageons pas l&rsquo;envoi de courriers \u00e9lectroniques comme moyen de communication d&rsquo;informations personnelles sur la sant\u00e9, car Internet n&rsquo;est pas un endroit s\u00e9curis\u00e9 pour transf\u00e9rer ce type d&rsquo;informations. Veuillez consulter ici pour plus d&rsquo;informations sur la clause de&nbsp;<a href=\"https:\/\/www.ottawahospital.on.ca\/fr\/patients-et-visiteurs\/protection-des-renseignements-personnels\/avis-de-non-responsabilite-et-enonce-sur-la-protection-des-renseignements-personnels\/\" target=\"_blank\" rel=\"noreferrer noopener\">non-responsabilit\u00e9 et la d\u00e9claration de confidentialit\u00e9<\/a>&nbsp;de l&rsquo;H\u00f4pital d&rsquo;Ottawa.<\/p>\n<\/div>\n<\/div>\n<\/div><\/div>\n","protected":false},"excerpt":{"rendered":"<p>Vue d\u2019ensemble Cette clinique re\u00e7oit toutes sortes de patients dont les diagnostics comprennent les infections postop\u00e9ratoires des plaies, les endocardites (inflammation autour du c\u0153ur), la bact\u00e9ri\u00e9mie (empoisonnement du sang) ainsi que les maladies tropicales, les maladies sexuellement transmissibles et la tuberculose. Les patients sont \u00e9valu\u00e9s \u00e0 fond pour confirmer le diagnostic au moyen d&rsquo;outils comme [&hellip;]<\/p>\n","protected":false},"author":25,"featured_media":0,"parent":7872,"menu_order":30,"comment_status":"closed","ping_status":"closed","template":"","meta":{"_acf_changed":false,"_mc_calendar":[],"footnotes":""},"class_list":["post-8735","page","type-page","status-publish","hentry"],"acf":[],"wps_subtitle":"","_links":{"self":[{"href":"https:\/\/www.ottawahospital.on.ca\/fr\/wp-json\/wp\/v2\/pages\/8735","targetHints":{"allow":["GET"]}}],"collection":[{"href":"https:\/\/www.ottawahospital.on.ca\/fr\/wp-json\/wp\/v2\/pages"}],"about":[{"href":"https:\/\/www.ottawahospital.on.ca\/fr\/wp-json\/wp\/v2\/types\/page"}],"author":[{"embeddable":true,"href":"https:\/\/www.ottawahospital.on.ca\/fr\/wp-json\/wp\/v2\/users\/25"}],"replies":[{"embeddable":true,"href":"https:\/\/www.ottawahospital.on.ca\/fr\/wp-json\/wp\/v2\/comments?post=8735"}],"version-history":[{"count":0,"href":"https:\/\/www.ottawahospital.on.ca\/fr\/wp-json\/wp\/v2\/pages\/8735\/revisions"}],"up":[{"embeddable":true,"href":"https:\/\/www.ottawahospital.on.ca\/fr\/wp-json\/wp\/v2\/pages\/7872"}],"wp:attachment":[{"href":"https:\/\/www.ottawahospital.on.ca\/fr\/wp-json\/wp\/v2\/media?parent=8735"}],"curies":[{"name":"wp","href":"https:\/\/api.w.org\/{rel}","templated":true}]}}