{"id":8725,"date":"2016-11-18T12:50:11","date_gmt":"2016-11-18T17:50:11","guid":{"rendered":"http:\/\/52.229.122.34\/fr\/?page_id=8725"},"modified":"2016-12-09T11:04:46","modified_gmt":"2016-12-09T16:04:46","slug":"immunodeficience-vih-sida","status":"publish","type":"page","link":"https:\/\/www.ottawahospital.on.ca\/fr\/services-cliniques\/deptpgrmcs\/cliniques-et-services\/immunodeficience-vih-sida\/","title":{"rendered":"Immunod\u00e9ficience (VIH \/sida)"},"content":{"rendered":"<h2>Vue d\u2019ensemble<\/h2>\n<p>La clinique d&rsquo;immunod\u00e9ficience est une clinique externe o\u00f9 une \u00e9quipe multidisciplinaire offre des soins\u00a0 sp\u00e9cialis\u00e9s aux personnes atteintes du VIH\/sida. La clinique est un centre r\u00e9gional sp\u00e9cialis\u00e9 dans les soins et la recherche portant sur l&rsquo;infection au VIH. C&rsquo;est aussi un point de distribution pour les m\u00e9dicaments\u00a0 antir\u00e9troviraux.<\/p>\n<p>Les patients peuvent participer \u00e0 des essais cliniques. L&rsquo;\u00e9quipe multidisciplinaire est compos\u00e9e de m\u00e9decins sp\u00e9cialistes en maladies infectieuses, d&rsquo;infirmi\u00e8res, de travailleurs sociaux, d&rsquo;un psychologue, d&rsquo;un di\u00e9t\u00e9tiste, d&rsquo;un pharmacien et d&rsquo;une \u00e9quipe de recherche.<\/p>\n<p>La clinique offre des soins de jour, les traitements de Pentamidine par inhalation et une pharmacie satellite pour la distribution de certains m\u00e9dicaments. Les patients sont suivis en collaboration avec leur m\u00e9decin de famille.<\/p>\n<p>La clinique organise des activit\u00e9s \u00e9ducatives pour les patients et des groupes de soutien, et a mis sur pied un comit\u00e9 de liaison afin d&rsquo;am\u00e9liorer la communication avec la client\u00e8le et la communaut\u00e9.<\/p>\n<p>La clinique ne fait pas de d\u00e9pistage du VIH (virus d&rsquo;immunod\u00e9ficience humaine). Pour toute question d&rsquo;ordre g\u00e9n\u00e9ral sur le VIH ou le sida veuillez appeler la ligne bilingue d&rsquo;information sur le sida du Minist\u00e8re de la sant\u00e9 de l&rsquo;Ontario au 1-800-267-7432.<\/p>\n<h2>Rendez\u2013vous<\/h2>\n<p>Recommandation d&rsquo;un m\u00e9decin<\/p>\n<p>Lundi &#8211; vendredi, 8 h 30 &#8211; 15 h 30<\/p>\n<h2>Pour nous joindre<\/h2>\n<p><strong>Campus G\u00e9n\u00e9ral :<\/strong><br \/>\nAfin de prot\u00e9ger la confidentialit\u00e9 des patients, la salle d&rsquo;attende n&rsquo;est pas identifi\u00e9e come \u00e9tant la clinique du SIDA.<\/p>\n","protected":false},"excerpt":{"rendered":"<p>Vue d\u2019ensemble La clinique d&rsquo;immunod\u00e9ficience est une clinique externe o\u00f9 une \u00e9quipe multidisciplinaire offre des soins\u00a0 sp\u00e9cialis\u00e9s aux personnes atteintes du VIH\/sida. La clinique est un centre r\u00e9gional sp\u00e9cialis\u00e9 dans les soins et la recherche portant sur l&rsquo;infection au VIH. C&rsquo;est aussi un point de distribution pour les m\u00e9dicaments\u00a0 antir\u00e9troviraux. Les patients peuvent participer \u00e0 [&hellip;]<\/p>\n","protected":false},"author":25,"featured_media":0,"parent":7872,"menu_order":29,"comment_status":"closed","ping_status":"closed","template":"","meta":{"_acf_changed":false,"_mc_calendar":[],"footnotes":""},"class_list":["post-8725","page","type-page","status-publish","hentry"],"acf":[],"wps_subtitle":"","_links":{"self":[{"href":"https:\/\/www.ottawahospital.on.ca\/fr\/wp-json\/wp\/v2\/pages\/8725","targetHints":{"allow":["GET"]}}],"collection":[{"href":"https:\/\/www.ottawahospital.on.ca\/fr\/wp-json\/wp\/v2\/pages"}],"about":[{"href":"https:\/\/www.ottawahospital.on.ca\/fr\/wp-json\/wp\/v2\/types\/page"}],"author":[{"embeddable":true,"href":"https:\/\/www.ottawahospital.on.ca\/fr\/wp-json\/wp\/v2\/users\/25"}],"replies":[{"embeddable":true,"href":"https:\/\/www.ottawahospital.on.ca\/fr\/wp-json\/wp\/v2\/comments?post=8725"}],"version-history":[{"count":0,"href":"https:\/\/www.ottawahospital.on.ca\/fr\/wp-json\/wp\/v2\/pages\/8725\/revisions"}],"up":[{"embeddable":true,"href":"https:\/\/www.ottawahospital.on.ca\/fr\/wp-json\/wp\/v2\/pages\/7872"}],"wp:attachment":[{"href":"https:\/\/www.ottawahospital.on.ca\/fr\/wp-json\/wp\/v2\/media?parent=8725"}],"curies":[{"name":"wp","href":"https:\/\/api.w.org\/{rel}","templated":true}]}}