{"id":8695,"date":"2016-11-18T12:43:43","date_gmt":"2016-11-18T17:43:43","guid":{"rendered":"http:\/\/52.229.122.34\/fr\/?page_id=8695"},"modified":"2016-12-09T10:53:35","modified_gmt":"2016-12-09T15:53:35","slug":"clinique-dhematologie-et-de-thrombose","status":"publish","type":"page","link":"https:\/\/www.ottawahospital.on.ca\/fr\/services-cliniques\/deptpgrmcs\/cliniques-et-services\/clinique-dhematologie-et-de-thrombose\/","title":{"rendered":"Clinique d&rsquo;h\u00e9matologie et de thrombose"},"content":{"rendered":"<h2>Vue d\u2019ensemble<\/h2>\n<p>Cette clinique s&rsquo;occupe d&rsquo;un grand nombre de d\u00e9sordres sanguins, parmi lesquels les leuc\u00e9mies, les an\u00e9mies, la thrombocytop\u00e9nie et la leucocytop\u00e9nie.<\/p>\n<p>L&rsquo;unit\u00e9 de traitement des thromboses traite surtout les embolies pulmonaires (caillots dans les poumons) et les thromboses veineuses profondes (caillots dans la jambe). L&rsquo;unit\u00e9 offre un programme d&rsquo;administration \u00e0 domicile d&rsquo;anticoagulants (m\u00e9dicaments qui emp\u00eachent la formation de caillots) qui a consid\u00e9rablement r\u00e9duit le nombre d&rsquo;admissions \u00e0 l&rsquo;h\u00f4pital.<\/p>\n<h2>Rendez-vous<\/h2>\n<p>Recommandation d&rsquo;un m\u00e9decin<br \/>\nLundi &#8211; vendredi 8 h \u00e0 16 h 30<\/p>\n<h2>Pour nous joindre<\/h2>\n<p><strong>Thrombose<\/strong><br \/>\nT\u00e9l\u00e9phone : 613-737-8899, poste 78060<br \/>\nT\u00e9l\u00e9copieur : 613-737-8093<\/p>\n<p><strong>H\u00e9matologie<\/strong><br \/>\nT\u00e9l\u00e9phone : 613-737-8899, poste 78822<br \/>\nT\u00e9l\u00e9copieur : 613-737-8861<\/p>\n","protected":false},"excerpt":{"rendered":"<p>Vue d\u2019ensemble Cette clinique s&rsquo;occupe d&rsquo;un grand nombre de d\u00e9sordres sanguins, parmi lesquels les leuc\u00e9mies, les an\u00e9mies, la thrombocytop\u00e9nie et la leucocytop\u00e9nie. L&rsquo;unit\u00e9 de traitement des thromboses traite surtout les embolies pulmonaires (caillots dans les poumons) et les thromboses veineuses profondes (caillots dans la jambe). L&rsquo;unit\u00e9 offre un programme d&rsquo;administration \u00e0 domicile d&rsquo;anticoagulants (m\u00e9dicaments qui [&hellip;]<\/p>\n","protected":false},"author":25,"featured_media":0,"parent":7872,"menu_order":25,"comment_status":"closed","ping_status":"closed","template":"","meta":{"_acf_changed":false,"_mc_calendar":[],"footnotes":""},"class_list":["post-8695","page","type-page","status-publish","hentry"],"acf":[],"wps_subtitle":"","_links":{"self":[{"href":"https:\/\/www.ottawahospital.on.ca\/fr\/wp-json\/wp\/v2\/pages\/8695","targetHints":{"allow":["GET"]}}],"collection":[{"href":"https:\/\/www.ottawahospital.on.ca\/fr\/wp-json\/wp\/v2\/pages"}],"about":[{"href":"https:\/\/www.ottawahospital.on.ca\/fr\/wp-json\/wp\/v2\/types\/page"}],"author":[{"embeddable":true,"href":"https:\/\/www.ottawahospital.on.ca\/fr\/wp-json\/wp\/v2\/users\/25"}],"replies":[{"embeddable":true,"href":"https:\/\/www.ottawahospital.on.ca\/fr\/wp-json\/wp\/v2\/comments?post=8695"}],"version-history":[{"count":0,"href":"https:\/\/www.ottawahospital.on.ca\/fr\/wp-json\/wp\/v2\/pages\/8695\/revisions"}],"up":[{"embeddable":true,"href":"https:\/\/www.ottawahospital.on.ca\/fr\/wp-json\/wp\/v2\/pages\/7872"}],"wp:attachment":[{"href":"https:\/\/www.ottawahospital.on.ca\/fr\/wp-json\/wp\/v2\/media?parent=8695"}],"curies":[{"name":"wp","href":"https:\/\/api.w.org\/{rel}","templated":true}]}}