{"id":8659,"date":"2016-11-18T12:25:18","date_gmt":"2016-11-18T17:25:18","guid":{"rendered":"http:\/\/52.229.122.34\/fr\/?page_id=8659"},"modified":"2021-03-08T09:54:08","modified_gmt":"2021-03-08T14:54:08","slug":"travail-social","status":"publish","type":"page","link":"https:\/\/www.ottawahospital.on.ca\/fr\/patients-et-visiteurs\/soutien-et-suivi\/travail-social\/","title":{"rendered":"Travail social"},"content":{"rendered":"<p>La page demand\u00e9e a \u00e9t\u00e9 ouverte dans une nouvelle fen\u00eatre.<\/p>\n<p>Si votre navigateur Web bloque les fen\u00eatres \u00ab\u00a0pop-up\u00a0\u00bb, vous pouvez ouvrir la page en cliquant sur le lien suivant :<br \/>\n<a title=\"\" href=\"\/fr\/notre-modele-de-soins\/notre-equipe-de-professionnels-de-la-sante\/travail-social\/\" target=\"_blank\" rel=\"noopener\">Travail social<\/a><\/p>\n","protected":false},"excerpt":{"rendered":"<p>La page demand\u00e9e a \u00e9t\u00e9 ouverte dans une nouvelle fen\u00eatre. Si votre navigateur Web bloque les fen\u00eatres \u00ab\u00a0pop-up\u00a0\u00bb, vous pouvez ouvrir la page en cliquant sur le lien suivant : Travail social<\/p>\n","protected":false},"author":25,"featured_media":0,"parent":230,"menu_order":2,"comment_status":"closed","ping_status":"closed","template":"","meta":{"_acf_changed":false,"_mc_calendar":[],"footnotes":""},"class_list":["post-8659","page","type-page","status-publish","hentry"],"acf":[],"wps_subtitle":"","_links":{"self":[{"href":"https:\/\/www.ottawahospital.on.ca\/fr\/wp-json\/wp\/v2\/pages\/8659","targetHints":{"allow":["GET"]}}],"collection":[{"href":"https:\/\/www.ottawahospital.on.ca\/fr\/wp-json\/wp\/v2\/pages"}],"about":[{"href":"https:\/\/www.ottawahospital.on.ca\/fr\/wp-json\/wp\/v2\/types\/page"}],"author":[{"embeddable":true,"href":"https:\/\/www.ottawahospital.on.ca\/fr\/wp-json\/wp\/v2\/users\/25"}],"replies":[{"embeddable":true,"href":"https:\/\/www.ottawahospital.on.ca\/fr\/wp-json\/wp\/v2\/comments?post=8659"}],"version-history":[{"count":0,"href":"https:\/\/www.ottawahospital.on.ca\/fr\/wp-json\/wp\/v2\/pages\/8659\/revisions"}],"up":[{"embeddable":true,"href":"https:\/\/www.ottawahospital.on.ca\/fr\/wp-json\/wp\/v2\/pages\/230"}],"wp:attachment":[{"href":"https:\/\/www.ottawahospital.on.ca\/fr\/wp-json\/wp\/v2\/media?parent=8659"}],"curies":[{"name":"wp","href":"https:\/\/api.w.org\/{rel}","templated":true}]}}