{"id":86481,"date":"2024-12-10T11:12:58","date_gmt":"2024-12-10T16:12:58","guid":{"rendered":"https:\/\/www.ottawahospital.on.ca\/?page_id=86481"},"modified":"2025-08-28T12:55:39","modified_gmt":"2025-08-28T16:55:39","slug":"approvisionnement-respectueux-lenvironnement-valeur-sociales-gouvernance","status":"publish","type":"page","link":"https:\/\/www.ottawahospital.on.ca\/fr\/about-us\/faire-affaire-avec-lhopital\/approvisionnement-respectueux-lenvironnement-valeur-sociales-gouvernance\/","title":{"rendered":"Approvisionnement respectueux de l\u2019environnement, des valeurs sociales et de la gouvernance"},"content":{"rendered":"\n<p>L\u2019H\u00f4pital d\u2019Ottawa reconna\u00eet l\u2019importance de la responsabilit\u00e9 d\u2019entreprise, de la diversit\u00e9 des fournisseurs, du respect des valeurs sociales et de l\u2019am\u00e9lioration de la sant\u00e9 plan\u00e9taire gr\u00e2ce \u00e0 la promotion de la durabilit\u00e9 environnementale. Nous sommes en faveur de l\u2019int\u00e9gration de crit\u00e8res ax\u00e9s sur le respect de l\u2019environnement, des valeurs sociales et de la gouvernance dans le cadre de l\u2019\u00e9valuation et de la s\u00e9lection des propositions de fournisseurs.&nbsp;<\/p>\n\n\n\n<p>Nous travaillons en \u00e9troite collaboration avec les fournisseurs afin d\u2019avoir recours \u00e0 l\u2019achat de biens et de services durables et de susciter l\u2019int\u00e9r\u00eat de notre groupe de travail sur la durabilit\u00e9 des produits cliniques pour nous concentrer sur l\u2019am\u00e9lioration de cette capacit\u00e9. Poursuivez votre lecture pour en savoir plus sur <a href=\"https:\/\/www.ottawahospital.on.ca\/fr\/about-us\/environnement\/\" target=\"_blank\" rel=\"noreferrer noopener\">la mani\u00e8re dont L\u2019H\u00f4pital d\u2019Ottawa \u0153uvre en faveur de l\u2019environnement.<\/a>&nbsp;<\/p>\n\n\n\n<p>L\u2019H\u00f4pital d\u2019Ottawa est membre du <a href=\"https:\/\/csedottawa.ca\/services\/social-procurement-2\/\" target=\"_blank\" rel=\"noreferrer noopener\">groupe de travail sur l\u2019approvisionnement socialement responsable du Centre for Social Enterprise Development (CSED)<\/a>&nbsp;et a du personnel form\u00e9 pour devenir des professionnels agr\u00e9\u00e9s en mati\u00e8re d\u2019approvisionnement social aupr\u00e8s de <a href=\"http:\/\/www.buysocialcanada.com\/directories\/\" target=\"_blank\" rel=\"noreferrer noopener\">Buy Social Canada<\/a>. Si votre entreprise est admissible, nous vous encourageons \u00e0 vous inscrire au r\u00e9pertoire des deux organismes.<\/p>\n\n\n\n<div style=\"height:20px\" aria-hidden=\"true\" class=\"wp-block-spacer\"><\/div>\n\n\n\n<div class=\"wp-block-columns is-layout-flex wp-container-core-columns-is-layout-9d6595d7 wp-block-columns-is-layout-flex\">\n<div class=\"wp-block-column is-layout-flow wp-block-column-is-layout-flow\"><div class=\"wp-block-image\">\n<figure class=\"aligncenter size-full\"><img decoding=\"async\" width=\"1309\" height=\"185\" src=\"https:\/\/www.ottawahospital.on.ca\/wp-content\/uploads\/2024\/12\/CSED-Logo-On-Black-300x80-1.png\" alt=\"\" class=\"wp-image-86301\" srcset=\"https:\/\/www.ottawahospital.on.ca\/wp-content\/uploads\/2024\/12\/CSED-Logo-On-Black-300x80-1.png 1309w, https:\/\/www.ottawahospital.on.ca\/wp-content\/uploads\/2024\/12\/CSED-Logo-On-Black-300x80-1-300x42.png 300w, https:\/\/www.ottawahospital.on.ca\/wp-content\/uploads\/2024\/12\/CSED-Logo-On-Black-300x80-1-1024x145.png 1024w, https:\/\/www.ottawahospital.on.ca\/wp-content\/uploads\/2024\/12\/CSED-Logo-On-Black-300x80-1-768x109.png 768w\" sizes=\"(max-width: 1309px) 100vw, 1309px\" \/><\/figure>\n<\/div><\/div>\n\n\n\n<div class=\"wp-block-column is-layout-flow wp-block-column-is-layout-flow\"><div class=\"wp-block-image\">\n<figure class=\"aligncenter size-full is-resized\"><img decoding=\"async\" width=\"456\" height=\"457\" src=\"https:\/\/www.ottawahospital.on.ca\/wp-content\/uploads\/2024\/12\/logo-main-buy-social-canada.png\" alt=\"\" class=\"wp-image-86304\" style=\"width:137px;height:auto\" srcset=\"https:\/\/www.ottawahospital.on.ca\/wp-content\/uploads\/2024\/12\/logo-main-buy-social-canada.png 456w, https:\/\/www.ottawahospital.on.ca\/wp-content\/uploads\/2024\/12\/logo-main-buy-social-canada-300x300.png 300w, https:\/\/www.ottawahospital.on.ca\/wp-content\/uploads\/2024\/12\/logo-main-buy-social-canada-150x150.png 150w\" sizes=\"(max-width: 456px) 100vw, 456px\" \/><\/figure>\n<\/div><\/div>\n<\/div>\n\n\n\n<h2 class=\"wp-block-heading\">Approvisionnement aupr\u00e8s d\u2019entreprises autochtones<\/h2>\n\n\n\n<p><strong>\u00c0 la fin de l\u2019exercice&nbsp;2024-2025, L\u2019H\u00f4pital d\u2019Ottawa a d\u00e9clar\u00e9 une valeur contractuelle de 22&nbsp;millions de dollars avec des entreprises autochtones.<\/strong>&nbsp;<\/p>\n\n\n\n<p>L\u2019H\u00f4pital d\u2019Ottawa a pour objectif de soutenir les entreprises autochtones en att\u00e9nuant les obstacles et en leur offrant un meilleur acc\u00e8s aux possibilit\u00e9s d\u2019approvisionnement, dans le but de contribuer \u00e0 leur croissance \u00e9conomique pour stimuler la comp\u00e9titivit\u00e9, renforcer les comp\u00e9tences et cr\u00e9er des emplois.&nbsp;<\/p>\n\n\n\n<p>L\u2019H\u00f4pital d\u2019Ottawa est membre du <a href=\"https:\/\/www.ccab.com\/fr\/\" target=\"_blank\" rel=\"noreferrer noopener\">Conseil canadien pour les entreprises autochtones<\/a>&nbsp;et se r\u00e9f\u00e8re \u00e0 son R\u00e9pertoire des entreprises autochtones certifi\u00e9es ainsi qu\u2019au <a href=\"https:\/\/services.sac-isc.gc.ca\/REA-IBD\">R\u00e9pertoire des entreprises autochtones<\/a> du gouvernement du Canada et au <a href=\"https:\/\/www.mohawkmedbuy.ca\/indigenous-launchpad\" target=\"_blank\" rel=\"noreferrer noopener\">Indigenous Launchpad<\/a> de Mohawk Mebuy.<\/p>\n\n\n\n<div class=\"wp-block-columns is-layout-flex wp-container-core-columns-is-layout-9d6595d7 wp-block-columns-is-layout-flex\">\n<div class=\"wp-block-column is-layout-flow wp-block-column-is-layout-flow\">\n<figure class=\"wp-block-image size-full\"><img decoding=\"async\" width=\"327\" height=\"98\" src=\"https:\/\/www.ottawahospital.on.ca\/wp-content\/uploads\/2024\/12\/Government-of-Canada.png\" alt=\"Government of Canada Logo\" class=\"wp-image-86219\" srcset=\"https:\/\/www.ottawahospital.on.ca\/wp-content\/uploads\/2024\/12\/Government-of-Canada.png 327w, https:\/\/www.ottawahospital.on.ca\/wp-content\/uploads\/2024\/12\/Government-of-Canada-300x90.png 300w\" sizes=\"(max-width: 327px) 100vw, 327px\" \/><\/figure>\n<\/div>\n\n\n\n<div class=\"wp-block-column is-layout-flow wp-block-column-is-layout-flow\">\n<figure class=\"wp-block-image size-full\"><img decoding=\"async\" width=\"758\" height=\"212\" src=\"https:\/\/www.ottawahospital.on.ca\/wp-content\/uploads\/2024\/12\/Indigenous-Business.png\" alt=\"Indigenous Business Logo\" class=\"wp-image-86221\" srcset=\"https:\/\/www.ottawahospital.on.ca\/wp-content\/uploads\/2024\/12\/Indigenous-Business.png 758w, https:\/\/www.ottawahospital.on.ca\/wp-content\/uploads\/2024\/12\/Indigenous-Business-300x84.png 300w\" sizes=\"(max-width: 758px) 100vw, 758px\" \/><\/figure>\n<\/div>\n<\/div>\n\n\n\n<div class=\"wp-block-columns is-layout-flex wp-container-core-columns-is-layout-9d6595d7 wp-block-columns-is-layout-flex\">\n<div class=\"wp-block-column is-layout-flow wp-block-column-is-layout-flow\">\n<figure class=\"wp-block-image size-full\"><img decoding=\"async\" width=\"305\" height=\"129\" src=\"https:\/\/www.ottawahospital.on.ca\/wp-content\/uploads\/2024\/12\/Indigenous-Launchpad.png\" alt=\"Indigenous Launchpad Logo\" class=\"wp-image-86223\" srcset=\"https:\/\/www.ottawahospital.on.ca\/wp-content\/uploads\/2024\/12\/Indigenous-Launchpad.png 305w, https:\/\/www.ottawahospital.on.ca\/wp-content\/uploads\/2024\/12\/Indigenous-Launchpad-300x127.png 300w\" sizes=\"(max-width: 305px) 100vw, 305px\" \/><\/figure>\n<\/div>\n\n\n\n<div class=\"wp-block-column is-layout-flow wp-block-column-is-layout-flow\">\n<figure class=\"wp-block-image size-large\"><img decoding=\"async\" width=\"1024\" height=\"185\" src=\"https:\/\/www.ottawahospital.on.ca\/wp-content\/uploads\/2025\/08\/CCIB-SupplyChange-IPCH-Logo-Colour-1024x185.jpg\" alt=\"Supply Change-Indigenous Procurement Champion\" class=\"wp-image-230279\" srcset=\"https:\/\/www.ottawahospital.on.ca\/wp-content\/uploads\/2025\/08\/CCIB-SupplyChange-IPCH-Logo-Colour-1024x185.jpg 1024w, https:\/\/www.ottawahospital.on.ca\/wp-content\/uploads\/2025\/08\/CCIB-SupplyChange-IPCH-Logo-Colour-300x54.jpg 300w, https:\/\/www.ottawahospital.on.ca\/wp-content\/uploads\/2025\/08\/CCIB-SupplyChange-IPCH-Logo-Colour-768x139.jpg 768w, https:\/\/www.ottawahospital.on.ca\/wp-content\/uploads\/2025\/08\/CCIB-SupplyChange-IPCH-Logo-Colour-1536x277.jpg 1536w, https:\/\/www.ottawahospital.on.ca\/wp-content\/uploads\/2025\/08\/CCIB-SupplyChange-IPCH-Logo-Colour-2048x370.jpg 2048w, https:\/\/www.ottawahospital.on.ca\/wp-content\/uploads\/2025\/08\/CCIB-SupplyChange-IPCH-Logo-Colour-1320x238.jpg 1320w\" sizes=\"(max-width: 1024px) 100vw, 1024px\" \/><\/figure>\n<\/div>\n<\/div>\n\n\n\n<p>En tant que champion de l\u2019approvisionnement aupr\u00e8s d\u2019entreprises autochtones, L\u2019H\u00f4pital d\u2019Ottawa a d\u00e9montr\u00e9 son leadership et son engagement envers les entreprises autochtones en produisant des rapports sur ses d\u00e9penses annuelles en mati\u00e8re d\u2019approvisionnement aupr\u00e8s d\u2019entreprises autochtones, en rejoignant le March\u00e9 d\u2019approvisionnement autochtone et en devenant un membre actif du programme Changement d\u2019approvisionnements (Supply Change). Changement d\u2019approvisionnements est une approche sans pr\u00e9c\u00e9dent visant \u00e0 am\u00e9liorer les r\u00e9sultats des entreprises autochtones en mati\u00e8re de march\u00e9s publics au Canada.<\/p>\n\n\n\n<p><\/p>\n","protected":false},"excerpt":{"rendered":"<p>L\u2019H\u00f4pital d\u2019Ottawa reconna\u00eet l\u2019importance de la responsabilit\u00e9 d\u2019entreprise, de la diversit\u00e9 des fournisseurs, du respect des valeurs sociales et de l\u2019am\u00e9lioration de la sant\u00e9 plan\u00e9taire gr\u00e2ce \u00e0 la promotion de la durabilit\u00e9 environnementale. Nous sommes en faveur de l\u2019int\u00e9gration de crit\u00e8res ax\u00e9s sur le respect de l\u2019environnement, des valeurs sociales et de la gouvernance dans [&hellip;]<\/p>\n","protected":false},"author":25,"featured_media":0,"parent":31383,"menu_order":0,"comment_status":"closed","ping_status":"closed","template":"","meta":{"_acf_changed":false,"_mc_calendar":[],"footnotes":""},"class_list":["post-86481","page","type-page","status-publish","hentry"],"acf":[],"wps_subtitle":"","_links":{"self":[{"href":"https:\/\/www.ottawahospital.on.ca\/fr\/wp-json\/wp\/v2\/pages\/86481","targetHints":{"allow":["GET"]}}],"collection":[{"href":"https:\/\/www.ottawahospital.on.ca\/fr\/wp-json\/wp\/v2\/pages"}],"about":[{"href":"https:\/\/www.ottawahospital.on.ca\/fr\/wp-json\/wp\/v2\/types\/page"}],"author":[{"embeddable":true,"href":"https:\/\/www.ottawahospital.on.ca\/fr\/wp-json\/wp\/v2\/users\/25"}],"replies":[{"embeddable":true,"href":"https:\/\/www.ottawahospital.on.ca\/fr\/wp-json\/wp\/v2\/comments?post=86481"}],"version-history":[{"count":0,"href":"https:\/\/www.ottawahospital.on.ca\/fr\/wp-json\/wp\/v2\/pages\/86481\/revisions"}],"up":[{"embeddable":true,"href":"https:\/\/www.ottawahospital.on.ca\/fr\/wp-json\/wp\/v2\/pages\/31383"}],"wp:attachment":[{"href":"https:\/\/www.ottawahospital.on.ca\/fr\/wp-json\/wp\/v2\/media?parent=86481"}],"curies":[{"name":"wp","href":"https:\/\/api.w.org\/{rel}","templated":true}]}}