{"id":8644,"date":"2016-11-18T12:19:28","date_gmt":"2016-11-18T17:19:28","guid":{"rendered":"http:\/\/52.229.122.34\/fr\/?page_id=8644"},"modified":"2017-07-28T15:17:48","modified_gmt":"2017-07-28T19:17:48","slug":"representation-des-patients","status":"publish","type":"page","link":"https:\/\/www.ottawahospital.on.ca\/fr\/patients-et-visiteurs\/services-offerts-sur-les-campus\/representation-des-patients\/","title":{"rendered":"Repr\u00e9sentation des patients"},"content":{"rendered":"<p>La page demand\u00e9e a \u00e9t\u00e9 ouverte dans une nouvelle fen\u00eatre.<\/p>\n<p>Si votre navigateur Web bloque les fen\u00eatres \u00ab\u00a0pop-up\u00a0\u00bb, vous pouvez ouvrir la page en cliquant sur le lien suivant :<br \/>\n<a title=\"\" href=\"\/fr\/patients-et-visiteurs\/representation-des-patients\/\" target=\"_blank\" rel=\"noopener\">Service de representation des patients<\/a><\/p>\n","protected":false},"excerpt":{"rendered":"<p>La page demand\u00e9e a \u00e9t\u00e9 ouverte dans une nouvelle fen\u00eatre. Si votre navigateur Web bloque les fen\u00eatres \u00ab\u00a0pop-up\u00a0\u00bb, vous pouvez ouvrir la page en cliquant sur le lien suivant : Service de representation des patients<\/p>\n","protected":false},"author":25,"featured_media":0,"parent":201,"menu_order":7,"comment_status":"closed","ping_status":"closed","template":"","meta":{"_acf_changed":false,"_mc_calendar":[],"footnotes":""},"class_list":["post-8644","page","type-page","status-publish","hentry"],"acf":[],"wps_subtitle":"","_links":{"self":[{"href":"https:\/\/www.ottawahospital.on.ca\/fr\/wp-json\/wp\/v2\/pages\/8644","targetHints":{"allow":["GET"]}}],"collection":[{"href":"https:\/\/www.ottawahospital.on.ca\/fr\/wp-json\/wp\/v2\/pages"}],"about":[{"href":"https:\/\/www.ottawahospital.on.ca\/fr\/wp-json\/wp\/v2\/types\/page"}],"author":[{"embeddable":true,"href":"https:\/\/www.ottawahospital.on.ca\/fr\/wp-json\/wp\/v2\/users\/25"}],"replies":[{"embeddable":true,"href":"https:\/\/www.ottawahospital.on.ca\/fr\/wp-json\/wp\/v2\/comments?post=8644"}],"version-history":[{"count":0,"href":"https:\/\/www.ottawahospital.on.ca\/fr\/wp-json\/wp\/v2\/pages\/8644\/revisions"}],"up":[{"embeddable":true,"href":"https:\/\/www.ottawahospital.on.ca\/fr\/wp-json\/wp\/v2\/pages\/201"}],"wp:attachment":[{"href":"https:\/\/www.ottawahospital.on.ca\/fr\/wp-json\/wp\/v2\/media?parent=8644"}],"curies":[{"name":"wp","href":"https:\/\/api.w.org\/{rel}","templated":true}]}}