{"id":8626,"date":"2016-11-18T12:13:03","date_gmt":"2016-11-18T17:13:03","guid":{"rendered":"http:\/\/52.229.122.34\/fr\/?page_id=8626"},"modified":"2016-12-09T10:50:22","modified_gmt":"2016-12-09T15:50:22","slug":"laboratoire-de-fonction-oesophagienne","status":"publish","type":"page","link":"https:\/\/www.ottawahospital.on.ca\/fr\/services-cliniques\/deptpgrmcs\/cliniques-et-services\/laboratoire-de-fonction-oesophagienne\/","title":{"rendered":"Laboratoire de fonction oesophagienne"},"content":{"rendered":"<h2>Vue d\u2019ensemble<\/h2>\n<p>Le laboratoire de fonction oesophagienne effectue des tests pour \u00e9valuer le fonctionnement de l&rsquo;\u0153sophage et de l&rsquo;estomac. Des sondes de mesure sp\u00e9ciales sont introduites par les narines dans l&rsquo;\u0153sophage et dans l&rsquo;estomac. La sonde mesure l&rsquo;acidit\u00e9 des s\u00e9cr\u00e9tions stomacales et l&rsquo;activit\u00e9 des muscles qui tapissent l&rsquo;\u0153sophage et l&rsquo;estomac. Les r\u00e9sultats des tests sont envoy\u00e9s par la poste au m\u00e9decin du patient.<\/p>\n<h2>Rendez-vous<\/h2>\n<p>Recommandation d&rsquo;un m\u00e9decin<\/p>\n<p>Lundi &#8211; vendredi, 8 h &#8211; 16 h<\/p>\n<h2>Pour nous joindre<\/h2>\n<p><strong>Campus G\u00e9n\u00e9ral : <\/strong>6<sup>e<\/sup> \u00e9tage<\/p>\n","protected":false},"excerpt":{"rendered":"<p>Vue d\u2019ensemble Le laboratoire de fonction oesophagienne effectue des tests pour \u00e9valuer le fonctionnement de l&rsquo;\u0153sophage et de l&rsquo;estomac. Des sondes de mesure sp\u00e9ciales sont introduites par les narines dans l&rsquo;\u0153sophage et dans l&rsquo;estomac. La sonde mesure l&rsquo;acidit\u00e9 des s\u00e9cr\u00e9tions stomacales et l&rsquo;activit\u00e9 des muscles qui tapissent l&rsquo;\u0153sophage et l&rsquo;estomac. Les r\u00e9sultats des tests sont [&hellip;]<\/p>\n","protected":false},"author":25,"featured_media":0,"parent":7872,"menu_order":21,"comment_status":"closed","ping_status":"closed","template":"","meta":{"_acf_changed":false,"_mc_calendar":[],"footnotes":""},"class_list":["post-8626","page","type-page","status-publish","hentry"],"acf":[],"wps_subtitle":"","_links":{"self":[{"href":"https:\/\/www.ottawahospital.on.ca\/fr\/wp-json\/wp\/v2\/pages\/8626","targetHints":{"allow":["GET"]}}],"collection":[{"href":"https:\/\/www.ottawahospital.on.ca\/fr\/wp-json\/wp\/v2\/pages"}],"about":[{"href":"https:\/\/www.ottawahospital.on.ca\/fr\/wp-json\/wp\/v2\/types\/page"}],"author":[{"embeddable":true,"href":"https:\/\/www.ottawahospital.on.ca\/fr\/wp-json\/wp\/v2\/users\/25"}],"replies":[{"embeddable":true,"href":"https:\/\/www.ottawahospital.on.ca\/fr\/wp-json\/wp\/v2\/comments?post=8626"}],"version-history":[{"count":0,"href":"https:\/\/www.ottawahospital.on.ca\/fr\/wp-json\/wp\/v2\/pages\/8626\/revisions"}],"up":[{"embeddable":true,"href":"https:\/\/www.ottawahospital.on.ca\/fr\/wp-json\/wp\/v2\/pages\/7872"}],"wp:attachment":[{"href":"https:\/\/www.ottawahospital.on.ca\/fr\/wp-json\/wp\/v2\/media?parent=8626"}],"curies":[{"name":"wp","href":"https:\/\/api.w.org\/{rel}","templated":true}]}}