{"id":8622,"date":"2016-11-18T12:10:50","date_gmt":"2016-11-18T17:10:50","guid":{"rendered":"http:\/\/52.229.122.34\/fr\/?page_id=8622"},"modified":"2016-12-09T10:50:00","modified_gmt":"2016-12-09T15:50:00","slug":"clinique-dendoscopie","status":"publish","type":"page","link":"https:\/\/www.ottawahospital.on.ca\/fr\/services-cliniques\/deptpgrmcs\/cliniques-et-services\/clinique-dendoscopie\/","title":{"rendered":"Clinique d&rsquo;Endoscopie"},"content":{"rendered":"<h2>Vue d&rsquo;ensemble<\/h2>\n<p>Les endoscopistes de L\u2019H\u00f4pital d\u2019Ottawa offrent une vaste gamme de services cliniques aux patients qui ont des troubles intestinaux, gastriques, h\u00e9patiques, pancr\u00e9atiques ou pulmonaires.<\/p>\n<p>Le Campus Civic et le Campus G\u00e9n\u00e9ral peuvent servir \u00e0 la fois les patients hospitalis\u00e9s et les patients externes.<\/p>\n<h2>Nos services<\/h2>\n<p>Nous pouvons aider les patients qui ont divers probl\u00e8mes comme une constipation, une inflammation, des saignements et une infection en lien avec\u00a0:<\/p>\n<ul>\n<li>une douleur au ventre<\/li>\n<li>l\u2019estomac<\/li>\n<li>les intestins<\/li>\n<li>le foie<\/li>\n<li>le pancr\u00e9as<\/li>\n<li>les voies respiratoires<\/li>\n<\/ul>\n<h2>Notre \u00e9quipe<\/h2>\n<p>Les endoscopistes sont des m\u00e9decins qui ont suivi une formation sp\u00e9cialis\u00e9e pour r\u00e9aliser diff\u00e9rentes interventions par endoscopie. Ils sont membres du Coll\u00e8ge des m\u00e9decins et chirurgiens de l\u2019Ontario, qui est l\u2019organe provincial de r\u00e9gulation des membres de cette profession.<\/p>\n<p>Chefs d\u2019\u00e9quipe\u00a0:<\/p>\n<ul>\n<li>D<sup>r<\/sup> Alaa Rostom, chef de la Gastro-ent\u00e9rologie<\/li>\n<li>D<sup>r<\/sup> Sudhir Sundaresan, chef de la Chirurgie thoracique<\/li>\n<li>D<sup>r<\/sup> Shawn Aaron, chef de la Pneumologie<\/li>\n<li>D<sup>r<\/sup> Husein Moloo, chef de la Chirurgie g\u00e9n\u00e9rale<\/li>\n<li>Karen Stockton, directrice clinique<\/li>\n<li>Erica Reichl, gestionnaire clinique<\/li>\n<li>Denise Boone, infirmi\u00e8re \u00e9ducatrice<\/li>\n<\/ul>\n<h2>Rendez-vous<\/h2>\n<p>Un m\u00e9decin doit envoyer une recommandation pour chaque patient qui a besoin de nos services. Le personnel du bureau des endoscopistes fixe les rendez-vous.<\/p>\n<p><strong>Ne pas envoyer par t\u00e9l\u00e9copieur \u2013 Envoyer directement au m\u00e9decin.<\/strong><\/p>\n<h2>Pour nous joindre<\/h2>\n<h3>Campus Civic<\/h3>\n<p><strong>Heures d\u2019ouverture :<\/strong> Du lundi au vendredi de 7\u00a0h \u00e0 15\u00a0h<br \/>\n<strong>Lieu :<\/strong> Section A, niveau 1<br \/>\n<strong>Num\u00e9ro de t\u00e9l\u00e9phone :<\/strong> 613-798-5555, poste\u00a014691<\/p>\n<h3>Campus G\u00e9n\u00e9ral<\/h3>\n<p><strong>Heures d\u2019ouverture :<\/strong> Du lundi au vendredi de 7\u00a0h \u00e0 15\u00a0h<br \/>\n<strong>Lieu :<\/strong> Rez-de-chauss\u00e9e, pi\u00e8ce\u00a0M1438<br \/>\n<strong>Num\u00e9ro de t\u00e9l\u00e9phone :<\/strong> 613-737-8899, poste\u00a078383<\/p>\n","protected":false},"excerpt":{"rendered":"<p>Vue d&rsquo;ensemble Les endoscopistes de L\u2019H\u00f4pital d\u2019Ottawa offrent une vaste gamme de services cliniques aux patients qui ont des troubles intestinaux, gastriques, h\u00e9patiques, pancr\u00e9atiques ou pulmonaires. Le Campus Civic et le Campus G\u00e9n\u00e9ral peuvent servir \u00e0 la fois les patients hospitalis\u00e9s et les patients externes. Nos services Nous pouvons aider les patients qui ont divers [&hellip;]<\/p>\n","protected":false},"author":25,"featured_media":0,"parent":7872,"menu_order":20,"comment_status":"closed","ping_status":"closed","template":"","meta":{"_acf_changed":false,"_mc_calendar":[],"footnotes":""},"class_list":["post-8622","page","type-page","status-publish","hentry"],"acf":[],"wps_subtitle":"","_links":{"self":[{"href":"https:\/\/www.ottawahospital.on.ca\/fr\/wp-json\/wp\/v2\/pages\/8622","targetHints":{"allow":["GET"]}}],"collection":[{"href":"https:\/\/www.ottawahospital.on.ca\/fr\/wp-json\/wp\/v2\/pages"}],"about":[{"href":"https:\/\/www.ottawahospital.on.ca\/fr\/wp-json\/wp\/v2\/types\/page"}],"author":[{"embeddable":true,"href":"https:\/\/www.ottawahospital.on.ca\/fr\/wp-json\/wp\/v2\/users\/25"}],"replies":[{"embeddable":true,"href":"https:\/\/www.ottawahospital.on.ca\/fr\/wp-json\/wp\/v2\/comments?post=8622"}],"version-history":[{"count":0,"href":"https:\/\/www.ottawahospital.on.ca\/fr\/wp-json\/wp\/v2\/pages\/8622\/revisions"}],"up":[{"embeddable":true,"href":"https:\/\/www.ottawahospital.on.ca\/fr\/wp-json\/wp\/v2\/pages\/7872"}],"wp:attachment":[{"href":"https:\/\/www.ottawahospital.on.ca\/fr\/wp-json\/wp\/v2\/media?parent=8622"}],"curies":[{"name":"wp","href":"https:\/\/api.w.org\/{rel}","templated":true}]}}