{"id":8615,"date":"2016-11-18T12:08:50","date_gmt":"2016-11-18T17:08:50","guid":{"rendered":"http:\/\/52.229.122.34\/fr\/?page_id=8615"},"modified":"2016-12-09T10:49:34","modified_gmt":"2016-12-09T15:49:34","slug":"oto-rhino-laryngologie-orl-campus-riverside","status":"publish","type":"page","link":"https:\/\/www.ottawahospital.on.ca\/fr\/services-cliniques\/deptpgrmcs\/cliniques-et-services\/oto-rhino-laryngologie-orl-campus-riverside\/","title":{"rendered":"Oto-rhino-laryngologie (ORL) &#8211; Campus Riverside"},"content":{"rendered":"<h2>Vue d\u2019ensemble<\/h2>\n<p>Les patients peuvent \u00eatre examin\u00e9s par l&rsquo;un ou l&rsquo;autre de trois oto-rhino-laryngologistes. Ces chirurgiens effectuent des tests diagnostiques et pratiquent des interventions mineures ou chirurgicales de l&rsquo;oreille, du nez ou de la gorge, au besoin.<\/p>\n<h2>Rendez\u2013vous<\/h2>\n<p>Recommandation d&rsquo;un m\u00e9decin. La demande de consultation doit \u00eatre envoy\u00e9e directement au bureau du chirurgien.<\/p>\n<p>Mardi 12 h 30 \u00e0 16 h 30<\/p>\n<p>Vendredi 9 h \u00e0 12 h<\/p>\n<h2>Pour nous joindre<\/h2>\n<p><strong>Campus Riverside : <\/strong>6<sup>e <\/sup>\u00e9tage &#8211; Clinique de chirurgie<\/p>\n<p>613-738-8400, poste 88534<\/p>\n","protected":false},"excerpt":{"rendered":"<p>Vue d\u2019ensemble Les patients peuvent \u00eatre examin\u00e9s par l&rsquo;un ou l&rsquo;autre de trois oto-rhino-laryngologistes. Ces chirurgiens effectuent des tests diagnostiques et pratiquent des interventions mineures ou chirurgicales de l&rsquo;oreille, du nez ou de la gorge, au besoin. Rendez\u2013vous Recommandation d&rsquo;un m\u00e9decin. La demande de consultation doit \u00eatre envoy\u00e9e directement au bureau du chirurgien. Mardi 12 [&hellip;]<\/p>\n","protected":false},"author":25,"featured_media":0,"parent":7872,"menu_order":19,"comment_status":"closed","ping_status":"closed","template":"","meta":{"_acf_changed":false,"_mc_calendar":[],"footnotes":""},"class_list":["post-8615","page","type-page","status-publish","hentry"],"acf":[],"wps_subtitle":"","_links":{"self":[{"href":"https:\/\/www.ottawahospital.on.ca\/fr\/wp-json\/wp\/v2\/pages\/8615","targetHints":{"allow":["GET"]}}],"collection":[{"href":"https:\/\/www.ottawahospital.on.ca\/fr\/wp-json\/wp\/v2\/pages"}],"about":[{"href":"https:\/\/www.ottawahospital.on.ca\/fr\/wp-json\/wp\/v2\/types\/page"}],"author":[{"embeddable":true,"href":"https:\/\/www.ottawahospital.on.ca\/fr\/wp-json\/wp\/v2\/users\/25"}],"replies":[{"embeddable":true,"href":"https:\/\/www.ottawahospital.on.ca\/fr\/wp-json\/wp\/v2\/comments?post=8615"}],"version-history":[{"count":0,"href":"https:\/\/www.ottawahospital.on.ca\/fr\/wp-json\/wp\/v2\/pages\/8615\/revisions"}],"up":[{"embeddable":true,"href":"https:\/\/www.ottawahospital.on.ca\/fr\/wp-json\/wp\/v2\/pages\/7872"}],"wp:attachment":[{"href":"https:\/\/www.ottawahospital.on.ca\/fr\/wp-json\/wp\/v2\/media?parent=8615"}],"curies":[{"name":"wp","href":"https:\/\/api.w.org\/{rel}","templated":true}]}}