{"id":8611,"date":"2016-11-18T12:07:03","date_gmt":"2016-11-18T17:07:03","guid":{"rendered":"http:\/\/52.229.122.34\/fr\/?page_id=8611"},"modified":"2024-08-06T09:17:39","modified_gmt":"2024-08-06T13:17:39","slug":"oto-rhino-laryngologie-orl-campus-general","status":"publish","type":"page","link":"https:\/\/www.ottawahospital.on.ca\/fr\/services-cliniques\/deptpgrmcs\/cliniques-et-services\/oto-rhino-laryngologie-orl-campus-general\/","title":{"rendered":"Oto-rhino-laryngologie (ORL) &#8211; Campus G\u00e9n\u00e9ral"},"content":{"rendered":"<h2>Vue d\u2019ensemble<\/h2>\n<p>Cette clinique offre des soins aux patients qui doivent consulter un oto-rhino-laryngologiste. On y voit les patients trach\u00e9ostomis\u00e9s, ceux qui souffrent d&rsquo;un cancer du larynx, polypes nasaux, de probl\u00e8mes d&rsquo;audition ou de tout autre probl\u00e8me aux oreilles, au nez ou \u00e0 la gorge, ainsi que les patients souffrant d&rsquo;apn\u00e9e du sommeil. On y offre des cliniques sp\u00e9cialis\u00e9es en ORL pour acouph\u00e8nes et l&rsquo;injection de toxine botulinique (Botox) pour la voix. Des sp\u00e9cialistes m\u00e9dicaux en ORL, des infirmi\u00e8res et des employ\u00e9s de bureau travaillent \u00e0 la clinique.<\/p>\n<h2>Rendez\u2013vous<\/h2>\n<p>Recommandation d&rsquo;un m\u00e9decin<\/p>\n<p>Lundi &#8211; vendredi, 8 h &#8211; 16 h<br \/>\nFerm\u00e9e les jours f\u00e9ri\u00e9s<\/p>\n<h2>Pour nous joindre<\/h2>\n<p><strong>Campus G\u00e9n\u00e9ral : <\/strong>Module O, 2<sup>e <\/sup>\u00e9tage<\/p>\n<p>613-737-8899, poste 78370<\/p>\n","protected":false},"excerpt":{"rendered":"<p>Vue d\u2019ensemble Cette clinique offre des soins aux patients qui doivent consulter un oto-rhino-laryngologiste. On y voit les patients trach\u00e9ostomis\u00e9s, ceux qui souffrent d&rsquo;un cancer du larynx, polypes nasaux, de probl\u00e8mes d&rsquo;audition ou de tout autre probl\u00e8me aux oreilles, au nez ou \u00e0 la gorge, ainsi que les patients souffrant d&rsquo;apn\u00e9e du sommeil. On y [&hellip;]<\/p>\n","protected":false},"author":25,"featured_media":0,"parent":7872,"menu_order":18,"comment_status":"closed","ping_status":"closed","template":"","meta":{"_acf_changed":false,"_mc_calendar":[],"footnotes":""},"class_list":["post-8611","page","type-page","status-publish","hentry"],"acf":[],"wps_subtitle":"","_links":{"self":[{"href":"https:\/\/www.ottawahospital.on.ca\/fr\/wp-json\/wp\/v2\/pages\/8611","targetHints":{"allow":["GET"]}}],"collection":[{"href":"https:\/\/www.ottawahospital.on.ca\/fr\/wp-json\/wp\/v2\/pages"}],"about":[{"href":"https:\/\/www.ottawahospital.on.ca\/fr\/wp-json\/wp\/v2\/types\/page"}],"author":[{"embeddable":true,"href":"https:\/\/www.ottawahospital.on.ca\/fr\/wp-json\/wp\/v2\/users\/25"}],"replies":[{"embeddable":true,"href":"https:\/\/www.ottawahospital.on.ca\/fr\/wp-json\/wp\/v2\/comments?post=8611"}],"version-history":[{"count":0,"href":"https:\/\/www.ottawahospital.on.ca\/fr\/wp-json\/wp\/v2\/pages\/8611\/revisions"}],"up":[{"embeddable":true,"href":"https:\/\/www.ottawahospital.on.ca\/fr\/wp-json\/wp\/v2\/pages\/7872"}],"wp:attachment":[{"href":"https:\/\/www.ottawahospital.on.ca\/fr\/wp-json\/wp\/v2\/media?parent=8611"}],"curies":[{"name":"wp","href":"https:\/\/api.w.org\/{rel}","templated":true}]}}