{"id":8609,"date":"2016-11-18T12:08:40","date_gmt":"2016-11-18T17:08:40","guid":{"rendered":"http:\/\/52.229.122.34\/fr\/?page_id=8609"},"modified":"2017-07-25T17:20:34","modified_gmt":"2017-07-25T21:20:34","slug":"en-situation-de-crise","status":"publish","type":"page","link":"https:\/\/www.ottawahospital.on.ca\/fr\/services-cliniques\/deptpgrmcs\/programmes\/le-programme-regional-dintervention-a-la-premiere-crise-de-psychose-du-district-champlain\/pour-nous-joindre\/en-situation-de-crise\/","title":{"rendered":"En situation de crise"},"content":{"rendered":"<h2>Pr\u00e9sentement en situation de crise?<\/h2>\n<p>Nous pouvons discuter avec vous de vos pr\u00e9occupations concernant la psychose. Vous n\u2019avez qu\u2019\u00e0 nous appeler. Nous ferons notre possible pour vous parler imm\u00e9diatement, mais si vous avez besoin d\u2019aide sur-le-champ, il vaut mieux que vous communiquiez avec les services d\u2019urgence ou d\u2019intervention en situation de crise d\u2019Ottawa. N\u2019ayez pas peur de communiquer avec le mauvais service. Tous ceux \u00e9num\u00e9r\u00e9s ci-dessous peuvent vous aider ou vous orienter vers l\u2019organisme qui peut le faire.<\/p>\n<p class=\"text-center aligncenter bluebkgbox\" style=\"color: #222; background-color: #adc1d9; font-size: large;\"><strong>S\u2019il s\u2019agit d\u2019une situation d\u2019urgence ou qui met la vie en danger, composez le 911!<\/strong><\/p>\n<p>&nbsp;<br \/>\nLes pr\u00e9pos\u00e9es et pr\u00e9pos\u00e9es de la Ligne de crise en sant\u00e9 mentale r\u00e9pondent imm\u00e9diatement aux situations urgentes relatives \u00e0 la sant\u00e9 mentale.<\/p>\n<ul>\n<li>\u00c0 Ottawa : 613-722-6914<\/li>\n<li>Dans la r\u00e9gion d\u2019Ottawa : 1-866-996-0991<\/li>\n<\/ul>\n<p>Ottawa compte plusieurs services des urgences dans les h\u00f4pitaux du voisinage :<br \/>\n&nbsp;<\/p>\n<div class=\"row\">\n<div class=\"col-xs-6\"><strong>L\u2019H\u00f4pital d\u2019Ottawa (Campus Civic)<\/strong><br \/>\n1053, avenue Carling<br \/>\n613-722-7000<br \/>\n613-761-4024 (ATS pour les personnes malentendantes)<\/div>\n<div class=\"col-xs-6\"><strong>L\u2019H\u00f4pital d\u2019Ottawa (Campus G\u00e9n\u00e9ral)<\/strong><br \/>\n501, chemin Smyth<br \/>\n613-722-7000<br \/>\n613-761-4024 (ATS pour les personnes malentendantes)<\/div>\n<\/div>\n<p>&nbsp;<\/p>\n<div class=\"row\">\n<div class=\"col-xs-6\"><strong>Centre hospitalier pour enfants de l\u2019est de l\u2019Ontario (CHEO)<\/strong><br \/>\n401, chemin Smyth<br \/>\n613-737-7600<\/div>\n<div class=\"col-xs-6\"><strong>H\u00f4pital Montfort<\/strong><br \/>\n713, chemin Montreal<br \/>\n613-746-4621<\/div>\n<\/div>\n<p>&nbsp;<\/p>\n<div class=\"row\">\n<div class=\"col-xs-6\"><strong>H\u00f4pital Queensway Carleton<\/strong><br \/>\n3045, chemin Baseline<br \/>\n613-721-2000<\/div>\n<\/div>\n","protected":false},"excerpt":{"rendered":"<p>Pr\u00e9sentement en situation de crise? Nous pouvons discuter avec vous de vos pr\u00e9occupations concernant la psychose. Vous n\u2019avez qu\u2019\u00e0 nous appeler. Nous ferons notre possible pour vous parler imm\u00e9diatement, mais si vous avez besoin d\u2019aide sur-le-champ, il vaut mieux que vous communiquiez avec les services d\u2019urgence ou d\u2019intervention en situation de crise d\u2019Ottawa. N\u2019ayez pas [&hellip;]<\/p>\n","protected":false},"author":25,"featured_media":0,"parent":8565,"menu_order":1,"comment_status":"closed","ping_status":"closed","template":"","meta":{"_acf_changed":false,"_mc_calendar":[],"footnotes":""},"class_list":["post-8609","page","type-page","status-publish","hentry"],"acf":[],"wps_subtitle":"","_links":{"self":[{"href":"https:\/\/www.ottawahospital.on.ca\/fr\/wp-json\/wp\/v2\/pages\/8609","targetHints":{"allow":["GET"]}}],"collection":[{"href":"https:\/\/www.ottawahospital.on.ca\/fr\/wp-json\/wp\/v2\/pages"}],"about":[{"href":"https:\/\/www.ottawahospital.on.ca\/fr\/wp-json\/wp\/v2\/types\/page"}],"author":[{"embeddable":true,"href":"https:\/\/www.ottawahospital.on.ca\/fr\/wp-json\/wp\/v2\/users\/25"}],"replies":[{"embeddable":true,"href":"https:\/\/www.ottawahospital.on.ca\/fr\/wp-json\/wp\/v2\/comments?post=8609"}],"version-history":[{"count":0,"href":"https:\/\/www.ottawahospital.on.ca\/fr\/wp-json\/wp\/v2\/pages\/8609\/revisions"}],"up":[{"embeddable":true,"href":"https:\/\/www.ottawahospital.on.ca\/fr\/wp-json\/wp\/v2\/pages\/8565"}],"wp:attachment":[{"href":"https:\/\/www.ottawahospital.on.ca\/fr\/wp-json\/wp\/v2\/media?parent=8609"}],"curies":[{"name":"wp","href":"https:\/\/api.w.org\/{rel}","templated":true}]}}