{"id":8565,"date":"2016-11-18T11:42:31","date_gmt":"2016-11-18T16:42:31","guid":{"rendered":"http:\/\/52.229.122.34\/fr\/?page_id=8565"},"modified":"2017-07-25T17:13:57","modified_gmt":"2017-07-25T21:13:57","slug":"pour-nous-joindre","status":"publish","type":"page","link":"https:\/\/www.ottawahospital.on.ca\/fr\/services-cliniques\/deptpgrmcs\/programmes\/le-programme-regional-dintervention-a-la-premiere-crise-de-psychose-du-district-champlain\/pour-nous-joindre\/","title":{"rendered":"Pour nous joindre"},"content":{"rendered":"<h2>T\u00e9l\u00e9phonez-nous<\/h2>\n<p><strong>Avez-vous des questions sur la psychose?<\/strong><\/p>\n<p>Cela vous pr\u00e9occupe-t-il que vous-m\u00eame ou une personne qui vous est ch\u00e8re puissiez souffrir de psychose? Voulez-vous obtenir plus de renseignements sur les services offerts par \u00ab On avance \u00bb?<\/p>\n<p class=\"text-center aligncenter\" style=\"color: #222; padding: 20px; background-color: #adc1d9; font-size: large; max-width: 350px;\"><strong>T\u00e9l\u00e9phonez-nous au 613-737-8069<\/strong><\/p>\n<p><strong>Nous offrons ce qui suit :<\/strong><\/p>\n<ul>\n<li><strong>Soutien<\/strong> \u2013 Bien des gens nous t\u00e9l\u00e9phonent parce qu\u2019ils sont inquiets ou ont peur et qu\u2019ils ne savent pas \u00e0 qui faire appel. Nous sommes \u00e0 l\u2019\u00e9coute et nous offrons du soutien.<\/li>\n<li><strong>Confidentialit\u00e9<\/strong> \u2013 Les conversations t\u00e9l\u00e9phoniques avec une infirmi\u00e8re autoris\u00e9e ou un travailleur social \u00e0 l\u2019\u00e9coute de vos pr\u00e9occupations et qui r\u00e9pond \u00e0 vos questions sont confidentielles.<\/li>\n<li><strong>Aide<\/strong> \u2013 Si nous croyons que le programme \u00ab On avance \u00bb peut vous aider, nous vous donnerons un rendez-vous de consultation.<\/li>\n<li><strong>Ressources<\/strong> \u2013 Si une autre ressource communautaire convient mieux \u00e0 vos besoins, nous vous aiderons \u00e0 communiquer avec elle.<\/li>\n<\/ul>\n<div class=\"row\">\n<div class=\"col-md-2\">T\u00e9l\u00e9phone:<\/div>\n<div class=\"col-md-3\">613-737-8069 ou 1-888-737-8069<\/div>\n<\/div>\n<p>&nbsp;<\/p>\n<div class=\"row\">\n<div class=\"col-md-2\">Fax:<\/div>\n<div class=\"col-md-3\">613-737-8318<\/div>\n<\/div>\n<p>&nbsp;<\/p>\n<div class=\"row\">\n<div class=\"col-md-2\">Address:<\/div>\n<div class=\"col-md-9\">Bank Street Professional Centre<br \/>\n1355, rue Bank<br \/>\nBureau 208<br \/>\nOttawa (Ontario)<br \/>\nK1H 8K7<\/div>\n<\/div>\n<p>&nbsp;<\/p>\n<div class=\"row\">\n<div class=\"col-md-2\">Carte:<\/div>\n<div class=\"col-md-9\">Nos locaux sont situ\u00e9s \u00e0 l\u2019angle de la rue Bank et de la promenade Riverside, en face du centre commercial Billings Bridge <a href=\"https:\/\/maps.google.ca\/maps?f=q&amp;source=s_q&amp;hl=en&amp;geocode=&amp;q=1355+Bank+Street+Suite+208+Ottawa,+Ontario+K1H+8K7&amp;sll=45.387782,-75.675738&amp;sspn=0.009087,0.022724&amp;ie=UTF8&amp;hq=&amp;hnear=1355+Bank+St+,+Ottawa,+Ottawa+Division,+Ontario+K1H+8K7&amp;ll=45.388414,-75.676489&amp;spn=0.009087,0.022724&amp;z=16&amp;iwloc=A\" target=\"_blank\" rel=\"map\">(carte de l\u2019emplacement)<\/a>.<\/div>\n<\/div>\n<p>&nbsp;<\/p>\n<div class=\"row\">\n<div class=\"col-md-2\">OC Transpo:<\/div>\n<div class=\"col-md-9\">\n<p>Nos locaux sont situ\u00e9s en face de la station de transport en commun Billings Bridge.<\/p>\n<p>Renseignements sur les horaires et les circuits au <a href=\"https:\/\/www.octranspo.com\/\" target=\"_blank\">www.octranspo.com<\/a><br \/>\nService d\u2019information d\u2019OC Transpo : 613-741-4390 (ATS 613-741-5280).<\/p>\n<\/div>\n<\/div>\n<p>&nbsp;<\/p>\n<h2>En cas d&rsquo;urgence :<\/h2>\n<p><a href=\"\/fr\/services-cliniques\/deptpgrmcs\/programmes\/le-programme-regional-dintervention-a-la-premiere-crise-de-psychose-du-district-champlain\/pour-nous-joindre\/en-situation-de-crise\/\">Pr\u00e9sentement en situation de crise?<\/a> Si vous ou une connaissance avez <strong>besoin d\u2019aide de toute urgence\u2026<\/strong><\/p>\n<ul>\n<li>Communiquez avec la <a href=\"https:\/\/www.crisisline.ca\/\" target=\"_blank\">Ligne de crise en sant\u00e9 mentale<\/a>.<br \/>\n\u00c0 Ottawa : 613-722-6914<br \/>\n\u00c0 l\u2019ext\u00e9rieur d\u2019Ottawa : 1-866-996-0991 <strong>ou<\/strong><\/li>\n<li>Rendez-vous au service des urgences le plus proche <strong>ou<\/strong><\/li>\n<li>Composez le 911.<\/li>\n<\/ul>\n","protected":false},"excerpt":{"rendered":"<p>T\u00e9l\u00e9phonez-nous Avez-vous des questions sur la psychose? Cela vous pr\u00e9occupe-t-il que vous-m\u00eame ou une personne qui vous est ch\u00e8re puissiez souffrir de psychose? Voulez-vous obtenir plus de renseignements sur les services offerts par \u00ab On avance \u00bb? T\u00e9l\u00e9phonez-nous au 613-737-8069 Nous offrons ce qui suit : Soutien \u2013 Bien des gens nous t\u00e9l\u00e9phonent parce qu\u2019ils [&hellip;]<\/p>\n","protected":false},"author":25,"featured_media":0,"parent":8338,"menu_order":6,"comment_status":"closed","ping_status":"closed","template":"","meta":{"_acf_changed":false,"_mc_calendar":[],"footnotes":""},"class_list":["post-8565","page","type-page","status-publish","hentry"],"acf":[],"wps_subtitle":"","_links":{"self":[{"href":"https:\/\/www.ottawahospital.on.ca\/fr\/wp-json\/wp\/v2\/pages\/8565","targetHints":{"allow":["GET"]}}],"collection":[{"href":"https:\/\/www.ottawahospital.on.ca\/fr\/wp-json\/wp\/v2\/pages"}],"about":[{"href":"https:\/\/www.ottawahospital.on.ca\/fr\/wp-json\/wp\/v2\/types\/page"}],"author":[{"embeddable":true,"href":"https:\/\/www.ottawahospital.on.ca\/fr\/wp-json\/wp\/v2\/users\/25"}],"replies":[{"embeddable":true,"href":"https:\/\/www.ottawahospital.on.ca\/fr\/wp-json\/wp\/v2\/comments?post=8565"}],"version-history":[{"count":0,"href":"https:\/\/www.ottawahospital.on.ca\/fr\/wp-json\/wp\/v2\/pages\/8565\/revisions"}],"up":[{"embeddable":true,"href":"https:\/\/www.ottawahospital.on.ca\/fr\/wp-json\/wp\/v2\/pages\/8338"}],"wp:attachment":[{"href":"https:\/\/www.ottawahospital.on.ca\/fr\/wp-json\/wp\/v2\/media?parent=8565"}],"curies":[{"name":"wp","href":"https:\/\/api.w.org\/{rel}","templated":true}]}}