{"id":8543,"date":"2016-11-18T11:26:51","date_gmt":"2016-11-18T16:26:51","guid":{"rendered":"http:\/\/52.229.122.34\/fr\/?page_id=8543"},"modified":"2021-09-21T13:10:10","modified_gmt":"2021-09-21T17:10:10","slug":"liens-et-lectures","status":"publish","type":"page","link":"https:\/\/www.ottawahospital.on.ca\/fr\/services-cliniques\/deptpgrmcs\/programmes\/le-programme-regional-dintervention-a-la-premiere-crise-de-psychose-du-district-champlain\/liens-et-lectures\/","title":{"rendered":"Liens et lectures"},"content":{"rendered":"<h2>Sites web<\/h2>\n<p><strong>Renseignements essentiels<\/strong><\/p>\n<ul>\n<li><a href=\"https:\/\/www.ementalhealth.ca\/\">www.esantementale.ca<\/a><br \/>\neSanteMentale.ca est votre ressource d\u2019aide en sant\u00e9 mentale et concernant les activit\u00e9s \u00e0 ce sujet dans la r\u00e9gion d\u2019Ottawa-Carleton.<\/li>\n<li><a href=\"https:\/\/www.cmha.ca\/fr\/\" target=\"_blank\" rel=\"noopener noreferrer\">www.cmha.ca\/fr\/<\/a><br \/>\nL\u2019Association canadienne pour la sant\u00e9 mentale (ACSM) est un organisme national qui favorise la sant\u00e9 mentale de tout un chacun et appuie le r\u00e9tablissement des personnes atteintes de maladie mentale.<\/li>\n<\/ul>\n<p><strong>Renseignements de base sur la psychose<\/strong><\/p>\n<ul>\n<li><a href=\"https:\/\/www.psychosissucks.ca\/epi\/\" target=\"_blank\" rel=\"noopener noreferrer\">www.psychosissucks.ca\/epi\/<\/a><br \/>\nLe Programme d\u2019intervention pr\u00e9coce de la Fraser Health Authority (Colombie-Britannique) favorise le d\u00e9pistage pr\u00e9coce, informe les gens sur la psychose et oriente les gens vers les ressources d\u2019aide.<\/li>\n<li><a href=\"https:\/\/www.chovil.com\/\" target=\"_blank\" rel=\"noopener noreferrer\">www.chovil.com<\/a><br \/>\nCon\u00e7u par une personne aux prises avec une maladie mentale, ce site pr\u00e9sente son point de vue sur la schizophr\u00e9nie et la psychose.<\/li>\n<li><a href=\"https:\/\/www.itsallright.org\/\" target=\"_blank\" rel=\"noopener noreferrer\">www.itsallright.org<\/a><br \/>\nVoici les blogues de fiction de quatre jeunes touch\u00e9es par la maladie mentale. Le site est r\u00e9alis\u00e9 et g\u00e9r\u00e9 par SANE Australia, le chef de file des organismes de bienfaisance de ce pays.<\/li>\n<li><a href=\"https:\/\/www.prime.unc.edu\/\" target=\"primeuncedu\" rel=\"noopener noreferrer\">www.prime.unc.edu<br \/>\n<\/a>Site con\u00e7u par PRIME, un groupe de recherche \u00e9tats-unien. On y d\u00e9crit les sympt\u00f4mes pr\u00e9coces de la psychose.<\/li>\n<\/ul>\n<p><strong>Renseignements d\u00e9taill\u00e9s sur la psychose<\/strong><\/p>\n<ul>\n<li><a href=\"https:\/\/www.gethelpearly.ca\/\" target=\"_blank\" rel=\"noopener noreferrer\">www.gethelpearly.ca<br \/>\n<\/a>Ce site \u00e9labor\u00e9 en partenariat avec le Groupe de travail ontarien sur l\u2019intervention pr\u00e9coce dans le traitement de la psychose traite du sujet et pr\u00e9sente notamment des t\u00e9moignages de patientes et de patients.<\/li>\n<li><a href=\"https:\/\/mentalhealth.com\/home\/index.html\" target=\"_blank\" rel=\"noopener noreferrer\">www.mentalhealth.com\/home\/index.html<\/a><br \/>\nRenseignements d\u00e9taill\u00e9s sur les traitements m\u00e9dicaux et les diagnostics de sant\u00e9 mentale.<\/li>\n<li><a href=\"https:\/\/www.schizophrenia.ca\/\" target=\"_blank\" rel=\"noopener noreferrer\">www.schizophrenia.ca<\/a><br \/>\nSite de la Soci\u00e9t\u00e9 canadienne de la schizophr\u00e9nie : renseignements g\u00e9n\u00e9raux, ressources, nouvelles, etc., sur le sujet.<\/li>\n<li><a href=\"https:\/\/www.sane.org\/\" target=\"_blank\" rel=\"noopener noreferrer\">www.sane.org<br \/>\n<\/a>Site australien comprenant des fiches de renseignements sur la sant\u00e9 mentale et les traitements.<\/li>\n<li><a href=\"https:\/\/www.rcpsych.ac.uk\/\" target=\"_blank\" rel=\"noopener noreferrer\">www.rcpsych.ac.uk<br \/>\n<\/a>Site du Royaume-Uni comprenant des renseignements sur la sant\u00e9 mentale, notamment des fichiers balados.<\/li>\n<li>world-schizophrenia.org<br \/>\nSite international : renseignements sur les maladies mentales et les interventions familiales.<\/li>\n<\/ul>\n<p><strong>Programmes d\u2019intervention pr\u00e9coce et renseignements \u00e0 ce sujet<\/strong><\/p>\n<ul>\n<li><a href=\"https:\/\/hss.gov.yk.ca\/realityrules\/\" target=\"_blank\" rel=\"noopener noreferrer\">hss.gov.yk.ca\/realityrules\/<\/a><br \/>\nSite canadien sur la psychose. Description du Programme d\u2019intervention pr\u00e9coce du Yukon.<\/li>\n<li><a href=\"https:\/\/www.eppic.org.au\/\" target=\"_blank\" rel=\"noopener noreferrer\">www.eppic.org.au<\/a><br \/>\nSite australien sur la psychose et l\u2019intervention pr\u00e9coce.<\/li>\n<li><a href=\"https:\/\/www.pepp.ca\/\" target=\"_blank\" rel=\"noopener noreferrer\">www.pepp.ca<\/a><br \/>\nLe Prevention &amp; Early Intervention Program for Psychoses (PEPP) est un programme communautaire de sant\u00e9 mentale ontarien. On y pr\u00e9sente des renseignements extr\u00eamement d\u00e9taill\u00e9s sur la psychose et le traitement pr\u00e9coce.<\/li>\n<li><a href=\"https:\/\/www.lynxtracks.ca\" target=\"_blank\" rel=\"noopener noreferrer\">www.lynxtracks.ca<\/a><br \/>\nSur le site de ce programme, on trouve des renseignements sur la psychose, \u00e0 l\u2019intention des jeunes.<\/li>\n<li><a href=\"https:\/\/hopebc.ca\/\" target=\"hopevancouver\" rel=\"noopener noreferrer\">https:\/\/hopebc.ca\/<br \/>\n<\/a>Site d\u2019information sur la psychose s\u2019adressant aux jeunes de Vancouver et de Richmond (Colombie-Britannique).<\/li>\n<li><a href=\"https:\/\/www.cdhb.govt.nz\/totara\/default.htm\" target=\"_blank\" rel=\"noopener noreferrer\">www.cdhb.govt.nz\/totara\/default.htm<\/a><br \/>\nSite n\u00e9o-z\u00e9landais sur le traitement pr\u00e9coce et la compr\u00e9hension de la biologie fondamentale expliquant la psychose<\/li>\n<\/ul>\n<p><strong>Pour en savoir davantage sur les maladies mentales<\/strong><\/p>\n<ul>\n<li><a href=\"https:\/\/mindyourmind.ca\/\" target=\"_blank\" rel=\"noopener noreferrer\">mindyourmind.ca<br \/>\n<\/a>Site \u00e0 l\u2019intention des jeunes sur la d\u00e9pression et la pr\u00e9vention du suicide.<\/li>\n<li><a href=\"https:\/\/pressurepoint.com.au\/\" target=\"_blank\" rel=\"noopener noreferrer\">pressurepoint.com.au<\/a><br \/>\n\u00ab S\u00e9ances d&rsquo;information virtuelle pour les jeunes \u00bb sur le mieux-\u00eatre et la sant\u00e9.<\/li>\n<li><a href=\"https:\/\/www.beyondblue.org.au\/\" target=\"_blank\" rel=\"noopener noreferrer\">www.beyondblue.org.au<\/a><br \/>\nSite australien sur l\u2019anxi\u00e9t\u00e9, la d\u00e9pression et les troubles bipolaires.<\/li>\n<li><a href=\"https:\/\/www.schizophrenia.on.ca\/\" target=\"_blank\" rel=\"noopener noreferrer\">www.schizophrenia.on.ca<\/a><br \/>\nLa Soci\u00e9t\u00e9 de schizophr\u00e9nie de l\u2019Ontario est un chef de file en mati\u00e8re de services de sant\u00e9 mentale. Le site comprend des renseignements sur la schizophr\u00e9nie, des ressources \u00e9ducatives, de l\u2019information pour les familles, etc.<\/li>\n<\/ul>\n<p><strong>Pr\u00e9jug\u00e9s et action<\/strong><\/p>\n<ul>\n<li><a href=\"https:\/\/www.camimh.ca\/\" target=\"camimh\" rel=\"noopener noreferrer\">www.camimh.ca<br \/>\n<\/a>Site de l\u2019Alliance canadienne pour la maladie mentale et la sant\u00e9 mentale pr\u00e9sentant des renseignements sur l\u2019action politique relative \u00e0 la sant\u00e9 mentale et aux maladies mentales.<\/li>\n<li><a href=\"https:\/\/miaw.ca\/fr\/about\/about.aspx\" target=\"miaw\" rel=\"noopener noreferrer\">miaw.ca\/fr\/about\/about.aspx<br \/>\n<\/a>Site de la Semaine de sensibilisation aux maladies mentales.<\/li>\n<li><a href=\"https:\/\/www.reintegration.com\/\" target=\"reintegration\" rel=\"noopener noreferrer\">www.reintegration.com<br \/>\n<\/a>Site \u00e9tats-unien offrant des renseignements de base aux familles sur la fa\u00e7on dont une personne se r\u00e9tablissant d\u2019une maladie mentale peut \u00ab retourner au travail et reprendre sa vie \u00bb.<\/li>\n<li><a href=\"https:\/\/www.openthedoors.com\/\" target=\"openthedoors\" rel=\"noopener noreferrer\">www.openthedoors.com<br \/>\n<\/a>Site international pr\u00e9sentant les faits et visant \u00e0 \u00e9liminer les pr\u00e9jug\u00e9s et la mauvaise impression associ\u00e9s aux maladies mentales<\/li>\n<\/ul>\n<p><strong>Soutiens et liens communautaires<\/strong><\/p>\n<ul>\n<li><a href=\"https:\/\/ottawa.cioc.ca\/start.asp?UseCICVw=13\" target=\"_blank\" rel=\"noopener noreferrer\">ottawa.cioc.ca\/start.asp?UseCICVw=13<\/a><br \/>\nMoteur de recherche de la r\u00e9gion d\u2019Ottawa-Carleton sur la sant\u00e9 et les services sociaux.<\/li>\n<li><a href=\"https:\/\/ontario.cmha.ca\/\" target=\"_blank\" rel=\"noopener noreferrer\">www.ontario.cmha.ca<\/a>Site de la section ontarienne de l\u2019Association canadienne pour la sant\u00e9 mentale.<\/li>\n<li><a href=\"https:\/\/www.pleo.on.ca\/\" target=\"_blank\" rel=\"noopener noreferrer\">www.pleo.on.ca<\/a>Groupe d\u2019entraide pour les parents et les familles d\u2019enfants, de jeunes et de jeunes adultes ayant une maladie mentale et recevant des traitements.<\/li>\n<li><a href=\"https:\/\/www.nami.org\/\" target=\"_blank\" rel=\"noopener noreferrer\">www.nami.org<\/a>Site de la National Alliance on Mental Illness, un organisme porte-parole des personnes atteintes de maladie mentale et de leur famille<\/li>\n<\/ul>\n<h2>Lectures sugg\u00e9r\u00e9es<\/h2>\n<ul>\n<li>Adamec, C. (1996). <em>How to Live with a Mentally Ill Person.<\/em> John Wiley &amp; Sons.<\/li>\n<li>Amador, X. (2000). <em>I Am Not Sick, I Don\u2019t Need Help!<\/em> Peconic, NY: Vida Press.<\/li>\n<li>Keefe, R. and Harvey, D. (1994). <em>Understanding Schizophrenia: A Guide to the New Research on Causes and Treatment.<\/em> Toronto: The Free Press, Macmillan.<\/li>\n<li>Marsh, D. and Dickens, R. (1998). <em>How to Cope with Mental Illness in Your Family.<\/em> New York: Tarcher\/Putnam.<\/li>\n<li>Mueser, Kim T. and Gingerich, S. (2006). <em>The Complete Family Guide to Schizophrenia.<\/em> New York: The Guilford Press.<\/li>\n<li>Mueser, K.T. and Gingerich, S. (1994). <em>Coping with Schizophrenia: A Guide for Families.<\/em> Oakland, CA: New Harbinger.<\/li>\n<li>Torrey, E. F. (2001). <em>Surviving Schizophrenia. 4th edition.<\/em> New York: HarperCollins Perennial (paperback).<\/li>\n<li>Woolis, R. (1992). <em>When Someone You Love Has a Mental Illness: A Handbook for Family, Friends, and Caregivers.<\/em> New York: Putnam\u2019s Sons.<\/li>\n<\/ul>\n","protected":false},"excerpt":{"rendered":"<p>Sites web Renseignements essentiels www.esantementale.ca eSanteMentale.ca est votre ressource d\u2019aide en sant\u00e9 mentale et concernant les activit\u00e9s \u00e0 ce sujet dans la r\u00e9gion d\u2019Ottawa-Carleton. www.cmha.ca\/fr\/ L\u2019Association canadienne pour la sant\u00e9 mentale (ACSM) est un organisme national qui favorise la sant\u00e9 mentale de tout un chacun et appuie le r\u00e9tablissement des personnes atteintes de maladie mentale. [&hellip;]<\/p>\n","protected":false},"author":25,"featured_media":0,"parent":8338,"menu_order":5,"comment_status":"closed","ping_status":"closed","template":"","meta":{"_acf_changed":false,"_mc_calendar":[],"footnotes":""},"class_list":["post-8543","page","type-page","status-publish","hentry"],"acf":[],"wps_subtitle":"","_links":{"self":[{"href":"https:\/\/www.ottawahospital.on.ca\/fr\/wp-json\/wp\/v2\/pages\/8543","targetHints":{"allow":["GET"]}}],"collection":[{"href":"https:\/\/www.ottawahospital.on.ca\/fr\/wp-json\/wp\/v2\/pages"}],"about":[{"href":"https:\/\/www.ottawahospital.on.ca\/fr\/wp-json\/wp\/v2\/types\/page"}],"author":[{"embeddable":true,"href":"https:\/\/www.ottawahospital.on.ca\/fr\/wp-json\/wp\/v2\/users\/25"}],"replies":[{"embeddable":true,"href":"https:\/\/www.ottawahospital.on.ca\/fr\/wp-json\/wp\/v2\/comments?post=8543"}],"version-history":[{"count":0,"href":"https:\/\/www.ottawahospital.on.ca\/fr\/wp-json\/wp\/v2\/pages\/8543\/revisions"}],"up":[{"embeddable":true,"href":"https:\/\/www.ottawahospital.on.ca\/fr\/wp-json\/wp\/v2\/pages\/8338"}],"wp:attachment":[{"href":"https:\/\/www.ottawahospital.on.ca\/fr\/wp-json\/wp\/v2\/media?parent=8543"}],"curies":[{"name":"wp","href":"https:\/\/api.w.org\/{rel}","templated":true}]}}