{"id":8535,"date":"2016-11-18T11:23:17","date_gmt":"2016-11-18T16:23:17","guid":{"rendered":"http:\/\/52.229.122.34\/fr\/?page_id=8535"},"modified":"2016-12-12T11:08:30","modified_gmt":"2016-12-12T16:08:30","slug":"peut-on-traiter-la-psychose","status":"publish","type":"page","link":"https:\/\/www.ottawahospital.on.ca\/fr\/services-cliniques\/deptpgrmcs\/programmes\/le-programme-regional-dintervention-a-la-premiere-crise-de-psychose-du-district-champlain\/obtenir-de-laide\/peut-on-traiter-la-psychose\/","title":{"rendered":"Peut-on traiter la psychose ?"},"content":{"rendered":"<p>Bien qu\u2019il n\u2019existe aucun rem\u00e8de, l\u2019espoir abonde pour les personnes psychotiques. Des m\u00e9dicaments permettant de ma\u00eetriser les sympt\u00f4mes sont offerts. Combin\u00e9s \u00e0 d\u2019autres th\u00e9rapies, ils permettent \u00e0 la plupart de ces personnes de se r\u00e9tablir compl\u00e8tement ou dans une large mesure. Apr\u00e8s qu\u2019on a ma\u00eetris\u00e9 les sympt\u00f4mes, bien des gens demeurent vuln\u00e9rables \u00e0 une rechute. Ces personnes apprennent \u00e0 s\u2019adapter et \u00e0 g\u00e9rer leurs sympt\u00f4mes afin de mener une vie \u00e9panouie et productive.<\/p>\n<p>Voici quelques \u00e9l\u00e9ments \u00e0 ne pas oublier concernant le r\u00e9tablissement :<\/p>\n<ul>\n<li>Il est important <a href=\"\/fr\/services-cliniques\/deptpgrmcs\/programmes\/le-programme-regional-dintervention-a-la-premiere-crise-de-psychose-du-district-champlain\/obtenir-de-laide\/obtenir-de-laide-sans-delai\/\">d\u2019obtenir de l\u2019aide le plus rapidement possible.<\/a><\/li>\n<li>Le d\u00e9pistage et le traitement pr\u00e9coces sont importants. Cependant, les personnes souffrant de psychose depuis des mois ou des ann\u00e9es peuvent \u00e9galement bien r\u00e9agir aux traitements.<\/li>\n<li>Gr\u00e2ce aux traitements, bien des personnes psychotiques auront une vie \u00e9panouie et r\u00e9ussiront au travail, aux \u00e9tudes, sur le plan social, etc.<\/li>\n<li>Les traitements des maladies mentales sont efficaces de 60 % \u00e0 80 % du temps! De fait, ce taux est nettement sup\u00e9rieur \u00e0 celui associ\u00e9 \u00e0 bien d\u2019autres probl\u00e8mes de sant\u00e9 chroniques et graves.<\/li>\n<\/ul>\n","protected":false},"excerpt":{"rendered":"<p>Bien qu\u2019il n\u2019existe aucun rem\u00e8de, l\u2019espoir abonde pour les personnes psychotiques. Des m\u00e9dicaments permettant de ma\u00eetriser les sympt\u00f4mes sont offerts. Combin\u00e9s \u00e0 d\u2019autres th\u00e9rapies, ils permettent \u00e0 la plupart de ces personnes de se r\u00e9tablir compl\u00e8tement ou dans une large mesure. Apr\u00e8s qu\u2019on a ma\u00eetris\u00e9 les sympt\u00f4mes, bien des gens demeurent vuln\u00e9rables \u00e0 une rechute. [&hellip;]<\/p>\n","protected":false},"author":25,"featured_media":0,"parent":8510,"menu_order":6,"comment_status":"closed","ping_status":"closed","template":"","meta":{"_acf_changed":false,"_mc_calendar":[],"footnotes":""},"class_list":["post-8535","page","type-page","status-publish","hentry"],"acf":[],"wps_subtitle":"","_links":{"self":[{"href":"https:\/\/www.ottawahospital.on.ca\/fr\/wp-json\/wp\/v2\/pages\/8535","targetHints":{"allow":["GET"]}}],"collection":[{"href":"https:\/\/www.ottawahospital.on.ca\/fr\/wp-json\/wp\/v2\/pages"}],"about":[{"href":"https:\/\/www.ottawahospital.on.ca\/fr\/wp-json\/wp\/v2\/types\/page"}],"author":[{"embeddable":true,"href":"https:\/\/www.ottawahospital.on.ca\/fr\/wp-json\/wp\/v2\/users\/25"}],"replies":[{"embeddable":true,"href":"https:\/\/www.ottawahospital.on.ca\/fr\/wp-json\/wp\/v2\/comments?post=8535"}],"version-history":[{"count":0,"href":"https:\/\/www.ottawahospital.on.ca\/fr\/wp-json\/wp\/v2\/pages\/8535\/revisions"}],"up":[{"embeddable":true,"href":"https:\/\/www.ottawahospital.on.ca\/fr\/wp-json\/wp\/v2\/pages\/8510"}],"wp:attachment":[{"href":"https:\/\/www.ottawahospital.on.ca\/fr\/wp-json\/wp\/v2\/media?parent=8535"}],"curies":[{"name":"wp","href":"https:\/\/api.w.org\/{rel}","templated":true}]}}