{"id":8530,"date":"2016-11-18T11:20:12","date_gmt":"2016-11-18T16:20:12","guid":{"rendered":"http:\/\/52.229.122.34\/fr\/?page_id=8530"},"modified":"2016-11-18T11:20:12","modified_gmt":"2016-11-18T16:20:12","slug":"obtenir-de-laide-sans-delai","status":"publish","type":"page","link":"https:\/\/www.ottawahospital.on.ca\/fr\/services-cliniques\/deptpgrmcs\/programmes\/le-programme-regional-dintervention-a-la-premiere-crise-de-psychose-du-district-champlain\/obtenir-de-laide\/obtenir-de-laide-sans-delai\/","title":{"rendered":"Obtenir de l\u2019aide sans d\u00e9lai"},"content":{"rendered":"<h2>Pourquoi est-il important d\u2019obtenir de l\u2019aide sans d\u00e9lai?<\/h2>\n<h2>Si la maladie n\u2019est pas trait\u00e9e, on peut rapidement perdre le contr\u00f4le de la situation<\/h2>\n<p>Pour bien des raisons (p. ex. la peur, l\u2019anxi\u00e9t\u00e9 ou la m\u00e9connaissance du probl\u00e8me), il faut souvent d\u2019un \u00e0 deux ans avant que les gens obtiennent des soins, ce qui est trop long! Durant cette p\u00e9riode, bien des choses peuvent compliquer la situation pour se remettre sur la bonne voie. Les personnes psychotiques non soign\u00e9es risquent bien davantage d\u2019\u00e9chouer dans leurs \u00e9tudes, de perdre des amis, de prendre des drogues et de l\u2019alcool, puis d\u2019augmenter leur consommation, ou d\u2019\u00eatre impliqu\u00e9es dans un crime. Pire, elles peuvent alors perdre confiance et tout espoir face \u00e0 l\u2019avenir!<\/p>\n<h2>Plus les traitements ont lieu t\u00f4t dans le processus, plus les chances de r\u00e9tablissement augmentent<\/h2>\n<p>On recommande aux gens d\u2019obtenir des soins d\u00e8s le constat des premiers sympt\u00f4mes. Pourquoi? La plupart des personnes psychotiques deviennent incapables de fonctionner au quotidien et d\u2019interagir normalement avec les autres durant les premi\u00e8res ann\u00e9es de la maladie. En outre, les traitements sont surtout efficaces durant le premier \u00e9pisode de psychose. En d\u2019autres mots, plus les traitements d\u00e9butent rapidement, plus les gens ont de chances de se remettre sur la bonne voie. C\u2019est pourquoi \u00ab On avance \u00bb a \u00e9t\u00e9 con\u00e7u afin d\u2019aider les gens \u00e0 identifier la maladie et \u00e0 la traiter d\u00e8s que possible. Ce faisant, on pr\u00e9vient sa r\u00e9currence.<\/p>\n<h2>En obtenant de l\u2019aide sans d\u00e9lai, on r\u00e9duit la dur\u00e9e d\u2019hospitalisation ou on l\u2019\u00e9vite<\/h2>\n<p>On peut ainsi r\u00e9duire, voire pr\u00e9venir l\u2019hospitalisation! Les traitements en consultation externe perturbent moins la vie des gens et leur permettent de demeurer en contact avec les gens et ce qui compte le plus pour eux, notamment leur famille, leurs amis, leur travail et leurs \u00e9tudes.<\/p>\n","protected":false},"excerpt":{"rendered":"<p>Pourquoi est-il important d\u2019obtenir de l\u2019aide sans d\u00e9lai? Si la maladie n\u2019est pas trait\u00e9e, on peut rapidement perdre le contr\u00f4le de la situation Pour bien des raisons (p. ex. la peur, l\u2019anxi\u00e9t\u00e9 ou la m\u00e9connaissance du probl\u00e8me), il faut souvent d\u2019un \u00e0 deux ans avant que les gens obtiennent des soins, ce qui est trop [&hellip;]<\/p>\n","protected":false},"author":25,"featured_media":0,"parent":8510,"menu_order":5,"comment_status":"closed","ping_status":"closed","template":"","meta":{"_acf_changed":false,"_mc_calendar":[],"footnotes":""},"class_list":["post-8530","page","type-page","status-publish","hentry"],"acf":[],"wps_subtitle":"","_links":{"self":[{"href":"https:\/\/www.ottawahospital.on.ca\/fr\/wp-json\/wp\/v2\/pages\/8530","targetHints":{"allow":["GET"]}}],"collection":[{"href":"https:\/\/www.ottawahospital.on.ca\/fr\/wp-json\/wp\/v2\/pages"}],"about":[{"href":"https:\/\/www.ottawahospital.on.ca\/fr\/wp-json\/wp\/v2\/types\/page"}],"author":[{"embeddable":true,"href":"https:\/\/www.ottawahospital.on.ca\/fr\/wp-json\/wp\/v2\/users\/25"}],"replies":[{"embeddable":true,"href":"https:\/\/www.ottawahospital.on.ca\/fr\/wp-json\/wp\/v2\/comments?post=8530"}],"version-history":[{"count":0,"href":"https:\/\/www.ottawahospital.on.ca\/fr\/wp-json\/wp\/v2\/pages\/8530\/revisions"}],"up":[{"embeddable":true,"href":"https:\/\/www.ottawahospital.on.ca\/fr\/wp-json\/wp\/v2\/pages\/8510"}],"wp:attachment":[{"href":"https:\/\/www.ottawahospital.on.ca\/fr\/wp-json\/wp\/v2\/media?parent=8530"}],"curies":[{"name":"wp","href":"https:\/\/api.w.org\/{rel}","templated":true}]}}