{"id":8526,"date":"2016-11-18T11:18:04","date_gmt":"2016-11-18T16:18:04","guid":{"rendered":"http:\/\/52.229.122.34\/fr\/?page_id=8526"},"modified":"2016-12-12T10:23:31","modified_gmt":"2016-12-12T15:23:31","slug":"ressources-pour-les-amis-et-la-famille","status":"publish","type":"page","link":"https:\/\/www.ottawahospital.on.ca\/fr\/services-cliniques\/deptpgrmcs\/programmes\/le-programme-regional-dintervention-a-la-premiere-crise-de-psychose-du-district-champlain\/obtenir-de-laide\/ressources-pour-les-amis-et-la-famille\/","title":{"rendered":"Ressources pour les amis et la famille"},"content":{"rendered":"<h2>Que peuvent faire la famille et les amis?<\/h2>\n<p>Quand un membre de la famille ou un ami proche est aux prises avec une maladie mentale comme la psychose, votre soutien est non seulement utile, il est d\u00e9terminant. Vos pouvez l\u2019aider de bien des fa\u00e7ons, par exemple en l\u2019encourageant \u00e0 obtenir de l\u2019aide, en renseignant l\u2019\u00e9quipe de soins de sant\u00e9 sur ses ant\u00e9c\u00e9dents ou simplement en l\u2019\u00e9coutant, si elle d\u00e9sire discuter. Voici quelques suggestions :<\/p>\n<ul>\n<li><a href=\"#Obtenezdelaide\">Obtenez de l\u2019aide<\/a><\/li>\n<li><a href=\"#TransmettezleplusderenseignementspossiblelquipeduprogrammeOnavance\">Transmettez le plus de renseignements possible \u00e0 l\u2019\u00e9quipe du programme \u00ab On avance \u00bb<\/a><\/li>\n<li><a href=\"#Prenezsoindevous\">Prenez soin de vous<\/a><\/li>\n<li><a href=\"#Offrezvotreappui\">Offrez votre appui<\/a><\/li>\n<li><a href=\"#Renseignez-voussurlapsychose\">Renseignez-vous sur la psychose<\/a><\/li>\n<li><a href=\"#Dansunesituationdurgenceobtenezdelaideimmdiatement\">Dans une situation d\u2019urgence, obtenez de l\u2019aide imm\u00e9diatement!<\/a><\/li>\n<\/ul>\n<h2 id=\"Obtenezdelaide\">Obtenez de l\u2019aide<\/h2>\n<p>Souvent, les personnes psychotiques h\u00e9sitant \u00e0 demander de l\u2019aide, m\u00eame si elles savent qu\u2019elles ont des difficult\u00e9s, parce qu\u2019elles ont peur des h\u00f4pitaux et des m\u00e9decins ou car elles ne veulent pas \u00eatre tax\u00e9es de \u00ab folles \u00bb. D\u2019autres pr\u00e9f\u00e8rent demeurer ind\u00e9pendantes et composer seules avec leurs probl\u00e8mes.<\/p>\n<p>On peut les aider de bien des fa\u00e7ons, notamment en les accompagnant au service des urgences, en composant le num\u00e9ro de la Ligne de crise en sant\u00e9 mentale, en appelant une ou un m\u00e9decin de famille ou en trouvant des renseignements d\u2019information.<\/p>\n<h2 id=\"TransmettezleplusderenseignementspossiblelquipeduprogrammeOnavance\">Transmettez le plus de renseignements possible \u00e0 l\u2019\u00e9quipe du programme \u00ab On avance \u00bb<\/h2>\n<p>Apr\u00e8s tout, vous connaissez votre ami ou le membre de votre famille mieux que quiconque! Les renseignements que vous pouvez transmettre \u00e0 son sujet nous aideront \u00e0 pr\u00e9parer un plan qui conviendra \u00e0 tous les acteurs durant tout son r\u00e9tablissement.<\/p>\n<h2 id=\"Prenezsoindevous\">Prenez soin de vous<\/h2>\n<p>La maladie d\u2019un membre de la famille ou d\u2019un ami proche est source de stress. Alors, prenez d\u2019abord soin de vous pour \u00eatre en mesure de l\u2019aider \u00e0 se r\u00e9tablir.<\/p>\n<h2 id=\"Offrezvotreappui\">Offrez votre appui<\/h2>\n<p>Le soutien d\u2019un membre de la famille imm\u00e9diate ou d\u2019amis est d\u00e9terminant. Alors, la patience et la positivit\u00e9 sont de mise.<\/p>\n<h2 id=\"Renseignez-voussurlapsychose\">Renseignez-vous sur la psychose<\/h2>\n<p>Renseignez-vous abondamment sur la maladie et les \u00e9tapes du r\u00e9tablissement. Demandez \u00e0 l\u2019\u00e9quipe de soins de sant\u00e9 comment distinguer les d\u00e9fis associ\u00e9s \u00e0 la psychose d\u2019avec d\u2019autres enjeux pouvant exiger qu\u2019on s\u2019y penche. Enfin, sachez quelles ressources sont offertes dans votre communaut\u00e9, par exemple \u00e0 l\u2019intention des familles, des patientes et des patients, des groupes d\u2019action politique, et bien d\u2019autres.<\/p>\n<h2 id=\"Dansunesituationdurgenceobtenezdelaideimmdiatement\">Dans une situation d\u2019urgence, obtenez de l\u2019aide imm\u00e9diatement!<\/h2>\n<p>Si la s\u00e9curit\u00e9 de quelqu\u2019un vous pr\u00e9occupe, n\u2019attendez pas d\u2019avoir un rendez-vous! <a href=\"\/fr\/services-cliniques\/deptpgrmcs\/programmes\/le-programme-regional-dintervention-a-la-premiere-crise-de-psychose-du-district-champlain\/pour-nous-joindre\/en-situation-de-crise\/\">Communiquez avec le service des urgences de votre r\u00e9gion.<\/a><\/p>\n","protected":false},"excerpt":{"rendered":"<p>Que peuvent faire la famille et les amis? Quand un membre de la famille ou un ami proche est aux prises avec une maladie mentale comme la psychose, votre soutien est non seulement utile, il est d\u00e9terminant. Vos pouvez l\u2019aider de bien des fa\u00e7ons, par exemple en l\u2019encourageant \u00e0 obtenir de l\u2019aide, en renseignant l\u2019\u00e9quipe [&hellip;]<\/p>\n","protected":false},"author":25,"featured_media":0,"parent":8510,"menu_order":4,"comment_status":"closed","ping_status":"closed","template":"","meta":{"_acf_changed":false,"_mc_calendar":[],"footnotes":""},"class_list":["post-8526","page","type-page","status-publish","hentry"],"acf":[],"wps_subtitle":"","_links":{"self":[{"href":"https:\/\/www.ottawahospital.on.ca\/fr\/wp-json\/wp\/v2\/pages\/8526","targetHints":{"allow":["GET"]}}],"collection":[{"href":"https:\/\/www.ottawahospital.on.ca\/fr\/wp-json\/wp\/v2\/pages"}],"about":[{"href":"https:\/\/www.ottawahospital.on.ca\/fr\/wp-json\/wp\/v2\/types\/page"}],"author":[{"embeddable":true,"href":"https:\/\/www.ottawahospital.on.ca\/fr\/wp-json\/wp\/v2\/users\/25"}],"replies":[{"embeddable":true,"href":"https:\/\/www.ottawahospital.on.ca\/fr\/wp-json\/wp\/v2\/comments?post=8526"}],"version-history":[{"count":0,"href":"https:\/\/www.ottawahospital.on.ca\/fr\/wp-json\/wp\/v2\/pages\/8526\/revisions"}],"up":[{"embeddable":true,"href":"https:\/\/www.ottawahospital.on.ca\/fr\/wp-json\/wp\/v2\/pages\/8510"}],"wp:attachment":[{"href":"https:\/\/www.ottawahospital.on.ca\/fr\/wp-json\/wp\/v2\/media?parent=8526"}],"curies":[{"name":"wp","href":"https:\/\/api.w.org\/{rel}","templated":true}]}}