{"id":8522,"date":"2016-11-18T11:14:11","date_gmt":"2016-11-18T16:14:11","guid":{"rendered":"http:\/\/52.229.122.34\/fr\/?page_id=8522"},"modified":"2016-11-18T11:14:11","modified_gmt":"2016-11-18T16:14:11","slug":"on-avance-peut-il-maider","status":"publish","type":"page","link":"https:\/\/www.ottawahospital.on.ca\/fr\/services-cliniques\/deptpgrmcs\/programmes\/le-programme-regional-dintervention-a-la-premiere-crise-de-psychose-du-district-champlain\/obtenir-de-laide\/on-avance-peut-il-maider\/","title":{"rendered":"\u00abOn avance \u00bb peut-il m&rsquo;aider ?"},"content":{"rendered":"<p>\u00ab Je ne pense pas y arriver seul(e). \u00bb<\/p>\n<p>De l\u2019aide \u00e0 port\u00e9e de main! Le personnel bienveillant du programme est form\u00e9 de professionnelles et professionnels de la sant\u00e9 dont le principal objectif est de vous aider \u00e0 vous r\u00e9tablir. \u00c0 cette fin :<\/p>\n<ul>\n<li>il vous rencontrera afin de vous aider \u00e0 d\u00e9terminer ce qui se passe;<\/li>\n<li>il participera \u00e0 la pr\u00e9paration d\u2019un plan pour vous r\u00e9tablir;<\/li>\n<li>il vous parlera des m\u00e9dicaments aidant \u00e0 ma\u00eetriser les sympt\u00f4mes;<\/li>\n<li>il sera \u00e0 votre disposition et \u00e0 celle de votre famille;<\/li>\n<li>il vous aidera en situation de crise;<\/li>\n<li>il vous orientera vers des services d\u2019aide financi\u00e8re;<\/li>\n<li>il vous orientera vers des services de soutien au logement;<\/li>\n<li>il vous aidera \u00e0 demeurer aux \u00e9tudes ou \u00e0 y retourner;<\/li>\n<li>il vous aidera \u00e0 conserver votre emploi ou \u00e0 en trouver un;<\/li>\n<li>il vous mettra en contact avec des programmes de loisirs;<\/li>\n<li>il vous informera, vous, votre famille et vos amis sur la psychose.<\/li>\n<\/ul>\n","protected":false},"excerpt":{"rendered":"<p>\u00ab Je ne pense pas y arriver seul(e). \u00bb De l\u2019aide \u00e0 port\u00e9e de main! Le personnel bienveillant du programme est form\u00e9 de professionnelles et professionnels de la sant\u00e9 dont le principal objectif est de vous aider \u00e0 vous r\u00e9tablir. \u00c0 cette fin : il vous rencontrera afin de vous aider \u00e0 d\u00e9terminer ce qui [&hellip;]<\/p>\n","protected":false},"author":25,"featured_media":0,"parent":8510,"menu_order":3,"comment_status":"closed","ping_status":"closed","template":"","meta":{"_acf_changed":false,"_mc_calendar":[],"footnotes":""},"class_list":["post-8522","page","type-page","status-publish","hentry"],"acf":[],"wps_subtitle":"","_links":{"self":[{"href":"https:\/\/www.ottawahospital.on.ca\/fr\/wp-json\/wp\/v2\/pages\/8522","targetHints":{"allow":["GET"]}}],"collection":[{"href":"https:\/\/www.ottawahospital.on.ca\/fr\/wp-json\/wp\/v2\/pages"}],"about":[{"href":"https:\/\/www.ottawahospital.on.ca\/fr\/wp-json\/wp\/v2\/types\/page"}],"author":[{"embeddable":true,"href":"https:\/\/www.ottawahospital.on.ca\/fr\/wp-json\/wp\/v2\/users\/25"}],"replies":[{"embeddable":true,"href":"https:\/\/www.ottawahospital.on.ca\/fr\/wp-json\/wp\/v2\/comments?post=8522"}],"version-history":[{"count":0,"href":"https:\/\/www.ottawahospital.on.ca\/fr\/wp-json\/wp\/v2\/pages\/8522\/revisions"}],"up":[{"embeddable":true,"href":"https:\/\/www.ottawahospital.on.ca\/fr\/wp-json\/wp\/v2\/pages\/8510"}],"wp:attachment":[{"href":"https:\/\/www.ottawahospital.on.ca\/fr\/wp-json\/wp\/v2\/media?parent=8522"}],"curies":[{"name":"wp","href":"https:\/\/api.w.org\/{rel}","templated":true}]}}