{"id":8518,"date":"2016-11-18T11:12:49","date_gmt":"2016-11-18T16:12:49","guid":{"rendered":"http:\/\/52.229.122.34\/fr\/?page_id=8518"},"modified":"2016-12-12T11:07:26","modified_gmt":"2016-12-12T16:07:26","slug":"pourrait-je-men-sortir","status":"publish","type":"page","link":"https:\/\/www.ottawahospital.on.ca\/fr\/services-cliniques\/deptpgrmcs\/programmes\/le-programme-regional-dintervention-a-la-premiere-crise-de-psychose-du-district-champlain\/obtenir-de-laide\/pourrait-je-men-sortir\/","title":{"rendered":"Pourrait-je m&rsquo;en sortir?"},"content":{"rendered":"<p>\u00ab Me sentirai-je toujours ainsi \u00bb?<\/p>\n<p>Vous <em>pouvez<\/em> vous sentir mieux! Renseignez-vous sur la psychose et les traitements et ainsi :<\/p>\n<ul>\n<li>vous serez moins triste, effray\u00e9, f\u00e2ch\u00e9 et frustr\u00e9;<\/li>\n<li>vous am\u00e9liorez votre capacit\u00e9 \u00e0 penser clairement, \u00e0 vous concentrer et \u00e0 vous souvenir de faits;<\/li>\n<li>vous serez plus actif;<\/li>\n<li>vous serez davantage \u00e0 l\u2019aise en compagnie des autres;<\/li>\n<li>vous communiquerez plus efficacement;<\/li>\n<li>vous n\u2019entendrez plus de voix ou de bruits \u00e9tranges irr\u00e9els;<\/li>\n<li>vous vous remettrez sur la bonne voie et atteindrez vos objectifs.<\/li>\n<\/ul>\n<p>Inspirez-vous des <a href=\"\/fr\/services-cliniques\/deptpgrmcs\/programmes\/le-programme-regional-dintervention-a-la-premiere-crise-de-psychose-du-district-champlain\/on-avance-en-bref\/\">t\u00e9moignages de gens qui ont surmont\u00e9 la maladie.<\/a><\/p>\n","protected":false},"excerpt":{"rendered":"<p>\u00ab Me sentirai-je toujours ainsi \u00bb? Vous pouvez vous sentir mieux! Renseignez-vous sur la psychose et les traitements et ainsi : vous serez moins triste, effray\u00e9, f\u00e2ch\u00e9 et frustr\u00e9; vous am\u00e9liorez votre capacit\u00e9 \u00e0 penser clairement, \u00e0 vous concentrer et \u00e0 vous souvenir de faits; vous serez plus actif; vous serez davantage \u00e0 l\u2019aise en [&hellip;]<\/p>\n","protected":false},"author":25,"featured_media":0,"parent":8510,"menu_order":2,"comment_status":"closed","ping_status":"closed","template":"","meta":{"_acf_changed":false,"_mc_calendar":[],"footnotes":""},"class_list":["post-8518","page","type-page","status-publish","hentry"],"acf":[],"wps_subtitle":"","_links":{"self":[{"href":"https:\/\/www.ottawahospital.on.ca\/fr\/wp-json\/wp\/v2\/pages\/8518","targetHints":{"allow":["GET"]}}],"collection":[{"href":"https:\/\/www.ottawahospital.on.ca\/fr\/wp-json\/wp\/v2\/pages"}],"about":[{"href":"https:\/\/www.ottawahospital.on.ca\/fr\/wp-json\/wp\/v2\/types\/page"}],"author":[{"embeddable":true,"href":"https:\/\/www.ottawahospital.on.ca\/fr\/wp-json\/wp\/v2\/users\/25"}],"replies":[{"embeddable":true,"href":"https:\/\/www.ottawahospital.on.ca\/fr\/wp-json\/wp\/v2\/comments?post=8518"}],"version-history":[{"count":0,"href":"https:\/\/www.ottawahospital.on.ca\/fr\/wp-json\/wp\/v2\/pages\/8518\/revisions"}],"up":[{"embeddable":true,"href":"https:\/\/www.ottawahospital.on.ca\/fr\/wp-json\/wp\/v2\/pages\/8510"}],"wp:attachment":[{"href":"https:\/\/www.ottawahospital.on.ca\/fr\/wp-json\/wp\/v2\/media?parent=8518"}],"curies":[{"name":"wp","href":"https:\/\/api.w.org\/{rel}","templated":true}]}}