{"id":8514,"date":"2016-11-18T11:10:01","date_gmt":"2016-11-18T16:10:01","guid":{"rendered":"http:\/\/52.229.122.34\/fr\/?page_id=8514"},"modified":"2016-12-12T11:05:19","modified_gmt":"2016-12-12T16:05:19","slug":"obtenir-de-laide-pour-moi","status":"publish","type":"page","link":"https:\/\/www.ottawahospital.on.ca\/fr\/services-cliniques\/deptpgrmcs\/programmes\/le-programme-regional-dintervention-a-la-premiere-crise-de-psychose-du-district-champlain\/obtenir-de-laide\/obtenir-de-laide-pour-moi\/","title":{"rendered":"Obtenir de l&rsquo;aide pour moi"},"content":{"rendered":"<h2>Que puis-je faire pour aller mieux?<\/h2>\n<p>\u00ab C\u2019\u00e9tait difficile, mais je suis heureux d\u2019avoir obtenu de l\u2019aide. \u00bb<\/p>\n<p><strong>Abordez le sujet.<\/strong> Parlez de vos probl\u00e8mes et changements constat\u00e9s \u00e0 un ami, \u00e0 un membre de la famille, \u00e0 une enseignante ou \u00e0 un m\u00e9decin.<\/p>\n<p><strong>Consultez un m\u00e9decin.<\/strong> Cette personne vous intimide peut-\u00eatre, mais si vous lui dites ce qui se passe, elle pourra vous aider.<\/p>\n<p><strong><a href=\"\/fr\/services-cliniques\/deptpgrmcs\/programmes\/le-programme-regional-dintervention-a-la-premiere-crise-de-psychose-du-district-champlain\/pour-nous-joindre\/\">Communiquez avec le personnel du programme \u00ab On avance \u00bb.<\/a><\/strong> Nous serons heureux de r\u00e9pondre \u00e0 vos questions. Si le programme ne vous convient pas, nous vous aiderons \u00e0 trouver celui ou la ressource qui le fait.<\/p>\n<p><a href=\"\/fr\/services-cliniques\/deptpgrmcs\/programmes\/le-programme-regional-dintervention-a-la-premiere-crise-de-psychose-du-district-champlain\/on-avance-en-bref\/\"><strong>Renseignez-vous sur les m\u00e9dicaments. <\/strong><\/a>Les m\u00e9dicaments sont une composante importante du traitement. Ils aident \u00e0 r\u00e9\u00e9quilibrer les agents chimiques du cerveau afin de ma\u00eetriser les sympt\u00f4mes de la psychose.<\/p>\n<p><strong>Remettez-vous sur la bonne voie.<\/strong> En collaborant avec votre \u00e9quipe de traitement et en trouvant les m\u00e9dicaments qui vous conviennent, lentement mais s\u00fbrement, vous reprendrez vos activit\u00e9s pr\u00e9f\u00e9r\u00e9es et votre routine.<\/p>\n","protected":false},"excerpt":{"rendered":"<p>Que puis-je faire pour aller mieux? \u00ab C\u2019\u00e9tait difficile, mais je suis heureux d\u2019avoir obtenu de l\u2019aide. \u00bb Abordez le sujet. Parlez de vos probl\u00e8mes et changements constat\u00e9s \u00e0 un ami, \u00e0 un membre de la famille, \u00e0 une enseignante ou \u00e0 un m\u00e9decin. Consultez un m\u00e9decin. Cette personne vous intimide peut-\u00eatre, mais si vous [&hellip;]<\/p>\n","protected":false},"author":25,"featured_media":0,"parent":8510,"menu_order":1,"comment_status":"closed","ping_status":"closed","template":"","meta":{"_acf_changed":false,"_mc_calendar":[],"footnotes":""},"class_list":["post-8514","page","type-page","status-publish","hentry"],"acf":[],"wps_subtitle":"","_links":{"self":[{"href":"https:\/\/www.ottawahospital.on.ca\/fr\/wp-json\/wp\/v2\/pages\/8514","targetHints":{"allow":["GET"]}}],"collection":[{"href":"https:\/\/www.ottawahospital.on.ca\/fr\/wp-json\/wp\/v2\/pages"}],"about":[{"href":"https:\/\/www.ottawahospital.on.ca\/fr\/wp-json\/wp\/v2\/types\/page"}],"author":[{"embeddable":true,"href":"https:\/\/www.ottawahospital.on.ca\/fr\/wp-json\/wp\/v2\/users\/25"}],"replies":[{"embeddable":true,"href":"https:\/\/www.ottawahospital.on.ca\/fr\/wp-json\/wp\/v2\/comments?post=8514"}],"version-history":[{"count":0,"href":"https:\/\/www.ottawahospital.on.ca\/fr\/wp-json\/wp\/v2\/pages\/8514\/revisions"}],"up":[{"embeddable":true,"href":"https:\/\/www.ottawahospital.on.ca\/fr\/wp-json\/wp\/v2\/pages\/8510"}],"wp:attachment":[{"href":"https:\/\/www.ottawahospital.on.ca\/fr\/wp-json\/wp\/v2\/media?parent=8514"}],"curies":[{"name":"wp","href":"https:\/\/api.w.org\/{rel}","templated":true}]}}