{"id":8506,"date":"2016-11-18T11:01:25","date_gmt":"2016-11-18T16:01:25","guid":{"rendered":"http:\/\/52.229.122.34\/fr\/?page_id=8506"},"modified":"2016-12-12T10:18:19","modified_gmt":"2016-12-12T15:18:19","slug":"information-et-recherche","status":"publish","type":"page","link":"https:\/\/www.ottawahospital.on.ca\/fr\/services-cliniques\/deptpgrmcs\/programmes\/le-programme-regional-dintervention-a-la-premiere-crise-de-psychose-du-district-champlain\/on-avance-en-bref\/information-et-recherche\/","title":{"rendered":"Information et recherche"},"content":{"rendered":"<h2>Education<\/h2>\n<p>Nous informons les <a href=\"\/fr\/services-cliniques\/deptpgrmcs\/programmes\/le-programme-regional-dintervention-a-la-premiere-crise-de-psychose-du-district-champlain\/on-avance-en-bref\/\">familles participant au programme sur la psychose<\/a>. Nous faisons de m\u00eame \u00e0 Ottawa, au sein des organismes, y compris les \u00e9coles. Si vous voulez que votre organisme fasse partie de nos activit\u00e9s, veuillez <a href=\"\/fr\/services-cliniques\/deptpgrmcs\/programmes\/le-programme-regional-dintervention-a-la-premiere-crise-de-psychose-du-district-champlain\/pour-nous-joindre\/\">communiquer avec nous.<\/a><\/p>\n<h2>Recherche<\/h2>\n<p>Le programme \u00ab On avance \u00bb participe activement \u00e0 la recherche afin de mieux comprendre la maladie et en am\u00e9liorer le traitement. La participation aux recherches est volontaire et approuv\u00e9e par le Conseil d\u2019\u00e9thique en recherches de L\u2019H\u00f4pital d\u2019Ottawa.<\/p>\n<p>Les derni\u00e8res recherches portent notamment sur les sujets suivants :<\/p>\n<ul>\n<li>la g\u00e9n\u00e9tique (le r\u00e9cepteur D2 du point de vue de la psychose);<\/li>\n<li>l\u2019augmentation pharmacologique (th\u00e9orie du glutamate concernant la psychose);<\/li>\n<li>le d\u00e9\ufb01cit cognitif chez les schizophr\u00e8nes (\u00e9tat cognitif, analyse des instruments d\u2019\u00e9valuation, r\u00e9adaptation cognitive);<\/li>\n<li>la connaissance qu\u2019ont les m\u00e9decins g\u00e9n\u00e9ralistes de la psychose et traitements pr\u00e9f\u00e9r\u00e9s;<\/li>\n<li>les protocoles de soins;<\/li>\n<li>l\u2019utilisation des services aux personnes handicap\u00e9es;<\/li>\n<li>une \u00e9valuation qualitative des relations de famille et des exp\u00e9riences des jeunes dans le contexte d\u2019un premier \u00e9pisode psychotique<\/li>\n<\/ul>\n","protected":false},"excerpt":{"rendered":"<p>Education Nous informons les familles participant au programme sur la psychose. Nous faisons de m\u00eame \u00e0 Ottawa, au sein des organismes, y compris les \u00e9coles. Si vous voulez que votre organisme fasse partie de nos activit\u00e9s, veuillez communiquer avec nous. Recherche Le programme \u00ab On avance \u00bb participe activement \u00e0 la recherche afin de mieux [&hellip;]<\/p>\n","protected":false},"author":25,"featured_media":0,"parent":8390,"menu_order":2,"comment_status":"closed","ping_status":"closed","template":"","meta":{"_acf_changed":false,"_mc_calendar":[],"footnotes":""},"class_list":["post-8506","page","type-page","status-publish","hentry"],"acf":[],"wps_subtitle":"","_links":{"self":[{"href":"https:\/\/www.ottawahospital.on.ca\/fr\/wp-json\/wp\/v2\/pages\/8506","targetHints":{"allow":["GET"]}}],"collection":[{"href":"https:\/\/www.ottawahospital.on.ca\/fr\/wp-json\/wp\/v2\/pages"}],"about":[{"href":"https:\/\/www.ottawahospital.on.ca\/fr\/wp-json\/wp\/v2\/types\/page"}],"author":[{"embeddable":true,"href":"https:\/\/www.ottawahospital.on.ca\/fr\/wp-json\/wp\/v2\/users\/25"}],"replies":[{"embeddable":true,"href":"https:\/\/www.ottawahospital.on.ca\/fr\/wp-json\/wp\/v2\/comments?post=8506"}],"version-history":[{"count":0,"href":"https:\/\/www.ottawahospital.on.ca\/fr\/wp-json\/wp\/v2\/pages\/8506\/revisions"}],"up":[{"embeddable":true,"href":"https:\/\/www.ottawahospital.on.ca\/fr\/wp-json\/wp\/v2\/pages\/8390"}],"wp:attachment":[{"href":"https:\/\/www.ottawahospital.on.ca\/fr\/wp-json\/wp\/v2\/media?parent=8506"}],"curies":[{"name":"wp","href":"https:\/\/api.w.org\/{rel}","templated":true}]}}