{"id":8497,"date":"2016-11-18T10:40:35","date_gmt":"2016-11-18T15:40:35","guid":{"rendered":"http:\/\/52.229.122.34\/fr\/?page_id=8497"},"modified":"2016-11-18T10:40:35","modified_gmt":"2016-11-18T15:40:35","slug":"ventriculographie-isotopique-gauche","status":"publish","type":"page","link":"https:\/\/www.ottawahospital.on.ca\/fr\/services-cliniques\/deptpgrmcs\/cliniques-et-services\/cardiologie\/ventriculographie-isotopique-gauche\/","title":{"rendered":"Ventriculographie isotopique gauche"},"content":{"rendered":"<h2>Ventriculographie isotopique gauche<\/h2>\n<p>La ventriculographie isotopique est un examen qui permet d\u2019observer le fonctionnement du c\u0153ur, et surtout sa capacit\u00e9 de pomper le sang dans le reste du corps. Il permet aussi de voir la taille des ventricules, qui sont les cavit\u00e9s du c\u0153ur d\u2019o\u00f9 le sang est propuls\u00e9 dans le corps. Pendant cet examen, un technicien en m\u00e9decine nucl\u00e9aire injectera une petite quantit\u00e9 de m\u00e9dicament radioactif (appel\u00e9 \u00ab\u00a0radiotraceur\u00a0\u00bb) dans une veine de votre bras. Ce m\u00e9dicament contient peu de mati\u00e8re radioactive et n\u2019est pas dangereux. Le radiotraceur se fixe aux globules rouges du sang, ce qui nous permettra de voir comment le sang circule dans votre c\u0153ur. On vous demandera de vous coucher sur la table d\u2019examen et de ne pas bouger pendant qu\u2019une cam\u00e9ra sp\u00e9ciale (appel\u00e9e \u00ab\u00a0cam\u00e9ra gamma\u00a0\u00bb) prend des images de votre c\u0153ur.<\/p>\n<p>Aucune pr\u00e9paration n\u2019est n\u00e9cessaire.<\/p>\n<p><strong>Campus G\u00e9n\u00e9ral (m\u00e9decine nucl\u00e9aire et imagerie TEP)<br \/>\n<\/strong>501, chemin Smyth<br \/>\nRez-de-chauss\u00e9e<br \/>\nT\u00e9l\u00e9phone : 613-737-8395<br \/>\nHeures d\u2019ouverture\u00a0: du lundi au vendredi, de 7 h 30 \u00e0 16 h<\/p>\n<p><strong>Comment s\u2019y rendre<br \/>\n<\/strong>\u00c0 partir de l\u2019entr\u00e9e principale, rendez-vous aux ascenseurs principaux et suivez les panneaux. Vous pouvez aussi demander des indications au bureau d\u2019information.<\/p>\n","protected":false},"excerpt":{"rendered":"<p>Ventriculographie isotopique gauche La ventriculographie isotopique est un examen qui permet d\u2019observer le fonctionnement du c\u0153ur, et surtout sa capacit\u00e9 de pomper le sang dans le reste du corps. Il permet aussi de voir la taille des ventricules, qui sont les cavit\u00e9s du c\u0153ur d\u2019o\u00f9 le sang est propuls\u00e9 dans le corps. Pendant cet examen, [&hellip;]<\/p>\n","protected":false},"author":25,"featured_media":0,"parent":8402,"menu_order":5,"comment_status":"closed","ping_status":"closed","template":"","meta":{"_acf_changed":false,"_mc_calendar":[],"footnotes":""},"class_list":["post-8497","page","type-page","status-publish","hentry"],"acf":[],"wps_subtitle":"","_links":{"self":[{"href":"https:\/\/www.ottawahospital.on.ca\/fr\/wp-json\/wp\/v2\/pages\/8497","targetHints":{"allow":["GET"]}}],"collection":[{"href":"https:\/\/www.ottawahospital.on.ca\/fr\/wp-json\/wp\/v2\/pages"}],"about":[{"href":"https:\/\/www.ottawahospital.on.ca\/fr\/wp-json\/wp\/v2\/types\/page"}],"author":[{"embeddable":true,"href":"https:\/\/www.ottawahospital.on.ca\/fr\/wp-json\/wp\/v2\/users\/25"}],"replies":[{"embeddable":true,"href":"https:\/\/www.ottawahospital.on.ca\/fr\/wp-json\/wp\/v2\/comments?post=8497"}],"version-history":[{"count":0,"href":"https:\/\/www.ottawahospital.on.ca\/fr\/wp-json\/wp\/v2\/pages\/8497\/revisions"}],"up":[{"embeddable":true,"href":"https:\/\/www.ottawahospital.on.ca\/fr\/wp-json\/wp\/v2\/pages\/8402"}],"wp:attachment":[{"href":"https:\/\/www.ottawahospital.on.ca\/fr\/wp-json\/wp\/v2\/media?parent=8497"}],"curies":[{"name":"wp","href":"https:\/\/api.w.org\/{rel}","templated":true}]}}