{"id":8490,"date":"2016-11-18T10:39:43","date_gmt":"2016-11-18T15:39:43","guid":{"rendered":"http:\/\/52.229.122.34\/fr\/?page_id=8490"},"modified":"2017-01-05T14:15:14","modified_gmt":"2017-01-05T19:15:14","slug":"cardiologie-nucleaire","status":"publish","type":"page","link":"https:\/\/www.ottawahospital.on.ca\/fr\/services-cliniques\/deptpgrmcs\/cliniques-et-services\/cardiologie\/cardiologie-nucleaire\/","title":{"rendered":"Cardiologie nucl\u00e9aire"},"content":{"rendered":"<h2>Cardiologie nucl\u00e9aire<\/h2>\n<p><a href=\"\/fr\/documents\/2017\/01\/cardiac-perfusion-2-day-fre.pdf\" target=\"_blank\">L\u2019examen d\u2019imagerie par perfusion myocardique<\/a> permet de voir comment le sang circule dans le muscle cardiaque. Deux s\u00e9ries d\u2019images (au repos et \u00e0 l\u2019effort) sont prises sur deux jours. Lors de la premi\u00e8re partie de l\u2019examen, un technologue en m\u00e9decine nucl\u00e9aire prendra des images de votre c\u0153ur au repos.<\/p>\n<p>Pendant la seconde partie de l\u2019examen (\u00e9preuve d\u2019effort), on prendra des images de votre c\u0153ur au travail. Pour ce faire, on vous demandera de marcher sur un tapis roulant. Si vous \u00eates incapable de faire de l\u2019exercice, on vous donnera \u00e0 la place un m\u00e9dicament (dipyridamole ou dobutamine) qui fera travailler votre c\u0153ur.<\/p>\n<p>Un technologue responsable des \u00e9preuves d\u2019effort ou un m\u00e9decin vous expliquera les risques et les avantages de l\u2019\u00e9preuve d\u2019effort. Il vous demandera de signer un formulaire de consentement. On pr\u00e9parera votre peau et placera des \u00e9lectrodes sur votre poitrine. Ces \u00e9lectrodes seront reli\u00e9es \u00e0 un moniteur cardiaque et permettront de surveiller votre fr\u00e9quence et votre rythme cardiaque durant l\u2019examen. Si vous pouvez faire de l\u2019exercice, on vous demandera de marcher sur un tapis roulant. Le test commencera tranquillement et s\u2019intensifiera graduellement. La vitesse et la pente augmenteront petit \u00e0 petit. On vous demandera de marcher le plus longtemps possible. Durant l\u2019examen, on surveillera votre fr\u00e9quence cardiaque et votre pression.<\/p>\n<p>Lors des deux parties de l\u2019examen, un technologue en m\u00e9decine nucl\u00e9aire vous injectera une petite quantit\u00e9 de m\u00e9dicament radioactif (appel\u00e9 \u00ab\u00a0radiotraceur\u00a0\u00bb) dans une veine de votre bras. Ce m\u00e9dicament contient peu de mati\u00e8re radioactive et n\u2019est pas dangereux. Le radiotraceur se rendra jusqu\u2019\u00e0 votre muscle cardiaque. On vous demandera de vous allonger sur la table d\u2019examen et de ne pas bouger pendant qu\u2019une cam\u00e9ra sp\u00e9ciale (appel\u00e9e \u00ab\u00a0cam\u00e9ra gamma\u00a0\u00bb) prend des images de votre c\u0153ur.<\/p>\n<p><strong>Pr\u00e9paration pour l\u2019examen<\/strong><\/p>\n<ol style=\"border: 1px solid;\">\n<li>Ne mangez pas, ne buvez pas et ne fumez pas 4 heures avant l\u2019examen.<\/li>\n<li>Abstenez-vous de consommer de la caf\u00e9ine (caf\u00e9, th\u00e9, chocolat, cola, etc.) 24 heures avant l\u2019examen.<\/li>\n<li>Arr\u00eatez de prendre les m\u00e9dicaments suivants 48 heures avant l\u2019examen : b\u00eata-bloquants, nitro et inhibiteurs calciques non dihydropyridines.<em> Veuillez v\u00e9rifier avec votre m\u00e9decin.<\/em><\/li>\n<li>Apportez la liste des m\u00e9dicaments que vous prenez actuellement.<\/li>\n<li>Portez des v\u00eatements confortables et des souliers de course si vous devez passer l\u2019\u00e9preuve d\u2019effort.<\/li>\n<li>Pr\u00e9sentez-vous au Service de m\u00e9decine nucl\u00e9aire, au rez-de-chauss\u00e9e.<\/li>\n<\/ol>\n","protected":false},"excerpt":{"rendered":"<p>Cardiologie nucl\u00e9aire L\u2019examen d\u2019imagerie par perfusion myocardique permet de voir comment le sang circule dans le muscle cardiaque. Deux s\u00e9ries d\u2019images (au repos et \u00e0 l\u2019effort) sont prises sur deux jours. Lors de la premi\u00e8re partie de l\u2019examen, un technologue en m\u00e9decine nucl\u00e9aire prendra des images de votre c\u0153ur au repos. Pendant la seconde partie [&hellip;]<\/p>\n","protected":false},"author":25,"featured_media":0,"parent":8402,"menu_order":4,"comment_status":"closed","ping_status":"closed","template":"","meta":{"_acf_changed":false,"_mc_calendar":[],"footnotes":""},"class_list":["post-8490","page","type-page","status-publish","hentry"],"acf":[],"wps_subtitle":"","_links":{"self":[{"href":"https:\/\/www.ottawahospital.on.ca\/fr\/wp-json\/wp\/v2\/pages\/8490","targetHints":{"allow":["GET"]}}],"collection":[{"href":"https:\/\/www.ottawahospital.on.ca\/fr\/wp-json\/wp\/v2\/pages"}],"about":[{"href":"https:\/\/www.ottawahospital.on.ca\/fr\/wp-json\/wp\/v2\/types\/page"}],"author":[{"embeddable":true,"href":"https:\/\/www.ottawahospital.on.ca\/fr\/wp-json\/wp\/v2\/users\/25"}],"replies":[{"embeddable":true,"href":"https:\/\/www.ottawahospital.on.ca\/fr\/wp-json\/wp\/v2\/comments?post=8490"}],"version-history":[{"count":0,"href":"https:\/\/www.ottawahospital.on.ca\/fr\/wp-json\/wp\/v2\/pages\/8490\/revisions"}],"up":[{"embeddable":true,"href":"https:\/\/www.ottawahospital.on.ca\/fr\/wp-json\/wp\/v2\/pages\/8402"}],"wp:attachment":[{"href":"https:\/\/www.ottawahospital.on.ca\/fr\/wp-json\/wp\/v2\/media?parent=8490"}],"curies":[{"name":"wp","href":"https:\/\/api.w.org\/{rel}","templated":true}]}}