{"id":84543,"date":"2024-09-18T09:17:39","date_gmt":"2024-09-18T13:17:39","guid":{"rendered":"https:\/\/www.ottawahospital.on.ca\/?page_id=84543"},"modified":"2024-10-08T15:28:07","modified_gmt":"2024-10-08T19:28:07","slug":"recrutement-du-personnel-medical","status":"publish","type":"page","link":"https:\/\/www.ottawahospital.on.ca\/fr\/possibilites-de-carriere\/recrutement-du-personnel-medical\/","title":{"rendered":"Recrutement du personnel m\u00e9dical \u00e0 L\u2019H\u00f4pital d\u2019Ottawa"},"content":{"rendered":"\n<p>L\u2019H\u00f4pital d\u2019Ottawa est un \u00e9tablissement de soins de sant\u00e9 qui compte plus de 1&nbsp;600&nbsp;membres du personnel m\u00e9dical (m\u00e9decins, sages-femmes et chirurgiensdentistes) r\u00e9partis dans 12 d\u00e9partements. <\/p>\n\n\n\n<p class=\"has-background\" style=\"background-color:#a6be4b\"><strong>Veuillez noter que certains postes du personnel m\u00e9dical affich\u00e9s sur cette page sont g\u00e9r\u00e9s et administr\u00e9s par les d\u00e9partements m\u00e9dicaux mentionn\u00e9s dans l\u2019offre d\u2019emploi. Les titulaires de ces postes ne sont pas consid\u00e9r\u00e9s comme des employ\u00e9s de L\u2019H\u00f4pital d\u2019Ottawa, mais ils travaillent directement avec les d\u00e9partements mentionn\u00e9s.<\/strong><\/p>\n\n\n\n<p>Cliquez sur les liens ci-dessous pour consulter les postes vacants :<\/p>\n\n\n\n<p><\/p>\n","protected":false},"excerpt":{"rendered":"<p>L\u2019H\u00f4pital d\u2019Ottawa est un \u00e9tablissement de soins de sant\u00e9 qui compte plus de 1&nbsp;600&nbsp;membres du personnel m\u00e9dical (m\u00e9decins, sages-femmes et chirurgiensdentistes) r\u00e9partis dans 12 d\u00e9partements. Veuillez noter que certains postes du personnel m\u00e9dical affich\u00e9s sur cette page sont g\u00e9r\u00e9s et administr\u00e9s par les d\u00e9partements m\u00e9dicaux mentionn\u00e9s dans l\u2019offre d\u2019emploi. Les titulaires de ces postes ne [&hellip;]<\/p>\n","protected":false},"author":25,"featured_media":0,"parent":77122,"menu_order":4,"comment_status":"closed","ping_status":"closed","template":"","meta":{"_acf_changed":false,"_mc_calendar":[],"footnotes":""},"class_list":["post-84543","page","type-page","status-publish","hentry"],"acf":[],"wps_subtitle":"","_links":{"self":[{"href":"https:\/\/www.ottawahospital.on.ca\/fr\/wp-json\/wp\/v2\/pages\/84543","targetHints":{"allow":["GET"]}}],"collection":[{"href":"https:\/\/www.ottawahospital.on.ca\/fr\/wp-json\/wp\/v2\/pages"}],"about":[{"href":"https:\/\/www.ottawahospital.on.ca\/fr\/wp-json\/wp\/v2\/types\/page"}],"author":[{"embeddable":true,"href":"https:\/\/www.ottawahospital.on.ca\/fr\/wp-json\/wp\/v2\/users\/25"}],"replies":[{"embeddable":true,"href":"https:\/\/www.ottawahospital.on.ca\/fr\/wp-json\/wp\/v2\/comments?post=84543"}],"version-history":[{"count":0,"href":"https:\/\/www.ottawahospital.on.ca\/fr\/wp-json\/wp\/v2\/pages\/84543\/revisions"}],"up":[{"embeddable":true,"href":"https:\/\/www.ottawahospital.on.ca\/fr\/wp-json\/wp\/v2\/pages\/77122"}],"wp:attachment":[{"href":"https:\/\/www.ottawahospital.on.ca\/fr\/wp-json\/wp\/v2\/media?parent=84543"}],"curies":[{"name":"wp","href":"https:\/\/api.w.org\/{rel}","templated":true}]}}