{"id":8420,"date":"2016-11-18T10:13:48","date_gmt":"2016-11-18T15:13:48","guid":{"rendered":"http:\/\/52.229.122.34\/fr\/?page_id=8420"},"modified":"2022-02-11T07:44:25","modified_gmt":"2022-02-11T12:44:25","slug":"services-cardiorespiratoires","status":"publish","type":"page","link":"https:\/\/www.ottawahospital.on.ca\/fr\/services-cliniques\/deptpgrmcs\/cliniques-et-services\/cardiologie\/services-cardiorespiratoires\/","title":{"rendered":"Services cardiorespiratoires"},"content":{"rendered":"<p><img decoding=\"async\" class=\"alignnone size-full wp-image-70536\" src=\"https:\/\/www.ottawahospital.on.ca\/wp-content\/uploads\/2022\/02\/Cardiopulmonary-Service.jpg\" alt=\"Two hands holding a heart model\" width=\"770\" height=\"330\" srcset=\"https:\/\/www.ottawahospital.on.ca\/wp-content\/uploads\/2022\/02\/Cardiopulmonary-Service.jpg 770w, https:\/\/www.ottawahospital.on.ca\/wp-content\/uploads\/2022\/02\/Cardiopulmonary-Service-600x257.jpg 600w, https:\/\/www.ottawahospital.on.ca\/wp-content\/uploads\/2022\/02\/Cardiopulmonary-Service-300x129.jpg 300w, https:\/\/www.ottawahospital.on.ca\/wp-content\/uploads\/2022\/02\/Cardiopulmonary-Service-768x329.jpg 768w\" sizes=\"(max-width: 770px) 100vw, 770px\" \/><\/p>\n<h2>\u00c0 propos de nous<\/h2>\n<p>L\u2019\u00e9quipe des Services cardiorespiratoires de L\u2019H\u00f4pital d\u2019Ottawa offre des examens de la fonction respiratoire et des examens diagnostiques cardiaques non invasifs \u00e0 la client\u00e8le externe, au Campus G\u00e9n\u00e9ral. Notre but est de vous offrir un service rapide et courtois, ainsi que des examens coordonn\u00e9s qui vous permettront d\u2019obtenir un diagnostic pr\u00e9cis et d\u2019adapter vos plans de traitement en cons\u00e9quence. \u200b\u200b\u200b\u200b\u200b\u200b\u200b<\/p>\n<h3>Notre \u00e9quipe<\/h3>\n<p>Notre \u00e9quipe se compose de th\u00e9rapeutes respiratoires inscrits, d\u2019\u00e9ducateurs certifi\u00e9s dans le domaine respiratoire, de techniciens en diagnostic cardiaque et d\u2019\u00e9chocardiographistes sp\u00e9cialement form\u00e9s, ainsi que d\u2019un personnel administratif d\u00e9vou\u00e9. Tous les r\u00e9sultats d\u2019examens sont examin\u00e9s par des m\u00e9decins sp\u00e9cialistes (en cardiologie et en pneumologie) et vous sont transmis rapidement.<\/p>\n<div class=\"card\">\n<h2 class=\"card-header h2-mock\">Location and Contact us<\/h2>\n<div class=\"card-body\">\n<p><strong>Heures d\u2019ouverture : <\/strong>Du lundi au vendredi : De 7 h \u00e0 17 h<br \/>\nBureau des rendez-vous : 613 737-8899, poste 74708<br \/>\nLigne t\u00e9l\u00e9phonique directe : 613 737-8255, poste 1<\/p>\n<hr \/>\n<p><strong>M\u00e9decin traitant :<\/strong> Une ordonnance du m\u00e9decin est exig\u00e9e. Veuillez imprimer, remplir et t\u00e9l\u00e9copier votre demande \u00e0 notre bureau principal : T\u00e9l\u00e9copieur : 613 737-8257<\/p>\n<hr \/>\n<p><strong>Adresse :<\/strong> 501, ch. Smyth, Ottawa, ON K1H 8L6, 2e \u00e9tage<\/p>\n<hr \/>\n<p>Les Services cardiorespiratoires sont situ\u00e9s au 2e \u00e9tage de l\u2019\u00e9difice principal de L\u2019H\u00f4pital d\u2019Ottawa (Campus G\u00e9n\u00e9ral). Pour nous trouver, utilisez l\u2019entr\u00e9e principale, prenez l\u2019ascenseur principal jusqu\u2019au 2e \u00e9tage, tournez \u00e0 droite en sortant de l\u2019ascenseur et suivez les affiches qui m\u00e8nent au module R.<\/p>\n<\/div>\n<\/div>\n","protected":false},"excerpt":{"rendered":"<p>\u00c0 propos de nous L\u2019\u00e9quipe des Services cardiorespiratoires de L\u2019H\u00f4pital d\u2019Ottawa offre des examens de la fonction respiratoire et des examens diagnostiques cardiaques non invasifs \u00e0 la client\u00e8le externe, au Campus G\u00e9n\u00e9ral. Notre but est de vous offrir un service rapide et courtois, ainsi que des examens coordonn\u00e9s qui vous permettront d\u2019obtenir un diagnostic pr\u00e9cis [&hellip;]<\/p>\n","protected":false},"author":25,"featured_media":0,"parent":8402,"menu_order":2,"comment_status":"closed","ping_status":"closed","template":"","meta":{"_acf_changed":false,"_mc_calendar":[],"footnotes":""},"class_list":["post-8420","page","type-page","status-publish","hentry"],"acf":[],"wps_subtitle":"","_links":{"self":[{"href":"https:\/\/www.ottawahospital.on.ca\/fr\/wp-json\/wp\/v2\/pages\/8420","targetHints":{"allow":["GET"]}}],"collection":[{"href":"https:\/\/www.ottawahospital.on.ca\/fr\/wp-json\/wp\/v2\/pages"}],"about":[{"href":"https:\/\/www.ottawahospital.on.ca\/fr\/wp-json\/wp\/v2\/types\/page"}],"author":[{"embeddable":true,"href":"https:\/\/www.ottawahospital.on.ca\/fr\/wp-json\/wp\/v2\/users\/25"}],"replies":[{"embeddable":true,"href":"https:\/\/www.ottawahospital.on.ca\/fr\/wp-json\/wp\/v2\/comments?post=8420"}],"version-history":[{"count":0,"href":"https:\/\/www.ottawahospital.on.ca\/fr\/wp-json\/wp\/v2\/pages\/8420\/revisions"}],"up":[{"embeddable":true,"href":"https:\/\/www.ottawahospital.on.ca\/fr\/wp-json\/wp\/v2\/pages\/8402"}],"wp:attachment":[{"href":"https:\/\/www.ottawahospital.on.ca\/fr\/wp-json\/wp\/v2\/media?parent=8420"}],"curies":[{"name":"wp","href":"https:\/\/api.w.org\/{rel}","templated":true}]}}