{"id":8412,"date":"2016-11-18T10:06:29","date_gmt":"2016-11-18T15:06:29","guid":{"rendered":"http:\/\/52.229.122.34\/fr\/?page_id=8412"},"modified":"2023-01-19T14:29:20","modified_gmt":"2023-01-19T19:29:20","slug":"cliniques-de-cardiologie","status":"publish","type":"page","link":"https:\/\/www.ottawahospital.on.ca\/fr\/services-cliniques\/deptpgrmcs\/cliniques-et-services\/cardiologie\/cliniques-de-cardiologie\/","title":{"rendered":"Cliniques de cardiologie"},"content":{"rendered":"<h2>Cliniques de cardiologie<\/h2>\n<p>L&rsquo;H\u00f4pital d&rsquo;Ottawa compte des cliniques de cardiologie organis\u00e9es o\u00f9 l\u2019on fournit tous les jours des soins aux patients atteints d\u2019une maladie cardiaque. Ces cliniques sont situ\u00e9es au campus g\u00e9n\u00e9ral (2e \u00e9tage, module R). Les cardiologues re\u00e7oivent les patients selon l\u2019urgence de leur \u00e9tat. Ces cliniques sont associ\u00e9es de pr\u00e8s aux services diagnostiques non effractifs comme l\u2019\u00e9chocardiographie et l\u2019\u00e9preuve d\u2019effort.<\/p>\n<p><strong>La Clinique de cardiologie-oncologie<\/strong> s\u2019occupe des patients atteints du cancer qui ont \u00e9galement une maladie cardiaque ou dont le traitement contre le cancer occasionne des complications cardiaques. On y traite uniquement des patients recommand\u00e9s par les m\u00e9decins affili\u00e9s au Centre de canc\u00e9rologie.<\/p>\n<p><strong>La Clinique de Cardio-Obst\u00e9trique<\/strong> est une clinique de cardiologie d\u00e9di\u00e9e \u00e0 l&rsquo;\u00e9valuation et aux soins des femmes atteintes d&rsquo;une maladie cardiaque av\u00e9r\u00e9e avant la grossesse, pendant la grossesse \/ l&rsquo;accouchement et apres l\u2019accouchement. Nous prodiguons \u00e9galement des soins aux femmes enceintes qui d\u00e9veloppent des sympt\u00f4mes de maladie cardiaque ou aux femmes qui ont d\u00e9j\u00e0 eu des complications cardiaques de grossesse. Nous sommes \u00e9troitement li\u00e9s au Centre de sant\u00e9 cardiaque des femmes de l\u2019Institut de cardiologie de l\u2019Universit\u00e9 d\u2019Ottawa, au programme de r\u00e9adaptation post-partum CardioPrevent de l\u2019ICUO et \u00e0 la Clinique des cardiopathies cong\u00e9nitales pour adultes de l\u2019ICUO. Les soins cardiaques sont fournis en collaboration avec des obst\u00e9triciens, des m\u00e9decins de m\u00e9decine maternelle et f\u0153tale, des anesth\u00e9siologistes, des n\u00e9onatologistes, des sp\u00e9cialistes de la m\u00e9decine interne, des endocrinologues, des g\u00e9n\u00e9ticiens m\u00e9dicaux et de la r\u00e9adaptation cardiaque. Nous acceptons et trions rapidement les demandes de consultations en fonction de l&rsquo;urgence des sympt\u00f4mes, du diagnostic et de la date pr\u00e9vue d&rsquo;accouchement. Les consultations dans cette clinique doivent \u00eatre r\u00e9f\u00e9r\u00e9es par un m\u00e9decin ou une infirmi\u00e8re praticienne.<\/p>\n<div class=\"contact-text-inner toh-blue\">\n<p class=\"contact-text\">Veuillez remplir le <a href=\"\/en\/documents\/2021\/05\/cardio-obstetrics-referral-form-may-2021.pdf\/\" target=\"_blank\" rel=\"noopener\">formulaire de r\u00e9f\u00e9rence<\/a> (En Anglais seulement) et t\u00e9l\u00e9copier au 613-739-6727 ou par courriel<\/p>\n<p><a class=\"email-btn\" href=\"mailto:cardiologygen@toh.ca\">cardiologygen@toh.ca<\/a><\/p>\n<\/div>\n<p><strong>La Clinique de v\u00e9rification des stimulateurs cardiaques<\/strong> fournit des soins de suivi aux patients qui se sont fait implanter un stimulateur cardiaque. Un m\u00e9decin peut \u00e9galement y diriger des patients qui n\u2019y re\u00e7oivent pas de soins de suivi. Au moment de pr\u00e9senter une demande de consultation, veuillez fournir des renseignements pertinents comme la date de l\u2019implantation, le type de stimulateur cardiaque et la raison pour laquelle il a \u00e9t\u00e9 implant\u00e9.<\/p>\n<h2>Prendre rendez-vous<\/h2>\n<p>Si vous \u00eates d\u00e9j\u00e0 un patient de l\u2019un de nos cardiologues, vous pouvez appeler 613-737-8582 pour prendre rendez-vous.<\/p>\n<p>Le jour du rendez-vous, veuillez arriver 15 minutes \u00e0 l\u2019avance et apporter :<\/p>\n<ul>\n<li>votre carte d\u2019assurance sant\u00e9 (OHIP)<\/li>\n<li>votre carte verte de l\u2019H\u00f4pital<\/li>\n<li>les m\u00e9dicaments que vous prenez, ou encore une liste de ces m\u00e9dicaments et des doses.<\/li>\n<li>Les patients qui ont besoin de soins urgents ou qui ne fr\u00e9quentent pas l\u2019une de nos cliniques doivent \u00eatre r\u00e9f\u00e9r\u00e9s par un m\u00e9decin. Un cardiologue effectue un triage rapide et re\u00e7oit les patients selon l\u2019urgence de leur \u00e9tat.<\/li>\n<\/ul>\n<p>Pour obtenir une consultation, le m\u00e9decin traitant doit transmettre par t\u00e9l\u00e9copieur 613-739-6727 la demande de consultation accompagn\u00e9e des renseignements suivants:<\/p>\n<ul>\n<li>r\u00e9sultats de tout examen cardiaque<\/li>\n<li>r\u00e9sultats des analyses de sang<\/li>\n<li>notes de consultations pr\u00e9c\u00e9dentes concernant des probl\u00e8mes cardiaques, sommaires de cong\u00e9, visites \u00e0 l\u2019urgence.<\/li>\n<\/ul>\n<div class=\"card\">\n<h2 class=\"card-header h2-mock\">Pour nous rejoindre<\/h2>\n<div class=\"card-body\">\n<p>Bureau de cardiologie : Pour les r\u00e9f\u00e9rences de consultation en cardiologie uniquement<br \/>\nT\u00e9l : 613-737-8582<br \/>\nT\u00e9l\u00e9copieur : 613-739-6727<\/p>\n<hr \/>\n<p>Campus G\u00e9n\u00e9ral : Module R (services diagnostiques non effractifs &amp; clinique de v\u00e9rification des stimulateurs cardiaques)<br \/>\nT\u00e9l. : 613-737-8255 poste 1<br \/>\nT\u00e9l\u00e9copieur\u00a0: 613-737-8257<\/p>\n<\/div>\n<\/div>\n","protected":false},"excerpt":{"rendered":"<p>Cliniques de cardiologie L&rsquo;H\u00f4pital d&rsquo;Ottawa compte des cliniques de cardiologie organis\u00e9es o\u00f9 l\u2019on fournit tous les jours des soins aux patients atteints d\u2019une maladie cardiaque. Ces cliniques sont situ\u00e9es au campus g\u00e9n\u00e9ral (2e \u00e9tage, module R). Les cardiologues re\u00e7oivent les patients selon l\u2019urgence de leur \u00e9tat. Ces cliniques sont associ\u00e9es de pr\u00e8s aux services diagnostiques [&hellip;]<\/p>\n","protected":false},"author":25,"featured_media":0,"parent":8402,"menu_order":1,"comment_status":"closed","ping_status":"closed","template":"","meta":{"_acf_changed":false,"_mc_calendar":[],"footnotes":""},"class_list":["post-8412","page","type-page","status-publish","hentry"],"acf":[],"wps_subtitle":"","_links":{"self":[{"href":"https:\/\/www.ottawahospital.on.ca\/fr\/wp-json\/wp\/v2\/pages\/8412","targetHints":{"allow":["GET"]}}],"collection":[{"href":"https:\/\/www.ottawahospital.on.ca\/fr\/wp-json\/wp\/v2\/pages"}],"about":[{"href":"https:\/\/www.ottawahospital.on.ca\/fr\/wp-json\/wp\/v2\/types\/page"}],"author":[{"embeddable":true,"href":"https:\/\/www.ottawahospital.on.ca\/fr\/wp-json\/wp\/v2\/users\/25"}],"replies":[{"embeddable":true,"href":"https:\/\/www.ottawahospital.on.ca\/fr\/wp-json\/wp\/v2\/comments?post=8412"}],"version-history":[{"count":0,"href":"https:\/\/www.ottawahospital.on.ca\/fr\/wp-json\/wp\/v2\/pages\/8412\/revisions"}],"up":[{"embeddable":true,"href":"https:\/\/www.ottawahospital.on.ca\/fr\/wp-json\/wp\/v2\/pages\/8402"}],"wp:attachment":[{"href":"https:\/\/www.ottawahospital.on.ca\/fr\/wp-json\/wp\/v2\/media?parent=8412"}],"curies":[{"name":"wp","href":"https:\/\/api.w.org\/{rel}","templated":true}]}}