{"id":8402,"date":"2016-11-18T10:00:55","date_gmt":"2016-11-18T15:00:55","guid":{"rendered":"http:\/\/52.229.122.34\/fr\/?page_id=8402"},"modified":"2023-01-19T14:20:07","modified_gmt":"2023-01-19T19:20:07","slug":"cardiologie","status":"publish","type":"page","link":"https:\/\/www.ottawahospital.on.ca\/fr\/services-cliniques\/deptpgrmcs\/cliniques-et-services\/cardiologie\/","title":{"rendered":"Cardiologie"},"content":{"rendered":"<h2>Notre \u00e9quipe et aper\u00e7u des services de cardiologie<\/h2>\n<p>La Division de cardiologie, situ\u00e9e au Campus g\u00e9n\u00e9ral, de L&rsquo;H\u00f4pital d&rsquo;Ottawa fournit des soins aux patients hospitalis\u00e9s et des services de consultation. Les cliniques ambulatoires, telles que les cliniques de cardiologie g\u00e9n\u00e9rale et de stimulateurs cardiaques, sont situ\u00e9es au campus g\u00e9n\u00e9ral. Nos cardiologues collaborent \u00e9troitement avec une \u00e9quipe de technologues et de personnel d\u00e9vou\u00e9s pour fournir \u00e0 nos patients des soins cardiaques de calibre mondial dans un milieu empreint de compassion.<\/p>\n<div class=\"card\">\n<h2 class=\"card-header h2-mock\">Lieu<\/h2>\n<div class=\"card-body\">\n<p>L&rsquo;H\u00f4pital d&rsquo;Ottawa &#8211; Campus G\u00e9n\u00e9ral<br \/>\nT\u00e9l\u00e9phone : 613-737-8582<br \/>\nT\u00e9l\u00e9copieur : 613-739-6727<\/p>\n<\/div>\n<\/div>\n<p><strong>Vous trouverez ci-dessous la liste des membres de la Division de cardiologie au Campus G\u00e9n\u00e9ral\u00a0:<\/strong><\/p>\n<p>Dr David Birnie &#8211; Chef de division<\/p>\n<p>Dr Christopher Johnson &#8211; Chef de site<\/p>\n<p>Dre Nadine Gauthier<\/p>\n<p>Dr Angeline Law<\/p>\n<p>Dr Habibat Garuba<\/p>\n<p>Dr John Dawdy<\/p>\n<p>Dr Fraz Umar<\/p>\n<p>Dr Elizabeth Chan<\/p>\n<p>Dr Hassan Alfraidi<\/p>\n<p><strong>Nos m\u00e9decins travaillent \u00e9galement en \u00e9troite collaboration avec plusieurs cliniques de cardiologie de la communaut\u00e9, \u00e9num\u00e9r\u00e9es ci-dessous :<\/strong><\/p>\n<p><a href=\"https:\/\/www.ottawacvcentre.com\/\" target=\"_blank\" rel=\"noopener\">Centre cardiovasculaire d&rsquo;Ottawa<\/a> (en Anglais seulement)<\/p>\n<p><a href=\"https:\/\/merivalecardiovascular.com\/\" target=\"_blank\" rel=\"noopener\">Merivale Cardiovascular Consultants<\/a> (en Anglais seulement)<\/p>\n<p><a href=\"https:\/\/capitalcardiology.ca\/\" target=\"_blank\" rel=\"noopener\">Capital Cardiology<\/a> (en Anglais seulement)<\/p>\n<p><a href=\"https:\/\/www.ocpg.clinic\/homefrench\" target=\"_blank\" rel=\"noopener\">Groupe Cardiopumonaire d&rsquo;Orl\u00e9ans<\/a><\/p>\n<p>Si vous \u00eates suivi par l&rsquo;un de nos m\u00e9decins dans leur clinique communautaire priv\u00e9e, assurez-vous de diriger vos communications (appels t\u00e9l\u00e9phoniques, courriels, demandes de renseignements) vers le bureau appropri\u00e9.<\/p>\n","protected":false},"excerpt":{"rendered":"<p>Notre \u00e9quipe et aper\u00e7u des services de cardiologie La Division de cardiologie, situ\u00e9e au Campus g\u00e9n\u00e9ral, de L&rsquo;H\u00f4pital d&rsquo;Ottawa fournit des soins aux patients hospitalis\u00e9s et des services de consultation. Les cliniques ambulatoires, telles que les cliniques de cardiologie g\u00e9n\u00e9rale et de stimulateurs cardiaques, sont situ\u00e9es au campus g\u00e9n\u00e9ral. Nos cardiologues collaborent \u00e9troitement avec une [&hellip;]<\/p>\n","protected":false},"author":25,"featured_media":0,"parent":7872,"menu_order":8,"comment_status":"closed","ping_status":"closed","template":"","meta":{"_acf_changed":false,"_mc_calendar":[],"footnotes":""},"class_list":["post-8402","page","type-page","status-publish","hentry"],"acf":[],"wps_subtitle":"","_links":{"self":[{"href":"https:\/\/www.ottawahospital.on.ca\/fr\/wp-json\/wp\/v2\/pages\/8402","targetHints":{"allow":["GET"]}}],"collection":[{"href":"https:\/\/www.ottawahospital.on.ca\/fr\/wp-json\/wp\/v2\/pages"}],"about":[{"href":"https:\/\/www.ottawahospital.on.ca\/fr\/wp-json\/wp\/v2\/types\/page"}],"author":[{"embeddable":true,"href":"https:\/\/www.ottawahospital.on.ca\/fr\/wp-json\/wp\/v2\/users\/25"}],"replies":[{"embeddable":true,"href":"https:\/\/www.ottawahospital.on.ca\/fr\/wp-json\/wp\/v2\/comments?post=8402"}],"version-history":[{"count":0,"href":"https:\/\/www.ottawahospital.on.ca\/fr\/wp-json\/wp\/v2\/pages\/8402\/revisions"}],"up":[{"embeddable":true,"href":"https:\/\/www.ottawahospital.on.ca\/fr\/wp-json\/wp\/v2\/pages\/7872"}],"wp:attachment":[{"href":"https:\/\/www.ottawahospital.on.ca\/fr\/wp-json\/wp\/v2\/media?parent=8402"}],"curies":[{"name":"wp","href":"https:\/\/api.w.org\/{rel}","templated":true}]}}