{"id":84,"date":"2015-09-14T23:56:14","date_gmt":"2015-09-15T03:56:14","guid":{"rendered":"http:\/\/toh.masm.ca\/fr\/?page_id=84"},"modified":"2024-10-08T08:41:05","modified_gmt":"2024-10-08T12:41:05","slug":"patients-et-visiteurs","status":"publish","type":"page","link":"https:\/\/www.ottawahospital.on.ca\/fr\/patients-et-visiteurs\/","title":{"rendered":"Patients et visiteurs"},"content":{"rendered":"<div class=\"landingpage-box\">\n<div class=\"landingpage-feature col-lg-6 col-md-12\">\n<h3 class=\"border-top-radius\">Conseils sur la s\u00e9curit\u00e9 des patients<\/h3>\n<p>\u00c0 L\u2019H\u00f4pital d\u2019Ottawa, la s\u00e9curit\u00e9 des patients fait partie de nos priorit\u00e9s.\u00a0Les patients ont un r\u00f4le important \u00e0 jouer \u00e0 chaque \u00e9tape de leurs soins de sant\u00e9 et les conseils pratiques sur la s\u00e9curit\u00e9 serviront \u00e0 les encourager \u00e0 participer davantage \u00e0 leurs soins de sant\u00e9.<\/p>\n<p><a href=\"\/fr\/qualite-et-securite\/conseils-sur-la-securite-des-patients\/\">En savoir plus sur la s\u00e9curit\u00e9 des patients<\/a><\/p>\n<\/div>\n<div class=\"landingpage-feature col-lg-6 col-md-12 nopadding\">\n<h3>Accessibilit\u00e9<\/h3>\n<p>L\u2019H\u00f4pital d\u2019Ottawa s\u2019engage \u00e0 fournir \u00e0 tous les m\u00eames possibilit\u00e9s d\u2019acc\u00e9der aux services hospitaliers et d\u2019en b\u00e9n\u00e9ficier, en identifiant, en \u00e9liminant et en pr\u00e9venant les obstacles afin de promouvoir des soins et des services accessibles et inclusifs.<\/p>\n<p><a href=\"https:\/\/www.ottawahospital.on.ca\/fr\/patients-et-visiteurs\/accessibilite\/\">En savoir plus sur l&rsquo;accessibilit\u00e9<\/a><\/p>\n<\/div>\n<\/div>\n","protected":false},"excerpt":{"rendered":"<p>Conseils sur la s\u00e9curit\u00e9 des patients \u00c0 L\u2019H\u00f4pital d\u2019Ottawa, la s\u00e9curit\u00e9 des patients fait partie de nos priorit\u00e9s.\u00a0Les patients ont un r\u00f4le important \u00e0 jouer \u00e0 chaque \u00e9tape de leurs soins de sant\u00e9 et les conseils pratiques sur la s\u00e9curit\u00e9 serviront \u00e0 les encourager \u00e0 participer davantage \u00e0 leurs soins de sant\u00e9. En savoir plus [&hellip;]<\/p>\n","protected":false},"author":25,"featured_media":0,"parent":0,"menu_order":0,"comment_status":"closed","ping_status":"closed","template":"template_landingpage.php","meta":{"_acf_changed":false,"_mc_calendar":[],"footnotes":""},"class_list":["post-84","page","type-page","status-publish","hentry"],"acf":[],"wps_subtitle":"","_links":{"self":[{"href":"https:\/\/www.ottawahospital.on.ca\/fr\/wp-json\/wp\/v2\/pages\/84","targetHints":{"allow":["GET"]}}],"collection":[{"href":"https:\/\/www.ottawahospital.on.ca\/fr\/wp-json\/wp\/v2\/pages"}],"about":[{"href":"https:\/\/www.ottawahospital.on.ca\/fr\/wp-json\/wp\/v2\/types\/page"}],"author":[{"embeddable":true,"href":"https:\/\/www.ottawahospital.on.ca\/fr\/wp-json\/wp\/v2\/users\/25"}],"replies":[{"embeddable":true,"href":"https:\/\/www.ottawahospital.on.ca\/fr\/wp-json\/wp\/v2\/comments?post=84"}],"version-history":[{"count":0,"href":"https:\/\/www.ottawahospital.on.ca\/fr\/wp-json\/wp\/v2\/pages\/84\/revisions"}],"wp:attachment":[{"href":"https:\/\/www.ottawahospital.on.ca\/fr\/wp-json\/wp\/v2\/media?parent=84"}],"curies":[{"name":"wp","href":"https:\/\/api.w.org\/{rel}","templated":true}]}}